{"id":2838,"date":"2023-07-12T08:06:26","date_gmt":"2023-07-12T08:06:26","guid":{"rendered":"https:\/\/maynenkhithuanphat.com.vn\/?post_type=product&#038;p=2838"},"modified":"2024-02-29T21:45:24","modified_gmt":"2024-02-29T21:45:24","slug":"may-phat-dien-dong-co-sdec","status":"publish","type":"product","link":"https:\/\/maynenkhithuanphat.com.vn\/?product=may-phat-dien-dong-co-sdec","title":{"rendered":"M\u00e1y ph\u00e1t \u0111i\u1ec7n \u0111\u1ed9ng c\u01a1 SDEC"},"content":{"rendered":"<p><strong><a href=\"https:\/\/maynenkhithuanphat.com.vn\/\">M\u00e1y ph\u00e1t \u0111i\u1ec7n SDEC<\/a><\/strong>\u00a0l\u00e0 lo\u1ea1i m\u00e1y ph\u00e1t \u0111i\u1ec7n \u0111\u01b0\u1ee3c s\u1ea3n xu\u1ea5t b\u1edfi c\u00f4ng ty SDEC (Shanghai Diesel Engine Co., Ltd.), m\u1ed9t c\u00f4ng ty h\u00e0ng \u0111\u1ea7u v\u1ec1 s\u1ea3n xu\u1ea5t \u0111\u1ed9ng c\u01a1 diesel v\u00e0 c\u00e1c s\u1ea3n ph\u1ea9m li\u00ean quan t\u1ea1i Trung Qu\u1ed1c. M\u00e1y ph\u00e1t \u0111i\u1ec7n SDEC th\u01b0\u1eddng \u0111\u01b0\u1ee3c \u01b0a chu\u1ed9ng b\u1edfi t\u00ednh \u1ed5n \u0111\u1ecbnh, hi\u1ec7u su\u1ea5t cao, \u0111\u1ed9 b\u1ec1n v\u00e0 \u0111\u1ed9 tin c\u1eady cao.<\/p>\n<p>N\u1ebfu kh\u00f4ng \u0111\u1ee7 kinh ph\u00ed \u0111\u1ec3 mua m\u00e1y ph\u00e1t \u0111i\u1ec7n \u0111\u1ed9ng c\u01a1 c\u1ee7a M\u1ef9, Ch\u00e2u \u00c2u, th\u00ec \u0111\u00e2y l\u00e0 d\u00f2ng m\u00e1y ph\u00e1t \u0111i\u1ec7n ph\u00e2n kh\u00fac t\u1ea7m trung ph\u00f9 h\u1ee3p v\u1edbi chi ph\u00ed v\u00e0 ch\u1ea5t l\u01b0\u1ee3ng \u1ed5n \u0111\u1ecbnh.<\/p>\n<p><img decoding=\"async\" loading=\"lazy\" class=\" wp-image-2839 aligncenter\" src=\"https:\/\/maynenkhithuanphat.com.vn\/wp-content\/uploads\/2023\/07\/z4411995410736_3283673037d663eb0080d3fad3a807a2-300x169.jpg\" alt=\"\" width=\"517\" height=\"291\" srcset=\"https:\/\/maynenkhithuanphat.com.vn\/wp-content\/uploads\/2023\/07\/z4411995410736_3283673037d663eb0080d3fad3a807a2-300x169.jpg 300w, https:\/\/maynenkhithuanphat.com.vn\/wp-content\/uploads\/2023\/07\/z4411995410736_3283673037d663eb0080d3fad3a807a2-510x287.jpg 510w, https:\/\/maynenkhithuanphat.com.vn\/wp-content\/uploads\/2023\/07\/z4411995410736_3283673037d663eb0080d3fad3a807a2-1024x576.jpg 1024w, https:\/\/maynenkhithuanphat.com.vn\/wp-content\/uploads\/2023\/07\/z4411995410736_3283673037d663eb0080d3fad3a807a2-768x432.jpg 768w, https:\/\/maynenkhithuanphat.com.vn\/wp-content\/uploads\/2023\/07\/z4411995410736_3283673037d663eb0080d3fad3a807a2-50x28.jpg 50w, https:\/\/maynenkhithuanphat.com.vn\/wp-content\/uploads\/2023\/07\/z4411995410736_3283673037d663eb0080d3fad3a807a2.jpg 1280w\" sizes=\"(max-width: 517px) 100vw, 517px\" \/><\/p>\n<p>&nbsp;<\/p>\n<p><img decoding=\"async\" loading=\"lazy\" class=\"wp-image-2840 aligncenter\" src=\"https:\/\/maynenkhithuanphat.com.vn\/wp-content\/uploads\/2023\/07\/z4411198613955_5949f75e57b9f2b16aaad4e765e00e85-300x225.jpg\" alt=\"\" width=\"519\" height=\"389\" srcset=\"https:\/\/maynenkhithuanphat.com.vn\/wp-content\/uploads\/2023\/07\/z4411198613955_5949f75e57b9f2b16aaad4e765e00e85-300x225.jpg 300w, https:\/\/maynenkhithuanphat.com.vn\/wp-content\/uploads\/2023\/07\/z4411198613955_5949f75e57b9f2b16aaad4e765e00e85-510x382.jpg 510w, https:\/\/maynenkhithuanphat.com.vn\/wp-content\/uploads\/2023\/07\/z4411198613955_5949f75e57b9f2b16aaad4e765e00e85-1024x768.jpg 1024w, https:\/\/maynenkhithuanphat.com.vn\/wp-content\/uploads\/2023\/07\/z4411198613955_5949f75e57b9f2b16aaad4e765e00e85-768x576.jpg 768w, https:\/\/maynenkhithuanphat.com.vn\/wp-content\/uploads\/2023\/07\/z4411198613955_5949f75e57b9f2b16aaad4e765e00e85-1536x1152.jpg 1536w, https:\/\/maynenkhithuanphat.com.vn\/wp-content\/uploads\/2023\/07\/z4411198613955_5949f75e57b9f2b16aaad4e765e00e85-50x37.jpg 50w, https:\/\/maynenkhithuanphat.com.vn\/wp-content\/uploads\/2023\/07\/z4411198613955_5949f75e57b9f2b16aaad4e765e00e85.jpg 1702w\" sizes=\"(max-width: 519px) 100vw, 519px\" \/><\/p>\n<p>&nbsp;<\/p>\n<table width=\"637\">\n<tbody>\n<tr>\n<td colspan=\"4\" width=\"246\"><b>TH\u00d4NG\u00a0S\u1ed0\u00a0K\u1ef8\u00a0THU\u1eacT\u00a0M\u00c1Y\u00a0PH\u00c1T\u00a0\u0110I\u1ec6N<\/b><\/td>\n<td colspan=\"7\" width=\"391\"><b>TH\u00d4NG\u00a0S\u1ed0\u00a0K\u1ef8\u00a0THU\u1eacT\u00a0\u0110\u1ed8NG\u00a0C\u01a0<\/b><\/td>\n<\/tr>\n<tr>\n<td width=\"50\">Model<\/td>\n<td width=\"54\">C\u00f4ng\u00a0su\u1ea5t\u00a0(Kw)<\/td>\n<td width=\"95\">K\u00edch\u00a0th\u01b0\u1edbc\u00a0(L*W*H)<\/td>\n<td width=\"46\">Tr\u1ecdng\u00a0l\u01b0\u1ee3ng<\/td>\n<td width=\"80\">Model\u00a0\u0111\u1ed9ng\u00a0c\u01a1<\/td>\n<td width=\"56\">C\u00f4ng\u00a0su\u1ea5t\u00a0(Kw)<\/td>\n<td width=\"61\">\u0110\u01b0\u1eddng\u00a0k\u00ednh\/\u00a0h\u00e0nh\u00a0tr\u00ecnh\u00a0(mm)<\/td>\n<td width=\"42\">S\u1ed1\u00a0xi\u00a0lanh<\/td>\n<td width=\"49\">Dung t\u00edch xilanh (L)<\/td>\n<td width=\"49\">Dung t\u00edch d\u1ea7u b\u00f4i tr\u01a1n (L)<\/td>\n<td width=\"51\">\n<table class=\"NormalTable\">\n<tbody>\n<tr>\n<td width=\"81\"><span class=\"fontstyle0\">M\u1ee9c ti\u00eau<br \/>\nhao nhi\u00ean<br \/>\nli\u1ec7u<br \/>\n(g\/kw-h)<\/span><\/td>\n<\/tr>\n<\/tbody>\n<\/table>\n<\/td>\n<\/tr>\n<tr>\n<td width=\"50\">FKS-S50<\/td>\n<td width=\"54\">45\/50<\/td>\n<td width=\"95\">1910*893*1170<\/td>\n<td width=\"46\">940<\/td>\n<td width=\"80\">SC4H95D2<\/td>\n<td width=\"56\">62\/68<\/td>\n<td width=\"61\">105*124<\/td>\n<td width=\"42\">4<\/td>\n<td width=\"49\">4.3<\/td>\n<td width=\"49\">15<\/td>\n<td width=\"51\">204<\/td>\n<\/tr>\n<tr>\n<td width=\"50\">FKS-S70<\/td>\n<td width=\"54\">62\/70<\/td>\n<td width=\"95\">1950*893*1170<\/td>\n<td width=\"46\">1120<\/td>\n<td width=\"80\">SC4H115D2<\/td>\n<td width=\"56\">78\/86<\/td>\n<td width=\"61\">105*124<\/td>\n<td width=\"42\">4<\/td>\n<td width=\"49\">4.3<\/td>\n<td width=\"49\">15<\/td>\n<td width=\"51\">204<\/td>\n<\/tr>\n<tr>\n<td width=\"50\">FKS-S90<\/td>\n<td width=\"54\">90\/100<\/td>\n<td width=\"95\">2060*933*1185<\/td>\n<td width=\"46\">1650<\/td>\n<td width=\"80\">SC4H160D2<\/td>\n<td width=\"56\">105\/115.5<\/td>\n<td width=\"61\">105*124<\/td>\n<td width=\"42\">4<\/td>\n<td width=\"49\">4.3<\/td>\n<td width=\"49\">15<\/td>\n<td width=\"51\">198<\/td>\n<\/tr>\n<tr>\n<td width=\"50\">FKS-S100<\/td>\n<td width=\"54\">100\/110<\/td>\n<td width=\"95\">2100*933*1185<\/td>\n<td width=\"46\">1720<\/td>\n<td width=\"80\">SC4H180D2<\/td>\n<td width=\"56\">120\/132<\/td>\n<td width=\"61\">105*124<\/td>\n<td width=\"42\">4<\/td>\n<td width=\"49\">4.3<\/td>\n<td width=\"49\">15<\/td>\n<td width=\"51\">198<\/td>\n<\/tr>\n<tr>\n<td width=\"50\">FKS-S120<\/td>\n<td width=\"54\">110\/120<\/td>\n<td width=\"95\">2300*940*1200<\/td>\n<td width=\"46\">1760<\/td>\n<td width=\"80\">SC8D220D2<\/td>\n<td width=\"56\">146\/160<\/td>\n<td width=\"61\">114*135<\/td>\n<td width=\"42\">6<\/td>\n<td width=\"49\">8.27<\/td>\n<td width=\"49\">22<\/td>\n<td width=\"51\">200<\/td>\n<\/tr>\n<tr>\n<td width=\"50\">FKS-S132<\/td>\n<td width=\"54\">120\/132<\/td>\n<td width=\"95\">2446*940*1376<\/td>\n<td width=\"46\">1830<\/td>\n<td width=\"80\">SC7H230D2<\/td>\n<td width=\"56\">155\/170.5<\/td>\n<td width=\"61\">105*124<\/td>\n<td width=\"42\">6<\/td>\n<td width=\"49\">6.5<\/td>\n<td width=\"49\">20<\/td>\n<td width=\"51\">193<\/td>\n<\/tr>\n<tr>\n<td width=\"50\">FKS-S165<\/td>\n<td width=\"54\">150\/165<\/td>\n<td width=\"95\">2446*940*1376<\/td>\n<td width=\"46\">2100<\/td>\n<td width=\"80\">SC7H250D2<\/td>\n<td width=\"56\">168\/184.8<\/td>\n<td width=\"61\">105*124<\/td>\n<td width=\"42\">6<\/td>\n<td width=\"49\">6.5<\/td>\n<td width=\"49\">20<\/td>\n<td width=\"51\">193<\/td>\n<\/tr>\n<tr>\n<td width=\"50\">FKS-S180<\/td>\n<td width=\"54\">160\/180<\/td>\n<td width=\"95\">2515*980*1500<\/td>\n<td width=\"46\">2230<\/td>\n<td width=\"80\">SC8D280D2<\/td>\n<td width=\"56\">185\/204<\/td>\n<td width=\"61\">114*135<\/td>\n<td width=\"42\">6<\/td>\n<td width=\"49\">8.2<\/td>\n<td width=\"49\">22<\/td>\n<td width=\"51\">200<\/td>\n<\/tr>\n<tr>\n<td width=\"50\">FKS-S200<\/td>\n<td width=\"54\">180\/200<\/td>\n<td width=\"95\">2515*980*1500<\/td>\n<td width=\"46\">2230<\/td>\n<td width=\"80\">SC13G310D2<\/td>\n<td width=\"56\">206\/227<\/td>\n<td width=\"61\">135*150<\/td>\n<td width=\"42\">6<\/td>\n<td width=\"49\">12.88<\/td>\n<td width=\"49\">33<\/td>\n<td width=\"51\">200<\/td>\n<\/tr>\n<tr>\n<td width=\"50\">FKS-S200<\/td>\n<td width=\"54\">180\/200<\/td>\n<td width=\"95\">2706*1040*1486<\/td>\n<td width=\"46\">2360<\/td>\n<td width=\"80\">SC9D310D2<\/td>\n<td width=\"56\">207\/228<\/td>\n<td width=\"61\">114*135<\/td>\n<td width=\"42\">6<\/td>\n<td width=\"49\">8.27<\/td>\n<td width=\"49\">22<\/td>\n<td width=\"51\">200<\/td>\n<\/tr>\n<tr>\n<td width=\"50\">FKS-S220<\/td>\n<td width=\"54\">200\/220<\/td>\n<td width=\"95\">2706*1040*1486<\/td>\n<td width=\"46\">2480<\/td>\n<td width=\"80\">SC9D340D2<\/td>\n<td width=\"56\">228\/255<\/td>\n<td width=\"61\">114*135<\/td>\n<td width=\"42\">6<\/td>\n<td width=\"49\">8.82<\/td>\n<td width=\"49\">27<\/td>\n<td width=\"51\">200<\/td>\n<\/tr>\n<tr>\n<td width=\"50\">FKS-S250<\/td>\n<td width=\"54\">220\/250<\/td>\n<td width=\"95\">3000*1040*1500<\/td>\n<td width=\"46\">2630<\/td>\n<td width=\"80\">SC13G355D2<\/td>\n<td width=\"56\">236\/260<\/td>\n<td width=\"61\">135*150<\/td>\n<td width=\"42\">6<\/td>\n<td width=\"49\">12.88<\/td>\n<td width=\"49\">33<\/td>\n<td width=\"51\">200<\/td>\n<\/tr>\n<tr>\n<td width=\"50\">FKS-S280<\/td>\n<td width=\"54\">250\/280<\/td>\n<td width=\"95\">3156*1230*1674<\/td>\n<td width=\"46\">2730<\/td>\n<td width=\"80\">SC13G420D2<\/td>\n<td width=\"56\">280\/308<\/td>\n<td width=\"61\">135*150<\/td>\n<td width=\"42\">6<\/td>\n<td width=\"49\">12.88<\/td>\n<td width=\"49\">33<\/td>\n<td width=\"51\">200<\/td>\n<\/tr>\n<tr>\n<td width=\"50\">FKS-S300<\/td>\n<td width=\"54\">270\/300<\/td>\n<td width=\"95\">3156*1230*1674<\/td>\n<td width=\"46\">2900<\/td>\n<td width=\"80\">SC12E460D2<\/td>\n<td width=\"56\">307\/338<\/td>\n<td width=\"61\">128*153<\/td>\n<td width=\"42\">6<\/td>\n<td width=\"49\">11.8<\/td>\n<td width=\"49\">37<\/td>\n<td width=\"51\">192<\/td>\n<\/tr>\n<tr>\n<td width=\"50\">FKS-S330<\/td>\n<td width=\"54\">300\/330<\/td>\n<td width=\"95\">3156*1230*1674<\/td>\n<td width=\"46\">3200<\/td>\n<td width=\"80\">SC15G500D2<\/td>\n<td width=\"56\">340\/373<\/td>\n<td width=\"61\">135*165<\/td>\n<td width=\"42\">6<\/td>\n<td width=\"49\">14.16<\/td>\n<td width=\"49\">33<\/td>\n<td width=\"51\">200<\/td>\n<\/tr>\n<tr>\n<td width=\"50\">FKS-S330<\/td>\n<td width=\"54\">300\/330<\/td>\n<td width=\"95\">3156*1230*1674<\/td>\n<td width=\"46\">3200<\/td>\n<td width=\"80\">SC12E500D2<\/td>\n<td width=\"56\">330\/370<\/td>\n<td width=\"61\">128*153<\/td>\n<td width=\"42\">6<\/td>\n<td width=\"49\">11.8<\/td>\n<td width=\"49\">37<\/td>\n<td width=\"51\">192<\/td>\n<\/tr>\n<tr>\n<td width=\"50\">FKS-S400<\/td>\n<td width=\"54\">360\/400<\/td>\n<td width=\"95\">3533*1400*1992<\/td>\n<td width=\"46\">4000<\/td>\n<td width=\"80\">SC25G610D2<\/td>\n<td width=\"56\">405\/445<\/td>\n<td width=\"61\">135*15<\/td>\n<td width=\"42\">12<\/td>\n<td width=\"49\">25.8<\/td>\n<td width=\"49\">65<\/td>\n<td width=\"51\">202<\/td>\n<\/tr>\n<tr>\n<td width=\"50\">FKS-S440<\/td>\n<td width=\"54\">400\/440<\/td>\n<td width=\"95\">3548*1400*1992<\/td>\n<td width=\"46\">4000<\/td>\n<td width=\"80\">SC25G690D2<\/td>\n<td width=\"56\">459\/505<\/td>\n<td width=\"61\">135*150<\/td>\n<td width=\"42\">12<\/td>\n<td width=\"49\">25.8<\/td>\n<td width=\"49\">65<\/td>\n<td width=\"51\">202<\/td>\n<\/tr>\n<tr>\n<td width=\"50\">FKS-S500<\/td>\n<td width=\"54\">450\/500<\/td>\n<td width=\"95\">3548*1400*1992<\/td>\n<td width=\"46\">4200<\/td>\n<td width=\"80\">SC27G755D2<\/td>\n<td width=\"56\">505\/555<\/td>\n<td width=\"61\">135*155<\/td>\n<td width=\"42\">12<\/td>\n<td width=\"49\">25.8<\/td>\n<td width=\"49\">65<\/td>\n<td width=\"51\">202<\/td>\n<\/tr>\n<tr>\n<td width=\"50\">FKS-S550<\/td>\n<td width=\"54\">500\/550<\/td>\n<td width=\"95\">3548*1400*1992<\/td>\n<td width=\"46\">4500<\/td>\n<td width=\"80\">SC27G830D2<\/td>\n<td width=\"56\">555\/610<\/td>\n<td width=\"61\">135*155<\/td>\n<td width=\"42\">12<\/td>\n<td width=\"49\">25.8<\/td>\n<td width=\"49\">65<\/td>\n<td width=\"51\">202<\/td>\n<\/tr>\n<tr>\n<td width=\"50\">FKS-S600<\/td>\n<td width=\"54\">550\/600<\/td>\n<td width=\"95\">3548*1400*1992<\/td>\n<td width=\"46\">4500<\/td>\n<td width=\"80\">SC27G900D2<\/td>\n<td width=\"56\">600\/662<\/td>\n<td width=\"61\">135*155<\/td>\n<td width=\"42\">12<\/td>\n<td width=\"49\">25.8<\/td>\n<td width=\"49\">65<\/td>\n<td width=\"51\">202<\/td>\n<\/tr>\n<tr>\n<td width=\"50\">FKS-S660<\/td>\n<td width=\"54\">600\/660<\/td>\n<td width=\"95\">4362*1570*2135<\/td>\n<td width=\"46\">6500<\/td>\n<td width=\"80\">SC33W990D2<\/td>\n<td width=\"56\">660\/726<\/td>\n<td width=\"61\">180*215<\/td>\n<td width=\"42\">6<\/td>\n<td width=\"49\">32.8<\/td>\n<td width=\"49\">75<\/td>\n<td width=\"51\">205<\/td>\n<\/tr>\n<tr>\n<td width=\"50\">FKS-S800<\/td>\n<td width=\"54\">728\/800<\/td>\n<td width=\"95\">4362*1775*2378<\/td>\n<td width=\"46\">7300<\/td>\n<td width=\"80\">SC33W1150D2<\/td>\n<td width=\"56\">780\/860<\/td>\n<td width=\"61\">180*215<\/td>\n<td width=\"42\">6<\/td>\n<td width=\"49\">32.8<\/td>\n<td width=\"49\">75<\/td>\n<td width=\"51\">205<\/td>\n<\/tr>\n<\/tbody>\n<\/table>\n<p>&nbsp;<\/p>\n<p>&nbsp;<\/p>\n<p>&nbsp;<\/p>\n<p>&nbsp;<\/p>\n<p>&nbsp;<\/p>\n<p>&nbsp;<\/p>\n<p>&nbsp;<\/p>\n<p>&nbsp;<\/p>\n<p>&nbsp;<\/p>\n<p>&nbsp;<\/p>\n<p>&nbsp;<\/p>\n<p>&nbsp;<\/p>\n<p>&nbsp;<\/p>\n<p>&nbsp;<\/p>\n<p>&nbsp;<\/p>\n","protected":false},"excerpt":{"rendered":"<p>M\u00e1y ph\u00e1t \u0111i\u1ec7n SDEC\u00a0l\u00e0 lo\u1ea1i m\u00e1y ph\u00e1t \u0111i\u1ec7n \u0111\u01b0\u1ee3c s\u1ea3n xu\u1ea5t b\u1edfi c\u00f4ng ty SDEC (Shanghai Diesel Engine Co., Ltd.), m\u1ed9t c\u00f4ng ty h\u00e0ng \u0111\u1ea7u v\u1ec1 s\u1ea3n xu\u1ea5t \u0111\u1ed9ng c\u01a1 diesel v\u00e0 c\u00e1c s\u1ea3n ph\u1ea9m li\u00ean quan t\u1ea1i Trung Qu\u1ed1c. M\u00e1y ph\u00e1t \u0111i\u1ec7n SDEC th\u01b0\u1eddng \u0111\u01b0\u1ee3c \u01b0a chu\u1ed9ng b\u1edfi t\u00ednh \u1ed5n \u0111\u1ecbnh, hi\u1ec7u su\u1ea5t cao, [&#8230;]\n","protected":false},"featured_media":2842,"comment_status":"open","ping_status":"closed","template":"","meta":[],"product_cat":[587],"product_tag":[],"yoast_head":"<!-- This site is optimized with the Yoast SEO plugin v16.5 - https:\/\/yoast.com\/wordpress\/plugins\/seo\/ -->\n<title>M\u00e1y ph\u00e1t \u0111i\u1ec7n \u0111\u1ed9ng c\u01a1 SDEC<\/title>\n<meta name=\"description\" content=\"M\u00e1y ph\u00e1t \u0111i\u1ec7n \u0111\u1ed9ng c\u01a1 SDEC\" \/>\n<meta name=\"robots\" content=\"index, follow, max-snippet:-1, max-image-preview:large, max-video-preview:-1\" \/>\n<link rel=\"canonical\" href=\"https:\/\/maynenkhithuanphat.com.vn\/?product=may-phat-dien-dong-co-sdec\" \/>\n<meta property=\"og:locale\" content=\"vi_VN\" \/>\n<meta property=\"og:type\" content=\"article\" \/>\n<meta property=\"og:title\" content=\"M\u00e1y ph\u00e1t \u0111i\u1ec7n \u0111\u1ed9ng c\u01a1 SDEC\" \/>\n<meta property=\"og:description\" content=\"M\u00e1y ph\u00e1t \u0111i\u1ec7n \u0111\u1ed9ng c\u01a1 SDEC\" \/>\n<meta property=\"og:url\" content=\"https:\/\/maynenkhithuanphat.com.vn\/?product=may-phat-dien-dong-co-sdec\" \/>\n<meta property=\"og:site_name\" content=\"M\u00e1y N\u00e9n Kh\u00ed Thu\u1eadn Ph\u00e1t\" \/>\n<meta property=\"article:publisher\" content=\"https:\/\/www.facebook.com\/phat.thuan.370177\/\" \/>\n<meta property=\"article:modified_time\" content=\"2024-02-29T21:45:24+00:00\" \/>\n<meta property=\"og:image\" content=\"https:\/\/maynenkhithuanphat.com.vn\/wp-content\/uploads\/2023\/07\/z4428988586038_a78447dabc0ab37c4e8168a7b0d7df34.jpg\" \/>\n\t<meta property=\"og:image:width\" content=\"750\" \/>\n\t<meta property=\"og:image:height\" content=\"750\" \/>\n<meta name=\"twitter:card\" content=\"summary_large_image\" \/>\n<meta name=\"twitter:label1\" content=\"\u01af\u1edbc t\u00ednh th\u1eddi gian \u0111\u1ecdc\" \/>\n\t<meta name=\"twitter:data1\" content=\"3 ph\u00fat\" \/>\n<script type=\"application\/ld+json\" class=\"yoast-schema-graph\">{\"@context\":\"https:\/\/schema.org\",\"@graph\":[{\"@type\":\"Organization\",\"@id\":\"https:\/\/maynenkhithuanphat.com.vn\/#organization\",\"name\":\"C\\u00f4ng ty TNHH PT XNK Thu\\u1eadn Ph\\u00e1t\",\"url\":\"https:\/\/maynenkhithuanphat.com.vn\/\",\"sameAs\":[\"https:\/\/www.facebook.com\/phat.thuan.370177\/\",\"https:\/\/www.instagram.com\/phat.thuan.370177\/\",\"https:\/\/www.youtube.com\/channel\/UCWRaaKUOooP_xTqnN5ds1eg\/featured\",\"https:\/\/www.pinterest.com\/maynenkhithuanphat\/_created\/\"],\"logo\":{\"@type\":\"ImageObject\",\"@id\":\"https:\/\/maynenkhithuanphat.com.vn\/#logo\",\"inLanguage\":\"vi\",\"url\":\"https:\/\/maynenkhithuanphat.com.vn\/wp-content\/uploads\/2018\/05\/logo-1.png\",\"contentUrl\":\"https:\/\/maynenkhithuanphat.com.vn\/wp-content\/uploads\/2018\/05\/logo-1.png\",\"width\":500,\"height\":104,\"caption\":\"C\\u00f4ng ty TNHH PT XNK Thu\\u1eadn Ph\\u00e1t\"},\"image\":{\"@id\":\"https:\/\/maynenkhithuanphat.com.vn\/#logo\"}},{\"@type\":\"WebSite\",\"@id\":\"https:\/\/maynenkhithuanphat.com.vn\/#website\",\"url\":\"https:\/\/maynenkhithuanphat.com.vn\/\",\"name\":\"M\\u00e1y N\\u00e9n Kh\\u00ed Thu\\u1eadn Ph\\u00e1t\",\"description\":\"\",\"publisher\":{\"@id\":\"https:\/\/maynenkhithuanphat.com.vn\/#organization\"},\"potentialAction\":[{\"@type\":\"SearchAction\",\"target\":\"https:\/\/maynenkhithuanphat.com.vn\/?s={search_term_string}\",\"query-input\":\"required name=search_term_string\"}],\"inLanguage\":\"vi\"},{\"@type\":\"ImageObject\",\"@id\":\"https:\/\/maynenkhithuanphat.com.vn\/?product=may-phat-dien-dong-co-sdec#primaryimage\",\"inLanguage\":\"vi\",\"url\":\"https:\/\/maynenkhithuanphat.com.vn\/wp-content\/uploads\/2023\/07\/z4428988586038_a78447dabc0ab37c4e8168a7b0d7df34.jpg\",\"contentUrl\":\"https:\/\/maynenkhithuanphat.com.vn\/wp-content\/uploads\/2023\/07\/z4428988586038_a78447dabc0ab37c4e8168a7b0d7df34.jpg\",\"width\":750,\"height\":750},{\"@type\":\"WebPage\",\"@id\":\"https:\/\/maynenkhithuanphat.com.vn\/?product=may-phat-dien-dong-co-sdec#webpage\",\"url\":\"https:\/\/maynenkhithuanphat.com.vn\/?product=may-phat-dien-dong-co-sdec\",\"name\":\"M\\u00e1y ph\\u00e1t \\u0111i\\u1ec7n \\u0111\\u1ed9ng c\\u01a1 SDEC\",\"isPartOf\":{\"@id\":\"https:\/\/maynenkhithuanphat.com.vn\/#website\"},\"primaryImageOfPage\":{\"@id\":\"https:\/\/maynenkhithuanphat.com.vn\/?product=may-phat-dien-dong-co-sdec#primaryimage\"},\"datePublished\":\"2023-07-12T08:06:26+00:00\",\"dateModified\":\"2024-02-29T21:45:24+00:00\",\"description\":\"M\\u00e1y ph\\u00e1t \\u0111i\\u1ec7n \\u0111\\u1ed9ng c\\u01a1 SDEC\",\"breadcrumb\":{\"@id\":\"https:\/\/maynenkhithuanphat.com.vn\/?product=may-phat-dien-dong-co-sdec#breadcrumb\"},\"inLanguage\":\"vi\",\"potentialAction\":[{\"@type\":\"ReadAction\",\"target\":[\"https:\/\/maynenkhithuanphat.com.vn\/?product=may-phat-dien-dong-co-sdec\"]}]},{\"@type\":\"BreadcrumbList\",\"@id\":\"https:\/\/maynenkhithuanphat.com.vn\/?product=may-phat-dien-dong-co-sdec#breadcrumb\",\"itemListElement\":[{\"@type\":\"ListItem\",\"position\":1,\"name\":\"Trang ch\\u1ee7\",\"item\":\"https:\/\/maynenkhithuanphat.com.vn\/\"},{\"@type\":\"ListItem\",\"position\":2,\"name\":\"\"},{\"@type\":\"ListItem\",\"position\":3,\"name\":\"M\\u00c1Y PH\\u00c1T \\u0110I\\u1ec6N THU\\u1eacN PH\\u00c1T\",\"item\":\"https:\/\/maynenkhithuanphat.com.vn\/?product_cat=may-phat-dien\"},{\"@type\":\"ListItem\",\"position\":4,\"name\":\"M\\u00e1y ph\\u00e1t \\u0111i\\u1ec7n \\u0111\\u1ed9ng c\\u01a1 SDEC\"}]}]}<\/script>\n<!-- \/ Yoast SEO plugin. -->","_links":{"self":[{"href":"https:\/\/maynenkhithuanphat.com.vn\/index.php?rest_route=\/wp\/v2\/product\/2838"}],"collection":[{"href":"https:\/\/maynenkhithuanphat.com.vn\/index.php?rest_route=\/wp\/v2\/product"}],"about":[{"href":"https:\/\/maynenkhithuanphat.com.vn\/index.php?rest_route=\/wp\/v2\/types\/product"}],"replies":[{"embeddable":true,"href":"https:\/\/maynenkhithuanphat.com.vn\/index.php?rest_route=%2Fwp%2Fv2%2Fcomments&post=2838"}],"wp:featuredmedia":[{"embeddable":true,"href":"https:\/\/maynenkhithuanphat.com.vn\/index.php?rest_route=\/wp\/v2\/media\/2842"}],"wp:attachment":[{"href":"https:\/\/maynenkhithuanphat.com.vn\/index.php?rest_route=%2Fwp%2Fv2%2Fmedia&parent=2838"}],"wp:term":[{"taxonomy":"product_cat","embeddable":true,"href":"https:\/\/maynenkhithuanphat.com.vn\/index.php?rest_route=%2Fwp%2Fv2%2Fproduct_cat&post=2838"},{"taxonomy":"product_tag","embeddable":true,"href":"https:\/\/maynenkhithuanphat.com.vn\/index.php?rest_route=%2Fwp%2Fv2%2Fproduct_tag&post=2838"}],"curies":[{"name":"wp","href":"https:\/\/api.w.org\/{rel}","templated":true}]}}