{"id":2835,"date":"2023-07-10T11:06:24","date_gmt":"2023-07-10T11:06:24","guid":{"rendered":"https:\/\/maynenkhithuanphat.com.vn\/?post_type=product&#038;p=2835"},"modified":"2024-03-02T23:07:53","modified_gmt":"2024-03-02T23:07:53","slug":"may-phat-dien-dong-co-mtu","status":"publish","type":"product","link":"https:\/\/maynenkhithuanphat.com.vn\/?product=may-phat-dien-dong-co-mtu","title":{"rendered":"M\u00e1y ph\u00e1t \u0111i\u1ec7n \u0111\u1ed9ng c\u01a1 MTU"},"content":{"rendered":"<p>MTU l\u00e0 th\u01b0\u01a1ng hi\u1ec7u \u0111\u1ebfn t\u1eeb \u0110\u1ee9c. L\u00e0 th\u01b0\u01a1ng hi\u1ec7u c\u00f3 ch\u1ea5t l\u01b0\u1ee3ng h\u00e0ng \u0111\u1ea7u hi\u1ec7n nay. s\u1eed d\u1ee5ng h\u1ec7 th\u1ed1ng qu\u1ea3n l\u00fd \u0111i\u1ec7n t\u1eed ADEC k\u1ef9 thu\u1eadt s\u1ed1, th\u1eddi gian \u0111\u1ea1i tu d\u00e0i, ch\u1ec9 s\u1ed1 kh\u00ed th\u1ea3i \u0111\u00e1p \u1ee9ng ti\u00eau chu\u1ea9n TALUFT c\u1ee7a \u0110\u1ee9c, ti\u00eau chu\u1ea9n ti\u1ebft ki\u1ec7m n\u0103ng l\u01b0\u1ee3ng v\u00e0 b\u1ea3o v\u1ec7 m\u00f4i tr\u01b0\u1eddng, v\u1edbi ch\u1ea5t l\u01b0\u1ee3ng \u0111\u00e3 \u0111\u01b0\u1ee3c kh\u1ea3ng \u0111\u1ecbnh tr\u00ean to\u00e0n c\u1ea7u v\u00e0 \u0111\u00e3 \u0111\u01b0\u1ee3c s\u1eed d\u1ee5ng r\u1ed9ng r\u00e3i v\u00e0 ph\u1ed5 bi\u1ebfn t\u1ea1i Vi\u1ec7t Nam.<\/p>\n<p><img decoding=\"async\" loading=\"lazy\" class=\"alignnone size-medium wp-image-2837\" src=\"https:\/\/maynenkhithuanphat.com.vn\/wp-content\/uploads\/2023\/07\/z4428988629007_d07e5dbb2fe030c3bc7a6f456b54d8d0-300x300.jpg\" alt=\"\" width=\"300\" height=\"300\" srcset=\"https:\/\/maynenkhithuanphat.com.vn\/wp-content\/uploads\/2023\/07\/z4428988629007_d07e5dbb2fe030c3bc7a6f456b54d8d0-300x300.jpg 300w, https:\/\/maynenkhithuanphat.com.vn\/wp-content\/uploads\/2023\/07\/z4428988629007_d07e5dbb2fe030c3bc7a6f456b54d8d0-247x247.jpg 247w, https:\/\/maynenkhithuanphat.com.vn\/wp-content\/uploads\/2023\/07\/z4428988629007_d07e5dbb2fe030c3bc7a6f456b54d8d0-100x100.jpg 100w, https:\/\/maynenkhithuanphat.com.vn\/wp-content\/uploads\/2023\/07\/z4428988629007_d07e5dbb2fe030c3bc7a6f456b54d8d0-510x510.jpg 510w, https:\/\/maynenkhithuanphat.com.vn\/wp-content\/uploads\/2023\/07\/z4428988629007_d07e5dbb2fe030c3bc7a6f456b54d8d0-150x150.jpg 150w, https:\/\/maynenkhithuanphat.com.vn\/wp-content\/uploads\/2023\/07\/z4428988629007_d07e5dbb2fe030c3bc7a6f456b54d8d0-768x768.jpg 768w, https:\/\/maynenkhithuanphat.com.vn\/wp-content\/uploads\/2023\/07\/z4428988629007_d07e5dbb2fe030c3bc7a6f456b54d8d0-50x50.jpg 50w, https:\/\/maynenkhithuanphat.com.vn\/wp-content\/uploads\/2023\/07\/z4428988629007_d07e5dbb2fe030c3bc7a6f456b54d8d0-80x80.jpg 80w, https:\/\/maynenkhithuanphat.com.vn\/wp-content\/uploads\/2023\/07\/z4428988629007_d07e5dbb2fe030c3bc7a6f456b54d8d0.jpg 800w\" sizes=\"(max-width: 300px) 100vw, 300px\" \/><\/p>\n<p style=\"text-align: center;\"><strong>TH\u00d4NG S\u1ed0 K\u1ef8 THU\u1eacT\u00a0<\/strong><\/p>\n<table style=\"height: 1753px;\" width=\"1719\">\n<tbody>\n<tr>\n<td colspan=\"4\" width=\"246\">\n<p style=\"text-align: center;\"><b>TH\u00d4NG\u00a0S\u1ed0\u00a0K\u1ef8\u00a0THU\u1eacT\u00a0M\u00c1Y\u00a0PH\u00c1T\u00a0\u0110I\u1ec6N<\/b><\/p>\n<\/td>\n<td style=\"text-align: center;\" colspan=\"7\" width=\"391\"><b>TH\u00d4NG\u00a0S\u1ed0\u00a0K\u1ef8\u00a0THU\u1eacT\u00a0\u0110\u1ed8NG\u00a0C\u01a0<\/b><\/td>\n<\/tr>\n<tr>\n<td width=\"50\">Model<\/td>\n<td width=\"54\">C\u00f4ng\u00a0su\u1ea5t\u00a0(Kw)<\/td>\n<td width=\"95\">K\u00edch\u00a0th\u01b0\u1edbc\u00a0(L*W*H)<\/td>\n<td width=\"46\">Tr\u1ecdng\u00a0l\u01b0\u1ee3ng<\/td>\n<td width=\"80\">Model\u00a0\u0111\u1ed9ng\u00a0c\u01a1<\/td>\n<td width=\"56\">C\u00f4ng\u00a0su\u1ea5t\u00a0(Kw)<\/td>\n<td width=\"61\">\u0110\u01b0\u1eddng\u00a0k\u00ednh\/\u00a0h\u00e0nh\u00a0tr\u00ecnh\u00a0(mm)<\/td>\n<td width=\"42\">S\u1ed1\u00a0xi\u00a0lanh<\/td>\n<td width=\"49\">\n<table class=\"NormalTable\">\n<tbody>\n<tr>\n<td width=\"60\"><span class=\"fontstyle0\">Dung t\u00edch<br \/>\nxi lanh<br \/>\n(L)<\/span><\/td>\n<\/tr>\n<\/tbody>\n<\/table>\n<p>&nbsp;<\/td>\n<td width=\"49\">\n<table class=\"NormalTable\">\n<tbody>\n<tr>\n<td width=\"82\"><span class=\"fontstyle0\">Dung t\u00edch<br \/>\nd\u1ea7u b\u00f4i tr\u01a1n<br \/>\n(L)<\/span><\/td>\n<\/tr>\n<\/tbody>\n<\/table>\n<p>&nbsp;<\/td>\n<td width=\"51\">\n<table class=\"NormalTable\">\n<tbody>\n<tr>\n<td width=\"81\"><span class=\"fontstyle0\">M\u1ee9c ti\u00eau<br \/>\nhao nhi\u00ean<br \/>\nli\u1ec7u<br \/>\n(g\/kw-h)<\/span><\/td>\n<\/tr>\n<\/tbody>\n<\/table>\n<p style=\"text-align: center;\">\n<\/td>\n<\/tr>\n<tr>\n<td width=\"50\">FKS-M400<\/td>\n<td width=\"54\">360\/400<\/td>\n<td width=\"95\">3100*1660*2045<\/td>\n<td width=\"46\">3800<\/td>\n<td width=\"80\">10V1600G10F<\/td>\n<td width=\"56\">407\/448<\/td>\n<td width=\"61\">122*150<\/td>\n<td width=\"42\">10<\/td>\n<td width=\"49\">17.5<\/td>\n<td width=\"49\">60.5<\/td>\n<td width=\"51\">191<\/td>\n<\/tr>\n<tr>\n<td width=\"50\">FKS-M440<\/td>\n<td width=\"54\">400\/440<\/td>\n<td width=\"95\">3100*1660*2045<\/td>\n<td width=\"46\">4000<\/td>\n<td width=\"80\">10V1600G20F<\/td>\n<td width=\"56\">448\/493<\/td>\n<td width=\"61\">122*150<\/td>\n<td width=\"42\">10<\/td>\n<td width=\"49\">17.5<\/td>\n<td width=\"49\">60.5<\/td>\n<td width=\"51\">190<\/td>\n<\/tr>\n<tr>\n<td width=\"50\">FKS-M520<\/td>\n<td width=\"54\">480\/520<\/td>\n<td width=\"95\">3400*1660*2145<\/td>\n<td width=\"46\">4500<\/td>\n<td width=\"80\">12V1600G10F<\/td>\n<td width=\"56\">524\/576<\/td>\n<td width=\"61\">122*150<\/td>\n<td width=\"42\">12<\/td>\n<td width=\"49\">21<\/td>\n<td width=\"49\">72.5<\/td>\n<td width=\"51\">192<\/td>\n<\/tr>\n<tr>\n<td width=\"50\">FKS-M570<\/td>\n<td width=\"54\">520\/570<\/td>\n<td width=\"95\">3665*1660*2145<\/td>\n<td width=\"46\">5400<\/td>\n<td width=\"80\">12V1600G20F<\/td>\n<td width=\"56\">576\/634<\/td>\n<td width=\"61\">122*150<\/td>\n<td width=\"42\">12<\/td>\n<td width=\"49\">21<\/td>\n<td width=\"49\">72.5<\/td>\n<td width=\"51\">192<\/td>\n<\/tr>\n<tr>\n<td width=\"50\">FKS-M570<\/td>\n<td width=\"54\">250\/570<\/td>\n<td width=\"95\">4045*1730*2150<\/td>\n<td width=\"46\">5500<\/td>\n<td width=\"80\">12V2000G25<\/td>\n<td width=\"56\">580\/635<\/td>\n<td width=\"61\">130*150<\/td>\n<td width=\"42\">12<\/td>\n<td width=\"49\">23.88<\/td>\n<td width=\"49\">77<\/td>\n<td width=\"51\">203<\/td>\n<\/tr>\n<tr>\n<td width=\"50\">FKS-M700<\/td>\n<td width=\"54\">640\/700<\/td>\n<td width=\"95\">4110*1730*2150<\/td>\n<td width=\"46\">6800<\/td>\n<td width=\"80\">12V2000G65<\/td>\n<td width=\"56\">695\/765<\/td>\n<td width=\"61\">130*150<\/td>\n<td width=\"42\">12<\/td>\n<td width=\"49\">23.88<\/td>\n<td width=\"49\">77<\/td>\n<td width=\"51\">202<\/td>\n<\/tr>\n<tr>\n<td width=\"50\">FKS-M800<\/td>\n<td width=\"54\">728\/800<\/td>\n<td width=\"95\">4465*1730*2300<\/td>\n<td width=\"46\">7200<\/td>\n<td width=\"80\">16V2000G25<\/td>\n<td width=\"56\">810\/890<\/td>\n<td width=\"61\">130*150<\/td>\n<td width=\"42\">16<\/td>\n<td width=\"49\">31.84<\/td>\n<td width=\"49\">102<\/td>\n<td width=\"51\">198<\/td>\n<\/tr>\n<tr>\n<td width=\"50\">FKS-M880<\/td>\n<td width=\"54\">800\/880<\/td>\n<td width=\"95\">4550*1730*2300<\/td>\n<td width=\"46\">8200<\/td>\n<td width=\"80\">16V2000G65<\/td>\n<td width=\"56\">890\/975<\/td>\n<td width=\"61\">130*150<\/td>\n<td width=\"42\">16<\/td>\n<td width=\"49\">31.84<\/td>\n<td width=\"49\">102<\/td>\n<td width=\"51\">198<\/td>\n<\/tr>\n<tr>\n<td width=\"50\">FKS-M1000<\/td>\n<td width=\"54\">900\/1000<\/td>\n<td width=\"95\">4760*1900*2500<\/td>\n<td width=\"46\">8800<\/td>\n<td width=\"80\">18V2000G65<\/td>\n<td width=\"56\">1000\/1100<\/td>\n<td width=\"61\">130*150<\/td>\n<td width=\"42\">18<\/td>\n<td width=\"49\">35.82<\/td>\n<td width=\"49\">10<\/td>\n<td width=\"51\">202<\/td>\n<\/tr>\n<tr>\n<td width=\"50\">FKS-M1200<\/td>\n<td width=\"54\">1100\/1200<\/td>\n<td width=\"95\">6500*2200*2505<\/td>\n<td width=\"46\">11000<\/td>\n<td width=\"80\">12V4000G23R<\/td>\n<td width=\"56\">1205\/1325<\/td>\n<td width=\"61\">170*210<\/td>\n<td width=\"42\">12<\/td>\n<td width=\"49\">57.2<\/td>\n<td width=\"49\">260<\/td>\n<td width=\"51\">195<\/td>\n<\/tr>\n<tr>\n<td width=\"50\">FKS-M1320<\/td>\n<td width=\"54\">1200\/1320<\/td>\n<td width=\"95\">6500*2200*2505<\/td>\n<td width=\"46\">12000<\/td>\n<td width=\"80\">12V4000G23<\/td>\n<td width=\"56\">1420\/1575<\/td>\n<td width=\"61\">170*210<\/td>\n<td width=\"42\">12<\/td>\n<td width=\"49\">57.2<\/td>\n<td width=\"49\">260<\/td>\n<td width=\"51\">189<\/td>\n<\/tr>\n<tr>\n<td width=\"50\">FKS-M1650<\/td>\n<td width=\"54\">1500\/1650<\/td>\n<td width=\"95\">6500*2200*2505<\/td>\n<td width=\"46\">13000<\/td>\n<td width=\"80\">12V4000G63<\/td>\n<td width=\"56\">1575\/1750<\/td>\n<td width=\"61\">170*210<\/td>\n<td width=\"42\">12<\/td>\n<td width=\"49\">57.2<\/td>\n<td width=\"49\">260<\/td>\n<td width=\"51\">193<\/td>\n<\/tr>\n<tr>\n<td width=\"50\">FKS-M1880<\/td>\n<td width=\"54\">1600\/1800<\/td>\n<td width=\"95\">7525*2200*2545<\/td>\n<td width=\"46\">14500<\/td>\n<td width=\"80\">16V4000G23<\/td>\n<td width=\"56\">1798\/1965<\/td>\n<td width=\"61\">170*210<\/td>\n<td width=\"42\">16<\/td>\n<td width=\"49\">76.3<\/td>\n<td width=\"49\">300<\/td>\n<td width=\"51\">192<\/td>\n<\/tr>\n<tr>\n<td width=\"50\">FKS-M2000<\/td>\n<td width=\"54\">1800\/180<\/td>\n<td width=\"95\">7525*2200*2545<\/td>\n<td width=\"46\">15000<\/td>\n<td width=\"80\">16V4000G63<\/td>\n<td width=\"56\">1965\/2185<\/td>\n<td width=\"61\">170*210<\/td>\n<td width=\"42\">16<\/td>\n<td width=\"49\">76.3<\/td>\n<td width=\"49\">300<\/td>\n<td width=\"51\">191<\/td>\n<\/tr>\n<tr>\n<td width=\"50\">FKS-M2200<\/td>\n<td width=\"54\">2000\/2200<\/td>\n<td width=\"95\">8300*2550*2695<\/td>\n<td width=\"46\">19000<\/td>\n<td width=\"80\">20V4000G23<\/td>\n<td width=\"56\">2200\/2400<\/td>\n<td width=\"61\">170*210<\/td>\n<td width=\"42\">20<\/td>\n<td width=\"49\">95.4<\/td>\n<td width=\"49\">390<\/td>\n<td width=\"51\">195<\/td>\n<\/tr>\n<tr>\n<td width=\"50\">FKS-M2500<\/td>\n<td width=\"54\">2200\/2500<\/td>\n<td width=\"95\">8300*2555*2695<\/td>\n<td width=\"46\">20000<\/td>\n<td width=\"80\">20V4000G63<\/td>\n<td width=\"56\">2420\/2670<\/td>\n<td width=\"61\">170*210<\/td>\n<td width=\"42\">20<\/td>\n<td width=\"49\">95.4<\/td>\n<td width=\"49\">390<\/td>\n<td width=\"51\">193<\/td>\n<\/tr>\n<tr>\n<td width=\"50\">FKS-M2500<\/td>\n<td width=\"54\">2500\/2750<\/td>\n<td width=\"95\">8300*2555*2695<\/td>\n<td width=\"46\">21000<\/td>\n<td width=\"80\">20V4000G63L<\/td>\n<td width=\"56\">2590\/2850<\/td>\n<td width=\"61\">170*210<\/td>\n<td width=\"42\">20<\/td>\n<td width=\"49\">95.4<\/td>\n<td width=\"49\">390<\/td>\n<td width=\"51\">192<\/td>\n<\/tr>\n<\/tbody>\n<\/table>\n<p style=\"text-align: center;\">\n","protected":false},"excerpt":{"rendered":"<p>MTU l\u00e0 th\u01b0\u01a1ng hi\u1ec7u \u0111\u1ebfn t\u1eeb \u0110\u1ee9c. L\u00e0 th\u01b0\u01a1ng hi\u1ec7u c\u00f3 ch\u1ea5t l\u01b0\u1ee3ng h\u00e0ng \u0111\u1ea7u hi\u1ec7n nay. s\u1eed d\u1ee5ng h\u1ec7 th\u1ed1ng qu\u1ea3n l\u00fd \u0111i\u1ec7n t\u1eed ADEC k\u1ef9 thu\u1eadt s\u1ed1, th\u1eddi gian \u0111\u1ea1i tu d\u00e0i, ch\u1ec9 s\u1ed1 kh\u00ed th\u1ea3i \u0111\u00e1p \u1ee9ng ti\u00eau chu\u1ea9n TALUFT c\u1ee7a \u0110\u1ee9c, ti\u00eau chu\u1ea9n ti\u1ebft ki\u1ec7m n\u0103ng l\u01b0\u1ee3ng v\u00e0 b\u1ea3o v\u1ec7 m\u00f4i [&#8230;]\n","protected":false},"featured_media":2837,"comment_status":"open","ping_status":"closed","template":"","meta":[],"product_cat":[587],"product_tag":[],"yoast_head":"<!-- This site is optimized with the Yoast SEO plugin v16.5 - https:\/\/yoast.com\/wordpress\/plugins\/seo\/ -->\n<title>M\u00e1y ph\u00e1t \u0111i\u1ec7n \u0111\u1ed9ng c\u01a1 MTU<\/title>\n<meta name=\"description\" content=\"M\u00e1y ph\u00e1t \u0111i\u1ec7n \u0111\u1ed9ng c\u01a1 MTU\" \/>\n<meta name=\"robots\" content=\"index, follow, max-snippet:-1, max-image-preview:large, max-video-preview:-1\" \/>\n<link rel=\"canonical\" href=\"https:\/\/maynenkhithuanphat.com.vn\/?product=may-phat-dien-dong-co-mtu\" \/>\n<meta property=\"og:locale\" content=\"vi_VN\" \/>\n<meta property=\"og:type\" content=\"article\" \/>\n<meta property=\"og:title\" content=\"M\u00e1y ph\u00e1t \u0111i\u1ec7n \u0111\u1ed9ng c\u01a1 MTU\" \/>\n<meta property=\"og:description\" content=\"M\u00e1y ph\u00e1t \u0111i\u1ec7n \u0111\u1ed9ng c\u01a1 MTU\" \/>\n<meta property=\"og:url\" content=\"https:\/\/maynenkhithuanphat.com.vn\/?product=may-phat-dien-dong-co-mtu\" \/>\n<meta property=\"og:site_name\" content=\"M\u00e1y N\u00e9n Kh\u00ed Thu\u1eadn Ph\u00e1t\" \/>\n<meta property=\"article:publisher\" content=\"https:\/\/www.facebook.com\/phat.thuan.370177\/\" \/>\n<meta property=\"article:modified_time\" content=\"2024-03-02T23:07:53+00:00\" \/>\n<meta property=\"og:image\" content=\"https:\/\/maynenkhithuanphat.com.vn\/wp-content\/uploads\/2023\/07\/z4428988629007_d07e5dbb2fe030c3bc7a6f456b54d8d0.jpg\" \/>\n\t<meta property=\"og:image:width\" content=\"800\" \/>\n\t<meta property=\"og:image:height\" content=\"800\" \/>\n<meta name=\"twitter:card\" content=\"summary_large_image\" \/>\n<meta name=\"twitter:label1\" content=\"\u01af\u1edbc t\u00ednh th\u1eddi gian \u0111\u1ecdc\" \/>\n\t<meta name=\"twitter:data1\" content=\"2 ph\u00fat\" \/>\n<script type=\"application\/ld+json\" class=\"yoast-schema-graph\">{\"@context\":\"https:\/\/schema.org\",\"@graph\":[{\"@type\":\"Organization\",\"@id\":\"https:\/\/maynenkhithuanphat.com.vn\/#organization\",\"name\":\"C\\u00f4ng ty TNHH PT XNK Thu\\u1eadn Ph\\u00e1t\",\"url\":\"https:\/\/maynenkhithuanphat.com.vn\/\",\"sameAs\":[\"https:\/\/www.facebook.com\/phat.thuan.370177\/\",\"https:\/\/www.instagram.com\/phat.thuan.370177\/\",\"https:\/\/www.youtube.com\/channel\/UCWRaaKUOooP_xTqnN5ds1eg\/featured\",\"https:\/\/www.pinterest.com\/maynenkhithuanphat\/_created\/\"],\"logo\":{\"@type\":\"ImageObject\",\"@id\":\"https:\/\/maynenkhithuanphat.com.vn\/#logo\",\"inLanguage\":\"vi\",\"url\":\"https:\/\/maynenkhithuanphat.com.vn\/wp-content\/uploads\/2018\/05\/logo-1.png\",\"contentUrl\":\"https:\/\/maynenkhithuanphat.com.vn\/wp-content\/uploads\/2018\/05\/logo-1.png\",\"width\":500,\"height\":104,\"caption\":\"C\\u00f4ng ty TNHH PT XNK Thu\\u1eadn Ph\\u00e1t\"},\"image\":{\"@id\":\"https:\/\/maynenkhithuanphat.com.vn\/#logo\"}},{\"@type\":\"WebSite\",\"@id\":\"https:\/\/maynenkhithuanphat.com.vn\/#website\",\"url\":\"https:\/\/maynenkhithuanphat.com.vn\/\",\"name\":\"M\\u00e1y N\\u00e9n Kh\\u00ed Thu\\u1eadn Ph\\u00e1t\",\"description\":\"\",\"publisher\":{\"@id\":\"https:\/\/maynenkhithuanphat.com.vn\/#organization\"},\"potentialAction\":[{\"@type\":\"SearchAction\",\"target\":\"https:\/\/maynenkhithuanphat.com.vn\/?s={search_term_string}\",\"query-input\":\"required name=search_term_string\"}],\"inLanguage\":\"vi\"},{\"@type\":\"ImageObject\",\"@id\":\"https:\/\/maynenkhithuanphat.com.vn\/?product=may-phat-dien-dong-co-mtu#primaryimage\",\"inLanguage\":\"vi\",\"url\":\"https:\/\/maynenkhithuanphat.com.vn\/wp-content\/uploads\/2023\/07\/z4428988629007_d07e5dbb2fe030c3bc7a6f456b54d8d0.jpg\",\"contentUrl\":\"https:\/\/maynenkhithuanphat.com.vn\/wp-content\/uploads\/2023\/07\/z4428988629007_d07e5dbb2fe030c3bc7a6f456b54d8d0.jpg\",\"width\":800,\"height\":800},{\"@type\":\"WebPage\",\"@id\":\"https:\/\/maynenkhithuanphat.com.vn\/?product=may-phat-dien-dong-co-mtu#webpage\",\"url\":\"https:\/\/maynenkhithuanphat.com.vn\/?product=may-phat-dien-dong-co-mtu\",\"name\":\"M\\u00e1y ph\\u00e1t \\u0111i\\u1ec7n \\u0111\\u1ed9ng c\\u01a1 MTU\",\"isPartOf\":{\"@id\":\"https:\/\/maynenkhithuanphat.com.vn\/#website\"},\"primaryImageOfPage\":{\"@id\":\"https:\/\/maynenkhithuanphat.com.vn\/?product=may-phat-dien-dong-co-mtu#primaryimage\"},\"datePublished\":\"2023-07-10T11:06:24+00:00\",\"dateModified\":\"2024-03-02T23:07:53+00:00\",\"description\":\"M\\u00e1y ph\\u00e1t \\u0111i\\u1ec7n \\u0111\\u1ed9ng c\\u01a1 MTU\",\"breadcrumb\":{\"@id\":\"https:\/\/maynenkhithuanphat.com.vn\/?product=may-phat-dien-dong-co-mtu#breadcrumb\"},\"inLanguage\":\"vi\",\"potentialAction\":[{\"@type\":\"ReadAction\",\"target\":[\"https:\/\/maynenkhithuanphat.com.vn\/?product=may-phat-dien-dong-co-mtu\"]}]},{\"@type\":\"BreadcrumbList\",\"@id\":\"https:\/\/maynenkhithuanphat.com.vn\/?product=may-phat-dien-dong-co-mtu#breadcrumb\",\"itemListElement\":[{\"@type\":\"ListItem\",\"position\":1,\"name\":\"Trang ch\\u1ee7\",\"item\":\"https:\/\/maynenkhithuanphat.com.vn\/\"},{\"@type\":\"ListItem\",\"position\":2,\"name\":\"\"},{\"@type\":\"ListItem\",\"position\":3,\"name\":\"M\\u00c1Y PH\\u00c1T \\u0110I\\u1ec6N THU\\u1eacN PH\\u00c1T\",\"item\":\"https:\/\/maynenkhithuanphat.com.vn\/?product_cat=may-phat-dien\"},{\"@type\":\"ListItem\",\"position\":4,\"name\":\"M\\u00e1y ph\\u00e1t \\u0111i\\u1ec7n \\u0111\\u1ed9ng c\\u01a1 MTU\"}]}]}<\/script>\n<!-- \/ Yoast SEO plugin. -->","_links":{"self":[{"href":"https:\/\/maynenkhithuanphat.com.vn\/index.php?rest_route=\/wp\/v2\/product\/2835"}],"collection":[{"href":"https:\/\/maynenkhithuanphat.com.vn\/index.php?rest_route=\/wp\/v2\/product"}],"about":[{"href":"https:\/\/maynenkhithuanphat.com.vn\/index.php?rest_route=\/wp\/v2\/types\/product"}],"replies":[{"embeddable":true,"href":"https:\/\/maynenkhithuanphat.com.vn\/index.php?rest_route=%2Fwp%2Fv2%2Fcomments&post=2835"}],"wp:featuredmedia":[{"embeddable":true,"href":"https:\/\/maynenkhithuanphat.com.vn\/index.php?rest_route=\/wp\/v2\/media\/2837"}],"wp:attachment":[{"href":"https:\/\/maynenkhithuanphat.com.vn\/index.php?rest_route=%2Fwp%2Fv2%2Fmedia&parent=2835"}],"wp:term":[{"taxonomy":"product_cat","embeddable":true,"href":"https:\/\/maynenkhithuanphat.com.vn\/index.php?rest_route=%2Fwp%2Fv2%2Fproduct_cat&post=2835"},{"taxonomy":"product_tag","embeddable":true,"href":"https:\/\/maynenkhithuanphat.com.vn\/index.php?rest_route=%2Fwp%2Fv2%2Fproduct_tag&post=2835"}],"curies":[{"name":"wp","href":"https:\/\/api.w.org\/{rel}","templated":true}]}}