{"id":2829,"date":"2023-07-06T07:29:29","date_gmt":"2023-07-06T07:29:29","guid":{"rendered":"https:\/\/maynenkhithuanphat.com.vn\/?post_type=product&#038;p=2829"},"modified":"2024-07-01T22:10:51","modified_gmt":"2024-07-01T22:10:51","slug":"may-phat-dien-dong-co-volvo","status":"publish","type":"product","link":"https:\/\/maynenkhithuanphat.com.vn\/?product=may-phat-dien-dong-co-volvo","title":{"rendered":"M\u00e1y ph\u00e1t \u0111i\u1ec7n \u0111\u1ed9ng c\u01a1 Volvo"},"content":{"rendered":"<p><strong>Volvo <\/strong>th\u01b0\u01a1ng hi\u1ec7u \u0111\u1ebfn t\u1eeb Th\u1ee5y \u0110i\u1ec3n. L\u00e0 th\u01b0\u01a1ng hi\u1ec7u c\u00f3 ch\u1ea5t l\u01b0\u1ee3ng h\u00e0ng \u0111\u1ea7u hi\u1ec7n nay. v\u1edbi ch\u1ea5t l\u01b0\u1ee3ng \u0111\u00e3 \u0111\u01b0\u1ee3c kh\u1ea3ng \u0111\u1ecbnh tr\u00ean to\u00e0n c\u1ea7u v\u1edbi th\u1ebf m\u1ea1nh l\u00e0 b\u1ec1n b\u1ec9, Ti\u1ebft ki\u1ec7m nhi\u00ean li\u1ec7u, Th\u00e2n thi\u1ec7n v\u1edbi m\u00f4i tr\u01b0\u1eddng. m\u00e1y ph\u00e1t \u0111i\u1ec7n Volvo \u0111\u00e3 \u0111\u01b0\u1ee3c s\u1eed d\u1ee5ng r\u1ed9ng r\u00e3i v\u00e0 ph\u1ed5 bi\u1ebfn t\u1ea1i Vi\u1ec7t Nam.<\/p>\n<ul>\n<li>\u0110\u1ea7u ph\u00e1t: Ch\u00ednh h\u00e3ng Stamford \u2013 Uk, s\u1ea3n xu\u1ea5t t\u1ea1i UK (option: Mecc Alte \u2013 Italia)<\/li>\n<li>+ T\u0103ng ch\u1ea5t l\u01b0\u1ee3ng s\u1ea3n xu\u1ea5t \u0111i\u1ec7n n\u0103ng, \u0111\u1ea3m b\u1ea3o an to\u00e0n cho thi\u1ebft b\u1ecb ti\u00eau th\u1ee5 \u0111i\u1ec7n.\n<p>+ An to\u00e0n cho ng\u01b0\u1eddi v\u1eadn h\u00e0nh v\u00e0 \u0111\u1ea3m b\u1ea3o ti\u00eau chu\u1ea9n to\u00e0n di\u1ec7n ICE.<\/li>\n<\/ul>\n<p><img decoding=\"async\" loading=\"lazy\" class=\"alignnone size-medium wp-image-2832 aligncenter\" src=\"https:\/\/maynenkhithuanphat.com.vn\/wp-content\/uploads\/2023\/07\/Screenshot-2023-06-12-141255-300x187.jpg\" alt=\"\" width=\"300\" height=\"187\" srcset=\"https:\/\/maynenkhithuanphat.com.vn\/wp-content\/uploads\/2023\/07\/Screenshot-2023-06-12-141255-300x187.jpg 300w, https:\/\/maynenkhithuanphat.com.vn\/wp-content\/uploads\/2023\/07\/Screenshot-2023-06-12-141255-510x317.jpg 510w, https:\/\/maynenkhithuanphat.com.vn\/wp-content\/uploads\/2023\/07\/Screenshot-2023-06-12-141255-50x31.jpg 50w, https:\/\/maynenkhithuanphat.com.vn\/wp-content\/uploads\/2023\/07\/Screenshot-2023-06-12-141255.jpg 596w\" sizes=\"(max-width: 300px) 100vw, 300px\" \/><\/p>\n<p><img decoding=\"async\" loading=\"lazy\" class=\"size-medium wp-image-2823 aligncenter\" src=\"https:\/\/maynenkhithuanphat.com.vn\/wp-content\/uploads\/2023\/06\/z4428988550128_682a475a3f479ff867b887245ed5bc26-300x300.jpg\" alt=\"\" width=\"300\" height=\"300\" srcset=\"https:\/\/maynenkhithuanphat.com.vn\/wp-content\/uploads\/2023\/06\/z4428988550128_682a475a3f479ff867b887245ed5bc26-300x300.jpg 300w, https:\/\/maynenkhithuanphat.com.vn\/wp-content\/uploads\/2023\/06\/z4428988550128_682a475a3f479ff867b887245ed5bc26-247x247.jpg 247w, https:\/\/maynenkhithuanphat.com.vn\/wp-content\/uploads\/2023\/06\/z4428988550128_682a475a3f479ff867b887245ed5bc26-100x100.jpg 100w, https:\/\/maynenkhithuanphat.com.vn\/wp-content\/uploads\/2023\/06\/z4428988550128_682a475a3f479ff867b887245ed5bc26-510x510.jpg 510w, https:\/\/maynenkhithuanphat.com.vn\/wp-content\/uploads\/2023\/06\/z4428988550128_682a475a3f479ff867b887245ed5bc26-150x150.jpg 150w, https:\/\/maynenkhithuanphat.com.vn\/wp-content\/uploads\/2023\/06\/z4428988550128_682a475a3f479ff867b887245ed5bc26-768x768.jpg 768w, https:\/\/maynenkhithuanphat.com.vn\/wp-content\/uploads\/2023\/06\/z4428988550128_682a475a3f479ff867b887245ed5bc26-50x50.jpg 50w, https:\/\/maynenkhithuanphat.com.vn\/wp-content\/uploads\/2023\/06\/z4428988550128_682a475a3f479ff867b887245ed5bc26-80x80.jpg 80w, https:\/\/maynenkhithuanphat.com.vn\/wp-content\/uploads\/2023\/06\/z4428988550128_682a475a3f479ff867b887245ed5bc26.jpg 800w\" sizes=\"(max-width: 300px) 100vw, 300px\" \/><\/p>\n<p><img decoding=\"async\" loading=\"lazy\" class=\"alignnone size-medium wp-image-2833 aligncenter\" src=\"https:\/\/maynenkhithuanphat.com.vn\/wp-content\/uploads\/2023\/07\/WeChat-Image_20230607112825-300x165.jpg\" alt=\"\" width=\"300\" height=\"165\" srcset=\"https:\/\/maynenkhithuanphat.com.vn\/wp-content\/uploads\/2023\/07\/WeChat-Image_20230607112825-300x165.jpg 300w, https:\/\/maynenkhithuanphat.com.vn\/wp-content\/uploads\/2023\/07\/WeChat-Image_20230607112825-510x280.jpg 510w, https:\/\/maynenkhithuanphat.com.vn\/wp-content\/uploads\/2023\/07\/WeChat-Image_20230607112825-50x27.jpg 50w, https:\/\/maynenkhithuanphat.com.vn\/wp-content\/uploads\/2023\/07\/WeChat-Image_20230607112825.jpg 713w\" sizes=\"(max-width: 300px) 100vw, 300px\" \/><\/p>\n<p>&nbsp;<\/p>\n<h3 style=\"text-align: center;\"><strong>TH\u00d4NG S\u1ed0 K\u1ef8 THU\u1eacT<\/strong><\/h3>\n<table style=\"height: 1741px;\" width=\"1151\">\n<tbody>\n<tr>\n<td colspan=\"4\" width=\"246\"><b>TH\u00d4NG\u00a0S\u1ed0\u00a0K\u1ef8\u00a0THU\u1eacT\u00a0M\u00c1Y\u00a0PH\u00c1T\u00a0\u0110I\u1ec6N<\/b><\/td>\n<td colspan=\"7\" width=\"391\"><b>TH\u00d4NG\u00a0S\u1ed0\u00a0K\u1ef8\u00a0THU\u1eacT\u00a0\u0110\u1ed8NG\u00a0C\u01a0<\/b><\/td>\n<\/tr>\n<tr>\n<td width=\"50\">Model<\/td>\n<td width=\"54\">C\u00f4ng\u00a0su\u1ea5t\u00a0(Kw)<\/td>\n<td width=\"95\">K\u00edch\u00a0th\u01b0\u1edbc\u00a0(L*W*H)<\/td>\n<td width=\"46\">Tr\u1ecdng\u00a0l\u01b0\u1ee3ng<\/td>\n<td width=\"80\">Model\u00a0\u0111\u1ed9ng\u00a0c\u01a1<\/td>\n<td width=\"56\">C\u00f4ng\u00a0su\u1ea5t\u00a0(Kw)<\/td>\n<td width=\"61\">\u0110\u01b0\u1eddng\u00a0k\u00ednh\/\u00a0h\u00e0nh\u00a0tr\u00ecnh\u00a0(mm)<\/td>\n<td width=\"42\">S\u1ed1\u00a0xi\u00a0lanh<\/td>\n<td width=\"49\">Dung t\u00edch xi lanh (L)<\/td>\n<td width=\"49\">Dung t\u00edch d\u1ea7u b\u00f4i tr\u01a1n (L)<\/td>\n<td width=\"51\">M\u1ee9c ti\u00eau hao nhi\u00ean li\u1ec7u (g\/kw-h)<\/td>\n<\/tr>\n<tr>\n<td width=\"50\">FKS-V75<\/td>\n<td width=\"54\">68\/75<\/td>\n<td width=\"95\">2250*735*1380<\/td>\n<td width=\"46\">1100<\/td>\n<td width=\"80\">TAD530GE<\/td>\n<td width=\"56\">74\/83<\/td>\n<td width=\"61\">108*130<\/td>\n<td width=\"42\">4<\/td>\n<td width=\"49\">4.76<\/td>\n<td width=\"49\">13<\/td>\n<td width=\"51\">217<\/td>\n<\/tr>\n<tr>\n<td width=\"50\">FKS-V75<\/td>\n<td width=\"54\">68\/75<\/td>\n<td width=\"95\">2250*735*1380<\/td>\n<td width=\"46\">1100<\/td>\n<td width=\"80\">TAD550GE<\/td>\n<td width=\"56\">75\/80<\/td>\n<td width=\"61\">108*130<\/td>\n<td width=\"42\">4<\/td>\n<td width=\"49\">4.76<\/td>\n<td width=\"49\">13<\/td>\n<td width=\"51\">217<\/td>\n<\/tr>\n<tr>\n<td width=\"50\">FKS-V88<\/td>\n<td width=\"54\">80\/88<\/td>\n<td width=\"95\">2250*735*1550<\/td>\n<td width=\"46\">1150<\/td>\n<td width=\"80\">TAD531GE<\/td>\n<td width=\"56\">88\/98<\/td>\n<td width=\"61\">108*130<\/td>\n<td width=\"42\">4<\/td>\n<td width=\"49\">4.76<\/td>\n<td width=\"49\">13<\/td>\n<td width=\"51\">218<\/td>\n<\/tr>\n<tr>\n<td width=\"50\">FKS-V110<\/td>\n<td width=\"54\">100\/110<\/td>\n<td width=\"95\">2250*866*1593<\/td>\n<td width=\"46\">1500<\/td>\n<td width=\"80\">TAD532GE<\/td>\n<td width=\"56\">112\/125<\/td>\n<td width=\"61\">108*130<\/td>\n<td width=\"42\">4<\/td>\n<td width=\"49\">4.76<\/td>\n<td width=\"49\">13<\/td>\n<td width=\"51\">214<\/td>\n<\/tr>\n<tr>\n<td width=\"50\">FKS-V132<\/td>\n<td width=\"54\">120\/132<\/td>\n<td width=\"95\">2250*866*1600<\/td>\n<td width=\"46\">1650<\/td>\n<td width=\"80\">TAD731GE<\/td>\n<td width=\"56\">133\/148<\/td>\n<td width=\"61\">108*130<\/td>\n<td width=\"42\">6<\/td>\n<td width=\"49\">7.15<\/td>\n<td width=\"49\">20<\/td>\n<td width=\"51\">215<\/td>\n<\/tr>\n<tr>\n<td width=\"50\">FKS-V132<\/td>\n<td width=\"54\">120\/132<\/td>\n<td width=\"95\">2250*866*1600<\/td>\n<td width=\"46\">1650<\/td>\n<td width=\"80\">TAD751GE<\/td>\n<td width=\"56\">131\/144<\/td>\n<td width=\"61\">108*130<\/td>\n<td width=\"42\">6<\/td>\n<td width=\"49\">7.15<\/td>\n<td width=\"49\">20<\/td>\n<td width=\"51\">215<\/td>\n<\/tr>\n<tr>\n<td width=\"50\">FKS-V165<\/td>\n<td width=\"54\">150\/165<\/td>\n<td width=\"95\">2500*1000*1600<\/td>\n<td width=\"46\">1900<\/td>\n<td width=\"80\">TAD732GE<\/td>\n<td width=\"56\">160\/179<\/td>\n<td width=\"61\">108*130<\/td>\n<td width=\"42\">6<\/td>\n<td width=\"49\">7.15<\/td>\n<td width=\"49\">34<\/td>\n<td width=\"51\">213<\/td>\n<\/tr>\n<tr>\n<td width=\"50\">FKS-V180<\/td>\n<td width=\"54\">160\/180<\/td>\n<td width=\"95\">2600*1050*1600<\/td>\n<td width=\"46\">2100<\/td>\n<td width=\"80\">TAD733GE<\/td>\n<td width=\"56\">177\/197<\/td>\n<td width=\"61\">108*130<\/td>\n<td width=\"42\">6<\/td>\n<td width=\"49\">7.15<\/td>\n<td width=\"49\">34<\/td>\n<td width=\"51\">216<\/td>\n<\/tr>\n<tr>\n<td width=\"50\">FKS-V220<\/td>\n<td width=\"54\">200\/220<\/td>\n<td width=\"95\">2600*1068*1650<\/td>\n<td width=\"46\">2300<\/td>\n<td width=\"80\">TAD734GE<\/td>\n<td width=\"56\">213\/238<\/td>\n<td width=\"61\">108*130<\/td>\n<td width=\"42\">6<\/td>\n<td width=\"49\">7.15<\/td>\n<td width=\"49\">34<\/td>\n<td width=\"51\">204<\/td>\n<\/tr>\n<tr>\n<td width=\"50\">FKS-V220<\/td>\n<td width=\"54\">200\/220<\/td>\n<td width=\"95\">2600*1068*1650<\/td>\n<td width=\"46\">2300<\/td>\n<td width=\"80\">TAD754GE<\/td>\n<td width=\"56\">218\/240<\/td>\n<td width=\"61\">108*130<\/td>\n<td width=\"42\">6<\/td>\n<td width=\"49\">7.15<\/td>\n<td width=\"49\">34<\/td>\n<td width=\"51\">204<\/td>\n<\/tr>\n<tr>\n<td width=\"50\">FKS-V280<\/td>\n<td width=\"54\">260\/280<\/td>\n<td width=\"95\">3000*1100*1600<\/td>\n<td width=\"46\">2800<\/td>\n<td width=\"80\">TAD1341GE<\/td>\n<td width=\"56\">271\/298<\/td>\n<td width=\"61\">131*158<\/td>\n<td width=\"42\">6<\/td>\n<td width=\"49\">12.78<\/td>\n<td width=\"49\">36<\/td>\n<td width=\"51\">191<\/td>\n<\/tr>\n<tr>\n<td width=\"50\">FKS-V310<\/td>\n<td width=\"54\">280\/310<\/td>\n<td width=\"95\">3000*1100*1700<\/td>\n<td width=\"46\">3000<\/td>\n<td width=\"80\">TAD1342GE<\/td>\n<td width=\"56\">302\/333<\/td>\n<td width=\"61\">131*158<\/td>\n<td width=\"42\">6<\/td>\n<td width=\"49\">12.78<\/td>\n<td width=\"49\">36<\/td>\n<td width=\"51\">191<\/td>\n<\/tr>\n<tr>\n<td width=\"50\">FKS-V310<\/td>\n<td width=\"54\">280\/310<\/td>\n<td width=\"95\">3000*1100*1700<\/td>\n<td width=\"46\">3000<\/td>\n<td width=\"80\">TAD1352GE<\/td>\n<td width=\"56\">313\/344<\/td>\n<td width=\"61\">131*158<\/td>\n<td width=\"42\">6<\/td>\n<td width=\"49\">12.78<\/td>\n<td width=\"49\">36<\/td>\n<td width=\"51\">191<\/td>\n<\/tr>\n<tr>\n<td width=\"50\">FKS-V330<\/td>\n<td width=\"54\">300\/330<\/td>\n<td width=\"95\">3050*1120*1750<\/td>\n<td width=\"46\">3200<\/td>\n<td width=\"80\">TAD1343GE<\/td>\n<td width=\"56\">325\/356<\/td>\n<td width=\"61\">131*158<\/td>\n<td width=\"42\">6<\/td>\n<td width=\"49\">12.78<\/td>\n<td width=\"49\">36<\/td>\n<td width=\"51\">192<\/td>\n<\/tr>\n<tr>\n<td width=\"50\">FKS-V360<\/td>\n<td width=\"54\">320\/360<\/td>\n<td width=\"95\">3100*110*2000<\/td>\n<td width=\"46\">3200<\/td>\n<td width=\"80\">TAD1344GE<\/td>\n<td width=\"56\">354\/389<\/td>\n<td width=\"61\">131*158<\/td>\n<td width=\"42\">6<\/td>\n<td width=\"49\">12.78<\/td>\n<td width=\"49\">36<\/td>\n<td width=\"51\">194<\/td>\n<\/tr>\n<tr>\n<td width=\"50\">FKS-V400<\/td>\n<td width=\"54\">260\/400<\/td>\n<td width=\"95\">3100*110*2000<\/td>\n<td width=\"46\">3500<\/td>\n<td width=\"80\">TAD1345GE<\/td>\n<td width=\"56\">388\/431<\/td>\n<td width=\"61\">144*165<\/td>\n<td width=\"42\">6<\/td>\n<td width=\"49\">16.12<\/td>\n<td width=\"49\">36<\/td>\n<td width=\"51\">196<\/td>\n<\/tr>\n<tr>\n<td width=\"50\">FKS-V440<\/td>\n<td width=\"54\">400\/440<\/td>\n<td width=\"95\">3350*1160**20<\/td>\n<td width=\"46\">3800<\/td>\n<td width=\"80\">TAD1641GE<\/td>\n<td width=\"56\">430\/473<\/td>\n<td width=\"61\">144*165<\/td>\n<td width=\"42\">6<\/td>\n<td width=\"49\">16.12<\/td>\n<td width=\"49\">48<\/td>\n<td width=\"51\">199<\/td>\n<\/tr>\n<tr>\n<td width=\"50\">FKS-V500<\/td>\n<td width=\"54\">450\/500<\/td>\n<td width=\"95\">3350*1160**20<\/td>\n<td width=\"46\">4200<\/td>\n<td width=\"80\">TAD1642GE<\/td>\n<td width=\"56\">503\/554<\/td>\n<td width=\"61\">144*165<\/td>\n<td width=\"42\">6<\/td>\n<td width=\"49\">16.12<\/td>\n<td width=\"49\">48<\/td>\n<td width=\"51\">199<\/td>\n<\/tr>\n<tr>\n<td width=\"50\">FKS-V550<\/td>\n<td width=\"54\">500\/550<\/td>\n<td width=\"95\">3350*1160**20<\/td>\n<td width=\"46\">4700<\/td>\n<td width=\"80\">TAD1643GE<\/td>\n<td width=\"56\">5\/596<\/td>\n<td width=\"61\">144*165<\/td>\n<td width=\"42\">6<\/td>\n<td width=\"49\">16.12<\/td>\n<td width=\"49\">48<\/td>\n<td width=\"51\">199<\/td>\n<\/tr>\n<\/tbody>\n<\/table>\n","protected":false},"excerpt":{"rendered":"<p>Volvo th\u01b0\u01a1ng hi\u1ec7u \u0111\u1ebfn t\u1eeb Th\u1ee5y \u0110i\u1ec3n. L\u00e0 th\u01b0\u01a1ng hi\u1ec7u c\u00f3 ch\u1ea5t l\u01b0\u1ee3ng h\u00e0ng \u0111\u1ea7u hi\u1ec7n nay. v\u1edbi ch\u1ea5t l\u01b0\u1ee3ng \u0111\u00e3 \u0111\u01b0\u1ee3c kh\u1ea3ng \u0111\u1ecbnh tr\u00ean to\u00e0n c\u1ea7u v\u1edbi th\u1ebf m\u1ea1nh l\u00e0 b\u1ec1n b\u1ec9, Ti\u1ebft ki\u1ec7m nhi\u00ean li\u1ec7u, Th\u00e2n thi\u1ec7n v\u1edbi m\u00f4i tr\u01b0\u1eddng. m\u00e1y ph\u00e1t \u0111i\u1ec7n Volvo \u0111\u00e3 \u0111\u01b0\u1ee3c s\u1eed d\u1ee5ng r\u1ed9ng r\u00e3i v\u00e0 ph\u1ed5 bi\u1ebfn [&#8230;]\n","protected":false},"featured_media":2834,"comment_status":"open","ping_status":"closed","template":"","meta":[],"product_cat":[587],"product_tag":[],"yoast_head":"<!-- This site is optimized with the Yoast SEO plugin v16.5 - https:\/\/yoast.com\/wordpress\/plugins\/seo\/ -->\n<title>M\u00e1y ph\u00e1t \u0111i\u1ec7n \u0111\u1ed9ng c\u01a1 Volvo Th\u1ee5y S\u0129, si\u00eau b\u1ec1n, th\u00e2n thi\u1ec7n v\u1edbi m\u00f4i tr\u01b0\u1eddng<\/title>\n<meta name=\"description\" content=\"M\u00e1y ph\u00e1t \u0111i\u1ec7n \u0111\u1ed9ng c\u01a1 Volvo\" \/>\n<meta name=\"robots\" content=\"index, follow, max-snippet:-1, max-image-preview:large, max-video-preview:-1\" \/>\n<link rel=\"canonical\" href=\"https:\/\/maynenkhithuanphat.com.vn\/?product=may-phat-dien-dong-co-volvo\" \/>\n<meta property=\"og:locale\" content=\"vi_VN\" \/>\n<meta property=\"og:type\" content=\"article\" \/>\n<meta property=\"og:title\" content=\"M\u00e1y ph\u00e1t \u0111i\u1ec7n \u0111\u1ed9ng c\u01a1 Volvo Th\u1ee5y S\u0129, si\u00eau b\u1ec1n, th\u00e2n thi\u1ec7n v\u1edbi m\u00f4i tr\u01b0\u1eddng\" \/>\n<meta property=\"og:description\" content=\"M\u00e1y ph\u00e1t \u0111i\u1ec7n \u0111\u1ed9ng c\u01a1 Volvo\" \/>\n<meta property=\"og:url\" content=\"https:\/\/maynenkhithuanphat.com.vn\/?product=may-phat-dien-dong-co-volvo\" \/>\n<meta property=\"og:site_name\" content=\"M\u00e1y N\u00e9n Kh\u00ed Thu\u1eadn Ph\u00e1t\" \/>\n<meta property=\"article:publisher\" content=\"https:\/\/www.facebook.com\/phat.thuan.370177\/\" \/>\n<meta property=\"article:modified_time\" content=\"2024-07-01T22:10:51+00:00\" \/>\n<meta property=\"og:image\" content=\"https:\/\/maynenkhithuanphat.com.vn\/wp-content\/uploads\/2023\/07\/z4428988608725_358710106470df3eb0cd0739b182d140.jpg\" \/>\n\t<meta property=\"og:image:width\" content=\"800\" \/>\n\t<meta property=\"og:image:height\" content=\"800\" \/>\n<meta name=\"twitter:card\" content=\"summary_large_image\" \/>\n<meta name=\"twitter:label1\" content=\"\u01af\u1edbc t\u00ednh th\u1eddi gian \u0111\u1ecdc\" \/>\n\t<meta name=\"twitter:data1\" content=\"3 ph\u00fat\" \/>\n<script type=\"application\/ld+json\" class=\"yoast-schema-graph\">{\"@context\":\"https:\/\/schema.org\",\"@graph\":[{\"@type\":\"Organization\",\"@id\":\"https:\/\/maynenkhithuanphat.com.vn\/#organization\",\"name\":\"C\\u00f4ng ty TNHH PT XNK Thu\\u1eadn Ph\\u00e1t\",\"url\":\"https:\/\/maynenkhithuanphat.com.vn\/\",\"sameAs\":[\"https:\/\/www.facebook.com\/phat.thuan.370177\/\",\"https:\/\/www.instagram.com\/phat.thuan.370177\/\",\"https:\/\/www.youtube.com\/channel\/UCWRaaKUOooP_xTqnN5ds1eg\/featured\",\"https:\/\/www.pinterest.com\/maynenkhithuanphat\/_created\/\"],\"logo\":{\"@type\":\"ImageObject\",\"@id\":\"https:\/\/maynenkhithuanphat.com.vn\/#logo\",\"inLanguage\":\"vi\",\"url\":\"https:\/\/maynenkhithuanphat.com.vn\/wp-content\/uploads\/2018\/05\/logo-1.png\",\"contentUrl\":\"https:\/\/maynenkhithuanphat.com.vn\/wp-content\/uploads\/2018\/05\/logo-1.png\",\"width\":500,\"height\":104,\"caption\":\"C\\u00f4ng ty TNHH PT XNK Thu\\u1eadn Ph\\u00e1t\"},\"image\":{\"@id\":\"https:\/\/maynenkhithuanphat.com.vn\/#logo\"}},{\"@type\":\"WebSite\",\"@id\":\"https:\/\/maynenkhithuanphat.com.vn\/#website\",\"url\":\"https:\/\/maynenkhithuanphat.com.vn\/\",\"name\":\"M\\u00e1y N\\u00e9n Kh\\u00ed Thu\\u1eadn Ph\\u00e1t\",\"description\":\"\",\"publisher\":{\"@id\":\"https:\/\/maynenkhithuanphat.com.vn\/#organization\"},\"potentialAction\":[{\"@type\":\"SearchAction\",\"target\":\"https:\/\/maynenkhithuanphat.com.vn\/?s={search_term_string}\",\"query-input\":\"required name=search_term_string\"}],\"inLanguage\":\"vi\"},{\"@type\":\"ImageObject\",\"@id\":\"https:\/\/maynenkhithuanphat.com.vn\/?product=may-phat-dien-dong-co-volvo#primaryimage\",\"inLanguage\":\"vi\",\"url\":\"https:\/\/maynenkhithuanphat.com.vn\/wp-content\/uploads\/2023\/07\/z4428988608725_358710106470df3eb0cd0739b182d140.jpg\",\"contentUrl\":\"https:\/\/maynenkhithuanphat.com.vn\/wp-content\/uploads\/2023\/07\/z4428988608725_358710106470df3eb0cd0739b182d140.jpg\",\"width\":800,\"height\":800},{\"@type\":\"WebPage\",\"@id\":\"https:\/\/maynenkhithuanphat.com.vn\/?product=may-phat-dien-dong-co-volvo#webpage\",\"url\":\"https:\/\/maynenkhithuanphat.com.vn\/?product=may-phat-dien-dong-co-volvo\",\"name\":\"M\\u00e1y ph\\u00e1t \\u0111i\\u1ec7n \\u0111\\u1ed9ng c\\u01a1 Volvo Th\\u1ee5y S\\u0129, si\\u00eau b\\u1ec1n, th\\u00e2n thi\\u1ec7n v\\u1edbi m\\u00f4i tr\\u01b0\\u1eddng\",\"isPartOf\":{\"@id\":\"https:\/\/maynenkhithuanphat.com.vn\/#website\"},\"primaryImageOfPage\":{\"@id\":\"https:\/\/maynenkhithuanphat.com.vn\/?product=may-phat-dien-dong-co-volvo#primaryimage\"},\"datePublished\":\"2023-07-06T07:29:29+00:00\",\"dateModified\":\"2024-07-01T22:10:51+00:00\",\"description\":\"M\\u00e1y ph\\u00e1t \\u0111i\\u1ec7n \\u0111\\u1ed9ng c\\u01a1 Volvo\",\"breadcrumb\":{\"@id\":\"https:\/\/maynenkhithuanphat.com.vn\/?product=may-phat-dien-dong-co-volvo#breadcrumb\"},\"inLanguage\":\"vi\",\"potentialAction\":[{\"@type\":\"ReadAction\",\"target\":[\"https:\/\/maynenkhithuanphat.com.vn\/?product=may-phat-dien-dong-co-volvo\"]}]},{\"@type\":\"BreadcrumbList\",\"@id\":\"https:\/\/maynenkhithuanphat.com.vn\/?product=may-phat-dien-dong-co-volvo#breadcrumb\",\"itemListElement\":[{\"@type\":\"ListItem\",\"position\":1,\"name\":\"Trang ch\\u1ee7\",\"item\":\"https:\/\/maynenkhithuanphat.com.vn\/\"},{\"@type\":\"ListItem\",\"position\":2,\"name\":\"\"},{\"@type\":\"ListItem\",\"position\":3,\"name\":\"M\\u00c1Y PH\\u00c1T \\u0110I\\u1ec6N THU\\u1eacN PH\\u00c1T\",\"item\":\"https:\/\/maynenkhithuanphat.com.vn\/?product_cat=may-phat-dien\"},{\"@type\":\"ListItem\",\"position\":4,\"name\":\"M\\u00e1y ph\\u00e1t \\u0111i\\u1ec7n \\u0111\\u1ed9ng c\\u01a1 Volvo\"}]}]}<\/script>\n<!-- \/ Yoast SEO plugin. -->","_links":{"self":[{"href":"https:\/\/maynenkhithuanphat.com.vn\/index.php?rest_route=\/wp\/v2\/product\/2829"}],"collection":[{"href":"https:\/\/maynenkhithuanphat.com.vn\/index.php?rest_route=\/wp\/v2\/product"}],"about":[{"href":"https:\/\/maynenkhithuanphat.com.vn\/index.php?rest_route=\/wp\/v2\/types\/product"}],"replies":[{"embeddable":true,"href":"https:\/\/maynenkhithuanphat.com.vn\/index.php?rest_route=%2Fwp%2Fv2%2Fcomments&post=2829"}],"wp:featuredmedia":[{"embeddable":true,"href":"https:\/\/maynenkhithuanphat.com.vn\/index.php?rest_route=\/wp\/v2\/media\/2834"}],"wp:attachment":[{"href":"https:\/\/maynenkhithuanphat.com.vn\/index.php?rest_route=%2Fwp%2Fv2%2Fmedia&parent=2829"}],"wp:term":[{"taxonomy":"product_cat","embeddable":true,"href":"https:\/\/maynenkhithuanphat.com.vn\/index.php?rest_route=%2Fwp%2Fv2%2Fproduct_cat&post=2829"},{"taxonomy":"product_tag","embeddable":true,"href":"https:\/\/maynenkhithuanphat.com.vn\/index.php?rest_route=%2Fwp%2Fv2%2Fproduct_tag&post=2829"}],"curies":[{"name":"wp","href":"https:\/\/api.w.org\/{rel}","templated":true}]}}