{"id":2403,"date":"2021-06-03T08:37:40","date_gmt":"2021-06-03T08:37:40","guid":{"rendered":"http:\/\/maynenkhithuanphat.com.vn\/?post_type=product&#038;p=2403"},"modified":"2024-03-03T14:23:50","modified_gmt":"2024-03-03T14:23:50","slug":"van-xa-nuoc-may-nen-khi","status":"publish","type":"product","link":"https:\/\/maynenkhithuanphat.com.vn\/?product=van-xa-nuoc-may-nen-khi","title":{"rendered":"Van x\u1ea3 n\u01b0\u1edbc m\u00e1y n\u00e9n kh\u00ed"},"content":{"rendered":"<p><a href=\"http:\/\/maynenkhithuanphat.com.vn\/may-nen-khi-truc-vit\/loc-duong-ong-may-nen-khi-air-filter\/\"><strong>Van x\u1ea3 n\u01b0\u1edbc t\u1ef1 \u0111\u1ed9ng<\/strong><\/a><\/p>\n<p>\u0110\u01b0\u1ee3c d\u00f9ng \u0111\u1ec3 l\u1eafp v\u00e0o l\u1ecdc \u0111\u01b0\u1eddng \u1ed1ng m\u00e1y n\u00e9n kh\u00ed ho\u1eb7c v\u00e0o b\u00ecnh t\u00edch kh\u00ed n\u00e9n&#8230;. \u0111\u1ec3 x\u1ea3 n\u01b0\u1edbc khi n\u00f3 \u0111\u1ea1t \u0111\u1ebfn m\u1ee9c x\u1ea3. Van x\u1ea3 l\u00e0m t\u0103ng hi\u1ec7u qu\u1ea3 l\u1ecdc n\u01b0\u1edbc trong kh\u00ed n\u00e9n gi\u1ea3m nh\u00e2n c\u00f4ng v\u1eadn h\u00e0nh, ti\u1ebft ki\u1ec7m chi ph\u00ed b\u1ea3o h\u00e0nh b\u1ea3o d\u01b0\u1ee1ng do qu\u00ean x\u1ea3 n\u01b0\u1edbc&#8230;<\/p>\n<figure id=\"attachment_2571\" class=\"wp-caption alignnone\" ><img decoding=\"async\" loading=\"lazy\" class=\"size-medium wp-image-2571\" src=\"https:\/\/maynenkhithuanphat.com.vn\/wp-content\/uploads\/2021\/06\/coc-xa-tu-dong-300x193.jpg\" alt=\"\" width=\"300\" height=\"193\" srcset=\"https:\/\/maynenkhithuanphat.com.vn\/wp-content\/uploads\/2021\/06\/coc-xa-tu-dong-300x193.jpg 300w, https:\/\/maynenkhithuanphat.com.vn\/wp-content\/uploads\/2021\/06\/coc-xa-tu-dong-510x328.jpg 510w, https:\/\/maynenkhithuanphat.com.vn\/wp-content\/uploads\/2021\/06\/coc-xa-tu-dong-1024x658.jpg 1024w, https:\/\/maynenkhithuanphat.com.vn\/wp-content\/uploads\/2021\/06\/coc-xa-tu-dong-768x494.jpg 768w, https:\/\/maynenkhithuanphat.com.vn\/wp-content\/uploads\/2021\/06\/coc-xa-tu-dong-50x32.jpg 50w, https:\/\/maynenkhithuanphat.com.vn\/wp-content\/uploads\/2021\/06\/coc-xa-tu-dong.jpg 1279w\" sizes=\"(max-width: 300px) 100vw, 300px\" \/><figcaption class=\"wp-caption-text\">van xa nuoc tu dong<\/figcaption><\/figure>\n<figure id=\"attachment_2572\" class=\"wp-caption alignnone\" ><img decoding=\"async\" loading=\"lazy\" class=\"size-medium wp-image-2572\" src=\"https:\/\/maynenkhithuanphat.com.vn\/wp-content\/uploads\/2021\/06\/vanxanuoc-300x300.jpg\" alt=\"\" width=\"300\" height=\"300\" srcset=\"https:\/\/maynenkhithuanphat.com.vn\/wp-content\/uploads\/2021\/06\/vanxanuoc-300x300.jpg 300w, https:\/\/maynenkhithuanphat.com.vn\/wp-content\/uploads\/2021\/06\/vanxanuoc-247x247.jpg 247w, https:\/\/maynenkhithuanphat.com.vn\/wp-content\/uploads\/2021\/06\/vanxanuoc-100x100.jpg 100w, https:\/\/maynenkhithuanphat.com.vn\/wp-content\/uploads\/2021\/06\/vanxanuoc-510x510.jpg 510w, https:\/\/maynenkhithuanphat.com.vn\/wp-content\/uploads\/2021\/06\/vanxanuoc-150x150.jpg 150w, https:\/\/maynenkhithuanphat.com.vn\/wp-content\/uploads\/2021\/06\/vanxanuoc-50x50.jpg 50w, https:\/\/maynenkhithuanphat.com.vn\/wp-content\/uploads\/2021\/06\/vanxanuoc-80x80.jpg 80w, https:\/\/maynenkhithuanphat.com.vn\/wp-content\/uploads\/2021\/06\/vanxanuoc.jpg 600w\" sizes=\"(max-width: 300px) 100vw, 300px\" \/><figcaption class=\"wp-caption-text\">van xa nuoc tu dong<\/figcaption><\/figure>\n<p>&nbsp;<\/p>\n","protected":false},"excerpt":{"rendered":"<p>Van x\u1ea3 n\u01b0\u1edbc t\u1ef1 \u0111\u1ed9ng \u0110\u01b0\u1ee3c d\u00f9ng \u0111\u1ec3 l\u1eafp v\u00e0o l\u1ecdc \u0111\u01b0\u1eddng \u1ed1ng m\u00e1y n\u00e9n kh\u00ed ho\u1eb7c v\u00e0o b\u00ecnh t\u00edch kh\u00ed n\u00e9n&#8230;. \u0111\u1ec3 x\u1ea3 n\u01b0\u1edbc khi n\u00f3 \u0111\u1ea1t \u0111\u1ebfn m\u1ee9c x\u1ea3. Van x\u1ea3 l\u00e0m t\u0103ng hi\u1ec7u qu\u1ea3 l\u1ecdc n\u01b0\u1edbc trong kh\u00ed n\u00e9n gi\u1ea3m nh\u00e2n c\u00f4ng v\u1eadn h\u00e0nh, ti\u1ebft ki\u1ec7m chi ph\u00ed b\u1ea3o h\u00e0nh b\u1ea3o d\u01b0\u1ee1ng [&#8230;]\n","protected":false},"featured_media":2571,"comment_status":"open","ping_status":"closed","template":"","meta":[],"product_cat":[137],"product_tag":[569,568,567],"yoast_head":"<!-- This site is optimized with the Yoast SEO plugin v16.5 - https:\/\/yoast.com\/wordpress\/plugins\/seo\/ -->\n<title>Van x\u1ea3 n\u01b0\u1edbc m\u00e1y n\u00e9n kh\u00ed - M\u00e1y n\u00e9n kh\u00ed Thu\u1eadn Ph\u00e1t<\/title>\n<meta name=\"description\" content=\"Van x\u1ea3 n\u01b0\u1edbc m\u00e1y n\u00e9n kh\u00ed t\u1ef1 \u0111\u1ed9ng x\u1ea3 n\u01b0\u1edbc, d\u00f9ng \u0111\u1ec3 l\u1eafp v\u00e0o l\u1ecdc \u0111\u01b0\u1eddng \u1ed1ng m\u00e1y n\u00e9n kh\u00ed ho\u1eb7c v\u00e0o b\u00ecnh t\u00edch kh\u00ed n\u00e9n,...\" \/>\n<meta name=\"robots\" content=\"index, follow, max-snippet:-1, max-image-preview:large, max-video-preview:-1\" \/>\n<link rel=\"canonical\" href=\"https:\/\/maynenkhithuanphat.com.vn\/?product=van-xa-nuoc-may-nen-khi\" \/>\n<meta property=\"og:locale\" content=\"vi_VN\" \/>\n<meta property=\"og:type\" content=\"article\" \/>\n<meta property=\"og:title\" content=\"Van x\u1ea3 n\u01b0\u1edbc m\u00e1y n\u00e9n kh\u00ed - M\u00e1y n\u00e9n kh\u00ed Thu\u1eadn Ph\u00e1t\" \/>\n<meta property=\"og:description\" content=\"Van x\u1ea3 n\u01b0\u1edbc m\u00e1y n\u00e9n kh\u00ed t\u1ef1 \u0111\u1ed9ng x\u1ea3 n\u01b0\u1edbc, d\u00f9ng \u0111\u1ec3 l\u1eafp v\u00e0o l\u1ecdc \u0111\u01b0\u1eddng \u1ed1ng m\u00e1y n\u00e9n kh\u00ed ho\u1eb7c v\u00e0o b\u00ecnh t\u00edch kh\u00ed n\u00e9n,...\" \/>\n<meta property=\"og:url\" content=\"https:\/\/maynenkhithuanphat.com.vn\/?product=van-xa-nuoc-may-nen-khi\" \/>\n<meta property=\"og:site_name\" content=\"M\u00e1y N\u00e9n Kh\u00ed Thu\u1eadn Ph\u00e1t\" \/>\n<meta property=\"article:publisher\" content=\"https:\/\/www.facebook.com\/phat.thuan.370177\/\" \/>\n<meta property=\"article:modified_time\" content=\"2024-03-03T14:23:50+00:00\" \/>\n<meta property=\"og:image\" content=\"https:\/\/maynenkhithuanphat.com.vn\/wp-content\/uploads\/2021\/06\/coc-xa-tu-dong.jpg\" \/>\n\t<meta property=\"og:image:width\" content=\"1279\" \/>\n\t<meta property=\"og:image:height\" content=\"822\" \/>\n<meta name=\"twitter:card\" content=\"summary_large_image\" \/>\n<meta name=\"twitter:label1\" content=\"\u01af\u1edbc t\u00ednh th\u1eddi gian \u0111\u1ecdc\" \/>\n\t<meta name=\"twitter:data1\" content=\"1 ph\u00fat\" \/>\n<script type=\"application\/ld+json\" class=\"yoast-schema-graph\">{\"@context\":\"https:\/\/schema.org\",\"@graph\":[{\"@type\":\"Organization\",\"@id\":\"https:\/\/maynenkhithuanphat.com.vn\/#organization\",\"name\":\"C\\u00f4ng ty TNHH PT XNK Thu\\u1eadn Ph\\u00e1t\",\"url\":\"https:\/\/maynenkhithuanphat.com.vn\/\",\"sameAs\":[\"https:\/\/www.facebook.com\/phat.thuan.370177\/\",\"https:\/\/www.instagram.com\/phat.thuan.370177\/\",\"https:\/\/www.youtube.com\/channel\/UCWRaaKUOooP_xTqnN5ds1eg\/featured\",\"https:\/\/www.pinterest.com\/maynenkhithuanphat\/_created\/\"],\"logo\":{\"@type\":\"ImageObject\",\"@id\":\"https:\/\/maynenkhithuanphat.com.vn\/#logo\",\"inLanguage\":\"vi\",\"url\":\"https:\/\/maynenkhithuanphat.com.vn\/wp-content\/uploads\/2018\/05\/logo-1.png\",\"contentUrl\":\"https:\/\/maynenkhithuanphat.com.vn\/wp-content\/uploads\/2018\/05\/logo-1.png\",\"width\":500,\"height\":104,\"caption\":\"C\\u00f4ng ty TNHH PT XNK Thu\\u1eadn Ph\\u00e1t\"},\"image\":{\"@id\":\"https:\/\/maynenkhithuanphat.com.vn\/#logo\"}},{\"@type\":\"WebSite\",\"@id\":\"https:\/\/maynenkhithuanphat.com.vn\/#website\",\"url\":\"https:\/\/maynenkhithuanphat.com.vn\/\",\"name\":\"M\\u00e1y N\\u00e9n Kh\\u00ed Thu\\u1eadn Ph\\u00e1t\",\"description\":\"\",\"publisher\":{\"@id\":\"https:\/\/maynenkhithuanphat.com.vn\/#organization\"},\"potentialAction\":[{\"@type\":\"SearchAction\",\"target\":\"https:\/\/maynenkhithuanphat.com.vn\/?s={search_term_string}\",\"query-input\":\"required name=search_term_string\"}],\"inLanguage\":\"vi\"},{\"@type\":\"ImageObject\",\"@id\":\"https:\/\/maynenkhithuanphat.com.vn\/?product=van-xa-nuoc-may-nen-khi#primaryimage\",\"inLanguage\":\"vi\",\"url\":\"https:\/\/maynenkhithuanphat.com.vn\/wp-content\/uploads\/2021\/06\/coc-xa-tu-dong.jpg\",\"contentUrl\":\"https:\/\/maynenkhithuanphat.com.vn\/wp-content\/uploads\/2021\/06\/coc-xa-tu-dong.jpg\",\"width\":1279,\"height\":822,\"caption\":\"van xa nuoc tu dong\"},{\"@type\":\"WebPage\",\"@id\":\"https:\/\/maynenkhithuanphat.com.vn\/?product=van-xa-nuoc-may-nen-khi#webpage\",\"url\":\"https:\/\/maynenkhithuanphat.com.vn\/?product=van-xa-nuoc-may-nen-khi\",\"name\":\"Van x\\u1ea3 n\\u01b0\\u1edbc m\\u00e1y n\\u00e9n kh\\u00ed - M\\u00e1y n\\u00e9n kh\\u00ed Thu\\u1eadn Ph\\u00e1t\",\"isPartOf\":{\"@id\":\"https:\/\/maynenkhithuanphat.com.vn\/#website\"},\"primaryImageOfPage\":{\"@id\":\"https:\/\/maynenkhithuanphat.com.vn\/?product=van-xa-nuoc-may-nen-khi#primaryimage\"},\"datePublished\":\"2021-06-03T08:37:40+00:00\",\"dateModified\":\"2024-03-03T14:23:50+00:00\",\"description\":\"Van x\\u1ea3 n\\u01b0\\u1edbc m\\u00e1y n\\u00e9n kh\\u00ed t\\u1ef1 \\u0111\\u1ed9ng x\\u1ea3 n\\u01b0\\u1edbc, d\\u00f9ng \\u0111\\u1ec3 l\\u1eafp v\\u00e0o l\\u1ecdc \\u0111\\u01b0\\u1eddng \\u1ed1ng m\\u00e1y n\\u00e9n kh\\u00ed ho\\u1eb7c v\\u00e0o b\\u00ecnh t\\u00edch kh\\u00ed n\\u00e9n,...\",\"breadcrumb\":{\"@id\":\"https:\/\/maynenkhithuanphat.com.vn\/?product=van-xa-nuoc-may-nen-khi#breadcrumb\"},\"inLanguage\":\"vi\",\"potentialAction\":[{\"@type\":\"ReadAction\",\"target\":[\"https:\/\/maynenkhithuanphat.com.vn\/?product=van-xa-nuoc-may-nen-khi\"]}]},{\"@type\":\"BreadcrumbList\",\"@id\":\"https:\/\/maynenkhithuanphat.com.vn\/?product=van-xa-nuoc-may-nen-khi#breadcrumb\",\"itemListElement\":[{\"@type\":\"ListItem\",\"position\":1,\"name\":\"Trang ch\\u1ee7\",\"item\":\"https:\/\/maynenkhithuanphat.com.vn\/\"},{\"@type\":\"ListItem\",\"position\":2,\"name\":\"\"},{\"@type\":\"ListItem\",\"position\":3,\"name\":\"PH\\u1ee4 T\\u00d9NG M\\u00c1Y N\\u00c9N KH\\u00cd\",\"item\":\"https:\/\/maynenkhithuanphat.com.vn\/danh-muc-san-pham\/phu-tung-may-nen-khi\/\"},{\"@type\":\"ListItem\",\"position\":4,\"name\":\"Van x\\u1ea3 n\\u01b0\\u1edbc m\\u00e1y n\\u00e9n kh\\u00ed\"}]}]}<\/script>\n<!-- \/ Yoast SEO plugin. -->","_links":{"self":[{"href":"https:\/\/maynenkhithuanphat.com.vn\/index.php?rest_route=\/wp\/v2\/product\/2403"}],"collection":[{"href":"https:\/\/maynenkhithuanphat.com.vn\/index.php?rest_route=\/wp\/v2\/product"}],"about":[{"href":"https:\/\/maynenkhithuanphat.com.vn\/index.php?rest_route=\/wp\/v2\/types\/product"}],"replies":[{"embeddable":true,"href":"https:\/\/maynenkhithuanphat.com.vn\/index.php?rest_route=%2Fwp%2Fv2%2Fcomments&post=2403"}],"wp:featuredmedia":[{"embeddable":true,"href":"https:\/\/maynenkhithuanphat.com.vn\/index.php?rest_route=\/wp\/v2\/media\/2571"}],"wp:attachment":[{"href":"https:\/\/maynenkhithuanphat.com.vn\/index.php?rest_route=%2Fwp%2Fv2%2Fmedia&parent=2403"}],"wp:term":[{"taxonomy":"product_cat","embeddable":true,"href":"https:\/\/maynenkhithuanphat.com.vn\/index.php?rest_route=%2Fwp%2Fv2%2Fproduct_cat&post=2403"},{"taxonomy":"product_tag","embeddable":true,"href":"https:\/\/maynenkhithuanphat.com.vn\/index.php?rest_route=%2Fwp%2Fv2%2Fproduct_tag&post=2403"}],"curies":[{"name":"wp","href":"https:\/\/api.w.org\/{rel}","templated":true}]}}