{"id":2323,"date":"2021-05-06T00:45:14","date_gmt":"2021-05-06T00:45:14","guid":{"rendered":"http:\/\/maynenkhithuanphat.com.vn\/?post_type=product&#038;p=2323"},"modified":"2024-10-09T09:05:42","modified_gmt":"2024-10-09T09:05:42","slug":"may-thoi-truc-vit-khong-dau-4kg","status":"publish","type":"product","link":"https:\/\/maynenkhithuanphat.com.vn\/?product=may-thoi-truc-vit-khong-dau-4kg","title":{"rendered":"M\u00e1y th\u1ed5i tr\u1ee5c v\u00edt kh\u00f4ng d\u1ea7u \u00e1p 4kg"},"content":{"rendered":"<div class=\"kvgmc6g5 cxmmr5t8 oygrvhab hcukyx3x c1et5uql ii04i59q\">\n<div dir=\"auto\"><strong><span style=\"color: #ff0000;\"><a href=\"http:\/\/maynenkhithuanphat.com.vn\/may-nen-khi-truc-vit\/may-thoi-truc-vit-khong-dau\/\">M\u00c1Y TH\u1ed4I TR\u1ee4C V\u00cdT KH\u00d4NG D\u1ea6U \u00c1P TH\u1ea4P<\/a><\/span><\/strong><\/div>\n<div dir=\"auto\">Ti\u1ebft ki\u1ec7m h\u01a1n so v\u1edbi m\u00e1y th\u1ed5i kh\u00ed d\u1ea1ng roots 30-45%<\/div>\n<\/div>\n<div class=\"o9v6fnle cxmmr5t8 oygrvhab hcukyx3x c1et5uql ii04i59q\">\n<div dir=\"auto\">C\u00f4ng su\u1ea5t: 30-500 HP<\/div>\n<div dir=\"auto\">\u00c1p su\u1ea5t : <a href=\"http:\/\/maynenkhithuanphat.com.vn\/may-nen-khi-truc-vit\/may-thoi-truc-vit-khong-dau-4-ky\/\">0.4 -1.5 bar<\/a><\/div>\n<\/div>\n<div class=\"o9v6fnle cxmmr5t8 oygrvhab hcukyx3x c1et5uql ii04i59q\">\n<div dir=\"auto\">&#8211; \u1ee8ng d\u1ee5ng trong vi\u1ec7c Thu h\u1ed3i tro bay, kh\u1eed l\u01b0u h\u00ecnh trong c\u00e1c nh\u00e0 m\u00e1y nhi\u1ec7t \u0111i\u1ec7n.<\/div>\n<div dir=\"auto\">&#8211; \u1ee8ng d\u1ee5ng trong vi\u1ec7c x\u1eed l\u00fd n\u01b0\u1edbc th\u1ea3i c\u00f4ng nghi\u1ec7p.<\/div>\n<div dir=\"auto\">&#8211; \u1ee8ng d\u1ee5ng trong c\u00f4ng nghi\u1ec7p khai th\u00e1c m\u1ecf luy\u1ec7n kim.<\/div>\n<div dir=\"auto\">&#8211; \u1ee8ng d\u1ee5ng trong c\u00e1c nh\u00e0 m\u00e1y xi m\u0103ng.<\/div>\n<\/div>\n<p style=\"text-align: center;\"><strong><span style=\"color: #ff0000;\">TH\u00d4NG S\u1ed0 K\u1ef8 THU\u1eacT <a href=\"http:\/\/maynenkhithuanphat.com.vn\/may-nen-khi-truc-vit\/may-thoi-truc-vit-khong-dau\/\">M\u00c1Y TH\u1ed4I TR\u1ee4C V\u00cdT KH\u00d4NG D\u1ea6U \u00c1P TH\u1ea4P<\/a><\/span><\/strong><\/p>\n<p><img decoding=\"async\" loading=\"lazy\" class=\"aligncenter size-full wp-image-2327\" src=\"http:\/\/maynenkhithuanphat.com.vn\/wp-content\/uploads\/2021\/05\/15837375635285459.jpg\" alt=\"\" width=\"800\" height=\"933\" srcset=\"https:\/\/maynenkhithuanphat.com.vn\/wp-content\/uploads\/2021\/05\/15837375635285459.jpg 800w, https:\/\/maynenkhithuanphat.com.vn\/wp-content\/uploads\/2021\/05\/15837375635285459-510x595.jpg 510w, https:\/\/maynenkhithuanphat.com.vn\/wp-content\/uploads\/2021\/05\/15837375635285459-257x300.jpg 257w, https:\/\/maynenkhithuanphat.com.vn\/wp-content\/uploads\/2021\/05\/15837375635285459-768x896.jpg 768w, https:\/\/maynenkhithuanphat.com.vn\/wp-content\/uploads\/2021\/05\/15837375635285459-43x50.jpg 43w\" sizes=\"(max-width: 800px) 100vw, 800px\" \/><\/p>\n","protected":false},"excerpt":{"rendered":"<p>M\u00c1Y TH\u1ed4I TR\u1ee4C V\u00cdT KH\u00d4NG D\u1ea6U \u00c1P TH\u1ea4P Ti\u1ebft ki\u1ec7m h\u01a1n so v\u1edbi m\u00e1y th\u1ed5i kh\u00ed d\u1ea1ng roots 30-45% C\u00f4ng su\u1ea5t: 30-500 HP \u00c1p su\u1ea5t : 0.4 -1.5 bar &#8211; \u1ee8ng d\u1ee5ng trong vi\u1ec7c Thu h\u1ed3i tro bay, kh\u1eed l\u01b0u h\u00ecnh trong c\u00e1c nh\u00e0 m\u00e1y nhi\u1ec7t \u0111i\u1ec7n. &#8211; \u1ee8ng d\u1ee5ng trong vi\u1ec7c x\u1eed l\u00fd n\u01b0\u1edbc [&#8230;]\n","protected":false},"featured_media":2865,"comment_status":"closed","ping_status":"closed","template":"","meta":[],"product_cat":[162],"product_tag":[552,551],"yoast_head":"<!-- This site is optimized with the Yoast SEO plugin v16.5 - https:\/\/yoast.com\/wordpress\/plugins\/seo\/ -->\n<title>M\u00e1y th\u1ed5i tr\u1ee5c v\u00edt kh\u00f4ng d\u1ea7u \u00e1p 4kg - M\u00e1y n\u00e9n kh\u00ed Thu\u1eadn Ph\u00e1t<\/title>\n<meta name=\"description\" content=\"M\u00e1y th\u1ed5i tr\u1ee5c v\u00edt kh\u00f4ng d\u1ea7u \u00e1p 4kg Ti\u1ebft ki\u1ec7m h\u01a1n so v\u1edbi m\u00e1y th\u1ed5i kh\u00ed d\u1ea1ng roots 30-45%, C\u00f4ng su\u1ea5t 30-500HP, b\u1ea3o h\u00e0nh 5 n\u0103m.\" \/>\n<meta name=\"robots\" content=\"index, follow, max-snippet:-1, max-image-preview:large, max-video-preview:-1\" \/>\n<link rel=\"canonical\" href=\"https:\/\/maynenkhithuanphat.com.vn\/?product=may-thoi-truc-vit-khong-dau-4kg\" \/>\n<meta property=\"og:locale\" content=\"vi_VN\" \/>\n<meta property=\"og:type\" content=\"article\" \/>\n<meta property=\"og:title\" content=\"M\u00e1y th\u1ed5i tr\u1ee5c v\u00edt kh\u00f4ng d\u1ea7u \u00e1p 4kg - M\u00e1y n\u00e9n kh\u00ed Thu\u1eadn Ph\u00e1t\" \/>\n<meta property=\"og:description\" content=\"M\u00e1y th\u1ed5i tr\u1ee5c v\u00edt kh\u00f4ng d\u1ea7u \u00e1p 4kg Ti\u1ebft ki\u1ec7m h\u01a1n so v\u1edbi m\u00e1y th\u1ed5i kh\u00ed d\u1ea1ng roots 30-45%, C\u00f4ng su\u1ea5t 30-500HP, b\u1ea3o h\u00e0nh 5 n\u0103m.\" \/>\n<meta property=\"og:url\" content=\"https:\/\/maynenkhithuanphat.com.vn\/?product=may-thoi-truc-vit-khong-dau-4kg\" \/>\n<meta property=\"og:site_name\" content=\"M\u00e1y N\u00e9n Kh\u00ed Thu\u1eadn Ph\u00e1t\" \/>\n<meta property=\"article:publisher\" content=\"https:\/\/www.facebook.com\/phat.thuan.370177\/\" \/>\n<meta property=\"article:modified_time\" content=\"2024-10-09T09:05:42+00:00\" \/>\n<meta property=\"og:image\" content=\"https:\/\/maynenkhithuanphat.com.vn\/wp-content\/uploads\/2021\/05\/DG.jpg\" \/>\n\t<meta property=\"og:image:width\" content=\"1000\" \/>\n\t<meta property=\"og:image:height\" content=\"1000\" \/>\n<meta name=\"twitter:card\" content=\"summary_large_image\" \/>\n<meta name=\"twitter:label1\" content=\"\u01af\u1edbc t\u00ednh th\u1eddi gian \u0111\u1ecdc\" \/>\n\t<meta name=\"twitter:data1\" content=\"1 ph\u00fat\" \/>\n<script type=\"application\/ld+json\" class=\"yoast-schema-graph\">{\"@context\":\"https:\/\/schema.org\",\"@graph\":[{\"@type\":\"Organization\",\"@id\":\"https:\/\/maynenkhithuanphat.com.vn\/#organization\",\"name\":\"C\\u00f4ng ty TNHH PT XNK Thu\\u1eadn Ph\\u00e1t\",\"url\":\"https:\/\/maynenkhithuanphat.com.vn\/\",\"sameAs\":[\"https:\/\/www.facebook.com\/phat.thuan.370177\/\",\"https:\/\/www.instagram.com\/phat.thuan.370177\/\",\"https:\/\/www.youtube.com\/channel\/UCWRaaKUOooP_xTqnN5ds1eg\/featured\",\"https:\/\/www.pinterest.com\/maynenkhithuanphat\/_created\/\"],\"logo\":{\"@type\":\"ImageObject\",\"@id\":\"https:\/\/maynenkhithuanphat.com.vn\/#logo\",\"inLanguage\":\"vi\",\"url\":\"https:\/\/maynenkhithuanphat.com.vn\/wp-content\/uploads\/2018\/05\/logo-1.png\",\"contentUrl\":\"https:\/\/maynenkhithuanphat.com.vn\/wp-content\/uploads\/2018\/05\/logo-1.png\",\"width\":500,\"height\":104,\"caption\":\"C\\u00f4ng ty TNHH PT XNK Thu\\u1eadn Ph\\u00e1t\"},\"image\":{\"@id\":\"https:\/\/maynenkhithuanphat.com.vn\/#logo\"}},{\"@type\":\"WebSite\",\"@id\":\"https:\/\/maynenkhithuanphat.com.vn\/#website\",\"url\":\"https:\/\/maynenkhithuanphat.com.vn\/\",\"name\":\"M\\u00e1y N\\u00e9n Kh\\u00ed Thu\\u1eadn Ph\\u00e1t\",\"description\":\"\",\"publisher\":{\"@id\":\"https:\/\/maynenkhithuanphat.com.vn\/#organization\"},\"potentialAction\":[{\"@type\":\"SearchAction\",\"target\":\"https:\/\/maynenkhithuanphat.com.vn\/?s={search_term_string}\",\"query-input\":\"required name=search_term_string\"}],\"inLanguage\":\"vi\"},{\"@type\":\"ImageObject\",\"@id\":\"https:\/\/maynenkhithuanphat.com.vn\/?product=may-thoi-truc-vit-khong-dau-4kg#primaryimage\",\"inLanguage\":\"vi\",\"url\":\"https:\/\/maynenkhithuanphat.com.vn\/wp-content\/uploads\/2021\/05\/DG.jpg\",\"contentUrl\":\"https:\/\/maynenkhithuanphat.com.vn\/wp-content\/uploads\/2021\/05\/DG.jpg\",\"width\":1000,\"height\":1000},{\"@type\":\"WebPage\",\"@id\":\"https:\/\/maynenkhithuanphat.com.vn\/?product=may-thoi-truc-vit-khong-dau-4kg#webpage\",\"url\":\"https:\/\/maynenkhithuanphat.com.vn\/?product=may-thoi-truc-vit-khong-dau-4kg\",\"name\":\"M\\u00e1y th\\u1ed5i tr\\u1ee5c v\\u00edt kh\\u00f4ng d\\u1ea7u \\u00e1p 4kg - M\\u00e1y n\\u00e9n kh\\u00ed Thu\\u1eadn Ph\\u00e1t\",\"isPartOf\":{\"@id\":\"https:\/\/maynenkhithuanphat.com.vn\/#website\"},\"primaryImageOfPage\":{\"@id\":\"https:\/\/maynenkhithuanphat.com.vn\/?product=may-thoi-truc-vit-khong-dau-4kg#primaryimage\"},\"datePublished\":\"2021-05-06T00:45:14+00:00\",\"dateModified\":\"2024-10-09T09:05:42+00:00\",\"description\":\"M\\u00e1y th\\u1ed5i tr\\u1ee5c v\\u00edt kh\\u00f4ng d\\u1ea7u \\u00e1p 4kg Ti\\u1ebft ki\\u1ec7m h\\u01a1n so v\\u1edbi m\\u00e1y th\\u1ed5i kh\\u00ed d\\u1ea1ng roots 30-45%, C\\u00f4ng su\\u1ea5t 30-500HP, b\\u1ea3o h\\u00e0nh 5 n\\u0103m.\",\"breadcrumb\":{\"@id\":\"https:\/\/maynenkhithuanphat.com.vn\/?product=may-thoi-truc-vit-khong-dau-4kg#breadcrumb\"},\"inLanguage\":\"vi\",\"potentialAction\":[{\"@type\":\"ReadAction\",\"target\":[\"https:\/\/maynenkhithuanphat.com.vn\/?product=may-thoi-truc-vit-khong-dau-4kg\"]}]},{\"@type\":\"BreadcrumbList\",\"@id\":\"https:\/\/maynenkhithuanphat.com.vn\/?product=may-thoi-truc-vit-khong-dau-4kg#breadcrumb\",\"itemListElement\":[{\"@type\":\"ListItem\",\"position\":1,\"name\":\"Trang ch\\u1ee7\",\"item\":\"https:\/\/maynenkhithuanphat.com.vn\/\"},{\"@type\":\"ListItem\",\"position\":2,\"name\":\"\"},{\"@type\":\"ListItem\",\"position\":3,\"name\":\"M\\u00c1Y N\\u00c9N KH\\u00cd KH\\u00d4NG D\\u1ea6U\",\"item\":\"https:\/\/maynenkhithuanphat.com.vn\/?product_cat=may-nen-khi-khong-dau\"},{\"@type\":\"ListItem\",\"position\":4,\"name\":\"M\\u00e1y th\\u1ed5i tr\\u1ee5c v\\u00edt kh\\u00f4ng d\\u1ea7u \\u00e1p 4kg\"}]}]}<\/script>\n<!-- \/ Yoast SEO plugin. -->","_links":{"self":[{"href":"https:\/\/maynenkhithuanphat.com.vn\/index.php?rest_route=\/wp\/v2\/product\/2323"}],"collection":[{"href":"https:\/\/maynenkhithuanphat.com.vn\/index.php?rest_route=\/wp\/v2\/product"}],"about":[{"href":"https:\/\/maynenkhithuanphat.com.vn\/index.php?rest_route=\/wp\/v2\/types\/product"}],"replies":[{"embeddable":true,"href":"https:\/\/maynenkhithuanphat.com.vn\/index.php?rest_route=%2Fwp%2Fv2%2Fcomments&post=2323"}],"wp:featuredmedia":[{"embeddable":true,"href":"https:\/\/maynenkhithuanphat.com.vn\/index.php?rest_route=\/wp\/v2\/media\/2865"}],"wp:attachment":[{"href":"https:\/\/maynenkhithuanphat.com.vn\/index.php?rest_route=%2Fwp%2Fv2%2Fmedia&parent=2323"}],"wp:term":[{"taxonomy":"product_cat","embeddable":true,"href":"https:\/\/maynenkhithuanphat.com.vn\/index.php?rest_route=%2Fwp%2Fv2%2Fproduct_cat&post=2323"},{"taxonomy":"product_tag","embeddable":true,"href":"https:\/\/maynenkhithuanphat.com.vn\/index.php?rest_route=%2Fwp%2Fv2%2Fproduct_tag&post=2323"}],"curies":[{"name":"wp","href":"https:\/\/api.w.org\/{rel}","templated":true}]}}