{"id":2157,"date":"2020-04-15T08:52:33","date_gmt":"2020-04-15T08:52:33","guid":{"rendered":"http:\/\/maynenkhithuanphat.com.vn\/?post_type=product&#038;p=2157"},"modified":"2025-04-12T18:45:07","modified_gmt":"2025-04-12T18:45:07","slug":"may-nen-khi-cho-may-cat-laser-22kw-30hp","status":"publish","type":"product","link":"https:\/\/maynenkhithuanphat.com.vn\/?product=may-nen-khi-cho-may-cat-laser-22kw-30hp","title":{"rendered":"M\u00e1y n\u00e9n kh\u00ed cho m\u00e1y c\u1eaft laser 22kw (30hp)"},"content":{"rendered":"<p><a href=\"http:\/\/maynenkhithuanphat.com.vn\/may-nen-khi-truc-vit\/may-nen-khi-cho-may-cat-laser-ap-16-ky\/\"><strong>M\u00e1y n\u00e9n kh\u00ed \u00e1p cao d\u00f9ng cho m\u00e1y c\u1eaft laser<\/strong><\/a><\/p>\n<p><a href=\"http:\/\/maynenkhithuanphat.com.vn\/\">M\u00e1y n\u00e9n kh\u00ed c\u00f4ng nghi\u1ec7p<\/a>\u00a0\u0111\u01b0\u1ee3c s\u1eed d\u1ee5ng cho c\u00e1c ng\u00e0nh s\u1ea3n xu\u1ea5t, trong \u0111\u00f3 \u0111\u1ed1i v\u1edbi nh\u1eefng ng\u00e0nh ngh\u1ec1, s\u1ea3n ph\u1ea9m \u0111\u1eb7c th\u00f9 s\u1eed d\u1ee5ng m\u00e1y laser th\u00ec y\u00eau c\u1ea7u v\u1ec1 ch\u1ea5t l\u01b0\u1ee3ng kh\u00ed n\u00e9n s\u1eed d\u1ee5ng cho m\u00e1y laser c\u1ef1c k\u00ec nghi\u00eam ng\u1eb7t. Kh\u00ed ra ph\u1ea3i \u0111\u1ea3m b\u1ea3o kh\u00f4 v\u00e0 s\u1ea1ch v\u00e0 th\u01b0\u1eddng \u0111\u01b0\u1ee3c s\u1eed d\u1ee5ng \u1edf \u00e1p cao.<\/p>\n<p>Hi\u1ec3u \u0111\u01b0\u1ee3c y\u00eau c\u1ea7u \u0111\u00f2i h\u1ecfi v\u1ec1 ch\u1ea5t l\u01b0\u1ee3ng kh\u00ed n\u00e9n nh\u01b0 v\u1eady. C\u00f4ng ty Thu\u1eadn Ph\u00e1t mang \u0111\u1ebfn cho kh\u00e1ch h\u00e0ng <a href=\"http:\/\/maynenkhithuanphat.com.vn\/may-nen-khi-truc-vit\/may-nen-khi-cho-may-cat-laser-ap-16-ky\/\">m\u00e1y n\u00e9n kh\u00ed chuy\u00ean d\u00f9ng cho m\u00e1y c\u1eaft laser<\/a>, \u0111\u00e1p \u1ee9ng c\u00e1c y\u00eau c\u1ea7u nghi\u00eam ng\u1eb7t ch\u1ea5t l\u01b0\u1ee3ng kh\u00ed s\u1eed d\u1ee5ng. M\u00e1y n\u00e9n kh\u00ed s\u1ea3n xu\u1ea5t theo ti\u00eau chu\u1ea9n c\u1ee7a ch\u00e2u \u00c2u, v\u00e0 \u0111\u00e1p \u1ee9ng ti\u00eau chu\u1ea9n ISO 8573-1 c\u1ea5p 0 &#8211; ti\u00eau chu\u1ea9n v\u1ec1 \u0111\u1ed9 s\u1ea1ch c\u1ee7a kh\u00ed n\u00e9n.<\/p>\n<p><a href=\"http:\/\/maynenkhithuanphat.com.vn\/may-nen-khi-co-may-say-va-binh-chua-khi-10-hp\/\">M\u00e1y n\u00e9n kh\u00ed t\u00edch h\u1ee3p<\/a> 4 in 1: <a href=\"http:\/\/maynenkhithuanphat.com.vn\/san-pham\/\">m\u00e1y n\u00e9n kh\u00ed<\/a>, <a href=\"http:\/\/maynenkhithuanphat.com.vn\/may-nen-khi-truc-vit\/may-say-khi\/\">m\u00e1y s\u1ea5y<\/a>, <a href=\"http:\/\/maynenkhithuanphat.com.vn\/may-nen-khi-truc-vit\/binh-chua-khi-nen\/\">b\u00ecnh ch\u1ee9a kh\u00ed<\/a> v\u00e0 <a href=\"http:\/\/maynenkhithuanphat.com.vn\/may-nen-khi-truc-vit\/loc-duong-ong-may-nen-khi-air-filter\/\">l\u1ecdc \u0111\u01b0\u1eddng \u1ed1ng<\/a>.<\/p>\n<p><img decoding=\"async\" loading=\"lazy\" class=\"alignnone wp-image-2362\" src=\"http:\/\/maynenkhithuanphat.com.vn\/wp-content\/uploads\/2020\/04\/z2506516570809_dcb4b5d14e5225adf4c233902288189c-225x300.jpg\" alt=\"\" width=\"241\" height=\"321\" srcset=\"https:\/\/maynenkhithuanphat.com.vn\/wp-content\/uploads\/2020\/04\/z2506516570809_dcb4b5d14e5225adf4c233902288189c-225x300.jpg 225w, https:\/\/maynenkhithuanphat.com.vn\/wp-content\/uploads\/2020\/04\/z2506516570809_dcb4b5d14e5225adf4c233902288189c-510x680.jpg 510w, https:\/\/maynenkhithuanphat.com.vn\/wp-content\/uploads\/2020\/04\/z2506516570809_dcb4b5d14e5225adf4c233902288189c-768x1024.jpg 768w, https:\/\/maynenkhithuanphat.com.vn\/wp-content\/uploads\/2020\/04\/z2506516570809_dcb4b5d14e5225adf4c233902288189c-38x50.jpg 38w, https:\/\/maynenkhithuanphat.com.vn\/wp-content\/uploads\/2020\/04\/z2506516570809_dcb4b5d14e5225adf4c233902288189c.jpg 1920w\" sizes=\"(max-width: 241px) 100vw, 241px\" \/>\u00a0 \u00a0 \u00a0 \u00a0 \u00a0<img decoding=\"async\" loading=\"lazy\" class=\"wp-image-2363 alignright\" src=\"http:\/\/maynenkhithuanphat.com.vn\/wp-content\/uploads\/2020\/04\/z2506516764093_18527ccbc0f3c5c638972cd3fbd8e5b2-300x225.jpg\" alt=\"\" width=\"417\" height=\"313\" srcset=\"https:\/\/maynenkhithuanphat.com.vn\/wp-content\/uploads\/2020\/04\/z2506516764093_18527ccbc0f3c5c638972cd3fbd8e5b2-300x225.jpg 300w, https:\/\/maynenkhithuanphat.com.vn\/wp-content\/uploads\/2020\/04\/z2506516764093_18527ccbc0f3c5c638972cd3fbd8e5b2-510x383.jpg 510w, https:\/\/maynenkhithuanphat.com.vn\/wp-content\/uploads\/2020\/04\/z2506516764093_18527ccbc0f3c5c638972cd3fbd8e5b2-768x576.jpg 768w, https:\/\/maynenkhithuanphat.com.vn\/wp-content\/uploads\/2020\/04\/z2506516764093_18527ccbc0f3c5c638972cd3fbd8e5b2-1024x768.jpg 1024w, https:\/\/maynenkhithuanphat.com.vn\/wp-content\/uploads\/2020\/04\/z2506516764093_18527ccbc0f3c5c638972cd3fbd8e5b2-50x38.jpg 50w\" sizes=\"(max-width: 417px) 100vw, 417px\" \/><\/p>\n<p>&nbsp;<\/p>\n<p><img decoding=\"async\" loading=\"lazy\" class=\"alignnone wp-image-2383\" src=\"http:\/\/maynenkhithuanphat.com.vn\/wp-content\/uploads\/2020\/04\/l\u1ecdc-30-14-225x300.jpg\" alt=\"\" width=\"234\" height=\"312\" srcset=\"https:\/\/maynenkhithuanphat.com.vn\/wp-content\/uploads\/2020\/04\/l\u1ecdc-30-14-225x300.jpg 225w, https:\/\/maynenkhithuanphat.com.vn\/wp-content\/uploads\/2020\/04\/l\u1ecdc-30-14-510x680.jpg 510w, https:\/\/maynenkhithuanphat.com.vn\/wp-content\/uploads\/2020\/04\/l\u1ecdc-30-14-768x1024.jpg 768w, https:\/\/maynenkhithuanphat.com.vn\/wp-content\/uploads\/2020\/04\/l\u1ecdc-30-14-38x50.jpg 38w, https:\/\/maynenkhithuanphat.com.vn\/wp-content\/uploads\/2020\/04\/l\u1ecdc-30-14.jpg 1920w\" sizes=\"(max-width: 234px) 100vw, 234px\" \/><img decoding=\"async\" loading=\"lazy\" class=\" wp-image-2384 alignright\" src=\"http:\/\/maynenkhithuanphat.com.vn\/wp-content\/uploads\/2020\/04\/t\u1ee7-\u0111i\u1ec7n-30-2-300x225.jpg\" alt=\"\" width=\"408\" height=\"306\" srcset=\"https:\/\/maynenkhithuanphat.com.vn\/wp-content\/uploads\/2020\/04\/t\u1ee7-\u0111i\u1ec7n-30-2-300x225.jpg 300w, https:\/\/maynenkhithuanphat.com.vn\/wp-content\/uploads\/2020\/04\/t\u1ee7-\u0111i\u1ec7n-30-2-510x383.jpg 510w, https:\/\/maynenkhithuanphat.com.vn\/wp-content\/uploads\/2020\/04\/t\u1ee7-\u0111i\u1ec7n-30-2-768x576.jpg 768w, https:\/\/maynenkhithuanphat.com.vn\/wp-content\/uploads\/2020\/04\/t\u1ee7-\u0111i\u1ec7n-30-2-1024x768.jpg 1024w, https:\/\/maynenkhithuanphat.com.vn\/wp-content\/uploads\/2020\/04\/t\u1ee7-\u0111i\u1ec7n-30-2-50x38.jpg 50w\" sizes=\"(max-width: 408px) 100vw, 408px\" \/><\/p>\n<p><img decoding=\"async\" loading=\"lazy\" class=\"aligncenter size-full wp-image-2166\" src=\"http:\/\/maynenkhithuanphat.com.vn\/wp-content\/uploads\/2020\/04\/catalog-1.jpg\" alt=\"\" width=\"1741\" height=\"822\" srcset=\"https:\/\/maynenkhithuanphat.com.vn\/wp-content\/uploads\/2020\/04\/catalog-1.jpg 1741w, https:\/\/maynenkhithuanphat.com.vn\/wp-content\/uploads\/2020\/04\/catalog-1-510x241.jpg 510w, https:\/\/maynenkhithuanphat.com.vn\/wp-content\/uploads\/2020\/04\/catalog-1-300x142.jpg 300w, https:\/\/maynenkhithuanphat.com.vn\/wp-content\/uploads\/2020\/04\/catalog-1-768x363.jpg 768w, https:\/\/maynenkhithuanphat.com.vn\/wp-content\/uploads\/2020\/04\/catalog-1-1024x483.jpg 1024w, https:\/\/maynenkhithuanphat.com.vn\/wp-content\/uploads\/2020\/04\/catalog-1-50x24.jpg 50w\" sizes=\"(max-width: 1741px) 100vw, 1741px\" \/><\/p>\n","protected":false},"excerpt":{"rendered":"<p>M\u00e1y n\u00e9n kh\u00ed \u00e1p cao chuy\u00ean d\u00f9ng cho m\u00e1y c\u1eaft laser (4 trong 1)<\/p>\n<p>C\u00f4ng su\u1ea5t: 22 kw (30 hp)<\/p>\n<p>L\u01b0u l\u01b0\u1ee3ng kh\u00ed: 2.2 m3\/min<\/p>\n<p>\u00c1p su\u1ea5t: 16 bar<\/p>\n<p>B\u00ecnh ch\u1ee9a kh\u00ed: 500 L<\/p>\n","protected":false},"featured_media":2482,"comment_status":"open","ping_status":"closed","template":"","meta":[],"product_cat":[542],"product_tag":[579,547,543,545,544,546,550],"yoast_head":"<!-- This site is optimized with the Yoast SEO plugin v16.5 - https:\/\/yoast.com\/wordpress\/plugins\/seo\/ -->\n<title>M\u00e1y n\u00e9n kh\u00ed cho m\u00e1y c\u1eaft laser 22kw (30hp) - M\u00e1y n\u00e9n kh\u00ed Thu\u1eadn Ph\u00e1t<\/title>\n<meta name=\"description\" content=\"m\u00e1y n\u00e9n kh\u00ed tr\u1ee5c v\u00edt cho m\u00e1y c\u1eaft laser 22kw, \u00e1p 16kg, \u1ee9ng d\u1ee5ng trong t\u1ea5t c\u1ea3 c\u00e1c ng\u00e0nh ngh\u1ec1, \u0111\u00e1p \u1ee9ng kh\u00ed ra kh\u00f4 v\u00e0 s\u1ea1ch, gi\u00e1 c\u1ef1c \u01b0u \u0111\u00e3i.\" \/>\n<meta name=\"robots\" content=\"index, follow, max-snippet:-1, max-image-preview:large, max-video-preview:-1\" \/>\n<link rel=\"canonical\" href=\"https:\/\/maynenkhithuanphat.com.vn\/?product=may-nen-khi-cho-may-cat-laser-22kw-30hp\" \/>\n<meta property=\"og:locale\" content=\"vi_VN\" \/>\n<meta property=\"og:type\" content=\"article\" \/>\n<meta property=\"og:title\" content=\"M\u00e1y n\u00e9n kh\u00ed cho m\u00e1y c\u1eaft laser 22kw (30hp) - M\u00e1y n\u00e9n kh\u00ed Thu\u1eadn Ph\u00e1t\" \/>\n<meta property=\"og:description\" content=\"m\u00e1y n\u00e9n kh\u00ed tr\u1ee5c v\u00edt cho m\u00e1y c\u1eaft laser 22kw, \u00e1p 16kg, \u1ee9ng d\u1ee5ng trong t\u1ea5t c\u1ea3 c\u00e1c ng\u00e0nh ngh\u1ec1, \u0111\u00e1p \u1ee9ng kh\u00ed ra kh\u00f4 v\u00e0 s\u1ea1ch, gi\u00e1 c\u1ef1c \u01b0u \u0111\u00e3i.\" \/>\n<meta property=\"og:url\" content=\"https:\/\/maynenkhithuanphat.com.vn\/?product=may-nen-khi-cho-may-cat-laser-22kw-30hp\" \/>\n<meta property=\"og:site_name\" content=\"M\u00e1y N\u00e9n Kh\u00ed Thu\u1eadn Ph\u00e1t\" \/>\n<meta property=\"article:publisher\" content=\"https:\/\/www.facebook.com\/phat.thuan.370177\/\" \/>\n<meta property=\"article:modified_time\" content=\"2025-04-12T18:45:07+00:00\" \/>\n<meta property=\"og:image\" content=\"https:\/\/maynenkhithuanphat.com.vn\/wp-content\/uploads\/2020\/04\/maynenkhichomaycatlaser22kw.jpg\" \/>\n\t<meta property=\"og:image:width\" content=\"640\" \/>\n\t<meta property=\"og:image:height\" content=\"640\" \/>\n<meta name=\"twitter:card\" content=\"summary_large_image\" \/>\n<meta name=\"twitter:label1\" content=\"\u01af\u1edbc t\u00ednh th\u1eddi gian \u0111\u1ecdc\" \/>\n\t<meta name=\"twitter:data1\" content=\"1 ph\u00fat\" \/>\n<script type=\"application\/ld+json\" class=\"yoast-schema-graph\">{\"@context\":\"https:\/\/schema.org\",\"@graph\":[{\"@type\":\"Organization\",\"@id\":\"https:\/\/maynenkhithuanphat.com.vn\/#organization\",\"name\":\"C\\u00f4ng ty TNHH PT XNK Thu\\u1eadn Ph\\u00e1t\",\"url\":\"https:\/\/maynenkhithuanphat.com.vn\/\",\"sameAs\":[\"https:\/\/www.facebook.com\/phat.thuan.370177\/\",\"https:\/\/www.instagram.com\/phat.thuan.370177\/\",\"https:\/\/www.youtube.com\/channel\/UCWRaaKUOooP_xTqnN5ds1eg\/featured\",\"https:\/\/www.pinterest.com\/maynenkhithuanphat\/_created\/\"],\"logo\":{\"@type\":\"ImageObject\",\"@id\":\"https:\/\/maynenkhithuanphat.com.vn\/#logo\",\"inLanguage\":\"vi\",\"url\":\"https:\/\/maynenkhithuanphat.com.vn\/wp-content\/uploads\/2018\/05\/logo-1.png\",\"contentUrl\":\"https:\/\/maynenkhithuanphat.com.vn\/wp-content\/uploads\/2018\/05\/logo-1.png\",\"width\":500,\"height\":104,\"caption\":\"C\\u00f4ng ty TNHH PT XNK Thu\\u1eadn Ph\\u00e1t\"},\"image\":{\"@id\":\"https:\/\/maynenkhithuanphat.com.vn\/#logo\"}},{\"@type\":\"WebSite\",\"@id\":\"https:\/\/maynenkhithuanphat.com.vn\/#website\",\"url\":\"https:\/\/maynenkhithuanphat.com.vn\/\",\"name\":\"M\\u00e1y N\\u00e9n Kh\\u00ed Thu\\u1eadn Ph\\u00e1t\",\"description\":\"\",\"publisher\":{\"@id\":\"https:\/\/maynenkhithuanphat.com.vn\/#organization\"},\"potentialAction\":[{\"@type\":\"SearchAction\",\"target\":\"https:\/\/maynenkhithuanphat.com.vn\/?s={search_term_string}\",\"query-input\":\"required name=search_term_string\"}],\"inLanguage\":\"vi\"},{\"@type\":\"ImageObject\",\"@id\":\"https:\/\/maynenkhithuanphat.com.vn\/?product=may-nen-khi-cho-may-cat-laser-22kw-30hp#primaryimage\",\"inLanguage\":\"vi\",\"url\":\"https:\/\/maynenkhithuanphat.com.vn\/wp-content\/uploads\/2020\/04\/maynenkhichomaycatlaser22kw.jpg\",\"contentUrl\":\"https:\/\/maynenkhithuanphat.com.vn\/wp-content\/uploads\/2020\/04\/maynenkhichomaycatlaser22kw.jpg\",\"width\":640,\"height\":640,\"caption\":\"may nen khi truc vit cho may cat laser 22kw\"},{\"@type\":[\"WebPage\",\"ItemPage\"],\"@id\":\"https:\/\/maynenkhithuanphat.com.vn\/?product=may-nen-khi-cho-may-cat-laser-22kw-30hp#webpage\",\"url\":\"https:\/\/maynenkhithuanphat.com.vn\/?product=may-nen-khi-cho-may-cat-laser-22kw-30hp\",\"name\":\"M\\u00e1y n\\u00e9n kh\\u00ed cho m\\u00e1y c\\u1eaft laser 22kw (30hp) - M\\u00e1y n\\u00e9n kh\\u00ed Thu\\u1eadn Ph\\u00e1t\",\"isPartOf\":{\"@id\":\"https:\/\/maynenkhithuanphat.com.vn\/#website\"},\"primaryImageOfPage\":{\"@id\":\"https:\/\/maynenkhithuanphat.com.vn\/?product=may-nen-khi-cho-may-cat-laser-22kw-30hp#primaryimage\"},\"datePublished\":\"2020-04-15T08:52:33+00:00\",\"dateModified\":\"2025-04-12T18:45:07+00:00\",\"description\":\"m\\u00e1y n\\u00e9n kh\\u00ed tr\\u1ee5c v\\u00edt cho m\\u00e1y c\\u1eaft laser 22kw, \\u00e1p 16kg, \\u1ee9ng d\\u1ee5ng trong t\\u1ea5t c\\u1ea3 c\\u00e1c ng\\u00e0nh ngh\\u1ec1, \\u0111\\u00e1p \\u1ee9ng kh\\u00ed ra kh\\u00f4 v\\u00e0 s\\u1ea1ch, gi\\u00e1 c\\u1ef1c \\u01b0u \\u0111\\u00e3i.\",\"breadcrumb\":{\"@id\":\"https:\/\/maynenkhithuanphat.com.vn\/?product=may-nen-khi-cho-may-cat-laser-22kw-30hp#breadcrumb\"},\"inLanguage\":\"vi\",\"potentialAction\":[{\"@type\":\"ReadAction\",\"target\":[\"https:\/\/maynenkhithuanphat.com.vn\/?product=may-nen-khi-cho-may-cat-laser-22kw-30hp\"]}]},{\"@type\":\"BreadcrumbList\",\"@id\":\"https:\/\/maynenkhithuanphat.com.vn\/?product=may-nen-khi-cho-may-cat-laser-22kw-30hp#breadcrumb\",\"itemListElement\":[{\"@type\":\"ListItem\",\"position\":1,\"name\":\"Trang ch\\u1ee7\",\"item\":\"https:\/\/maynenkhithuanphat.com.vn\/\"},{\"@type\":\"ListItem\",\"position\":2,\"name\":\"\"},{\"@type\":\"ListItem\",\"position\":3,\"name\":\"M\\u00c1Y N\\u00c9N KH\\u00cd - CHO M\\u00c1Y C\\u1eaeT LASER\",\"item\":\"https:\/\/maynenkhithuanphat.com.vn\/?product_cat=may-nen-khi-cho-may-cat-laser\"},{\"@type\":\"ListItem\",\"position\":4,\"name\":\"M\\u00e1y n\\u00e9n kh\\u00ed cho m\\u00e1y c\\u1eaft laser 22kw (30hp)\"}]}]}<\/script>\n<!-- \/ Yoast SEO plugin. -->","_links":{"self":[{"href":"https:\/\/maynenkhithuanphat.com.vn\/index.php?rest_route=\/wp\/v2\/product\/2157"}],"collection":[{"href":"https:\/\/maynenkhithuanphat.com.vn\/index.php?rest_route=\/wp\/v2\/product"}],"about":[{"href":"https:\/\/maynenkhithuanphat.com.vn\/index.php?rest_route=\/wp\/v2\/types\/product"}],"replies":[{"embeddable":true,"href":"https:\/\/maynenkhithuanphat.com.vn\/index.php?rest_route=%2Fwp%2Fv2%2Fcomments&post=2157"}],"wp:featuredmedia":[{"embeddable":true,"href":"https:\/\/maynenkhithuanphat.com.vn\/index.php?rest_route=\/wp\/v2\/media\/2482"}],"wp:attachment":[{"href":"https:\/\/maynenkhithuanphat.com.vn\/index.php?rest_route=%2Fwp%2Fv2%2Fmedia&parent=2157"}],"wp:term":[{"taxonomy":"product_cat","embeddable":true,"href":"https:\/\/maynenkhithuanphat.com.vn\/index.php?rest_route=%2Fwp%2Fv2%2Fproduct_cat&post=2157"},{"taxonomy":"product_tag","embeddable":true,"href":"https:\/\/maynenkhithuanphat.com.vn\/index.php?rest_route=%2Fwp%2Fv2%2Fproduct_tag&post=2157"}],"curies":[{"name":"wp","href":"https:\/\/api.w.org\/{rel}","templated":true}]}}