{"id":2110,"date":"2019-12-13T01:56:10","date_gmt":"2019-12-13T01:56:10","guid":{"rendered":"http:\/\/maynenkhithuanphat.com.vn\/?post_type=product&#038;p=2110"},"modified":"2024-10-12T08:25:14","modified_gmt":"2024-10-12T08:25:14","slug":"may-say-khi-hap-thu","status":"publish","type":"product","link":"https:\/\/maynenkhithuanphat.com.vn\/?product=may-say-khi-hap-thu","title":{"rendered":"M\u00e1y s\u1ea5y kh\u00ed h\u1ea5p th\u1ee5"},"content":{"rendered":"<p>M\u00e1y s\u1ea5y h\u1ea5p th\u1ee5 l\u00e0 g\u00ec?<\/p>\n<p><strong><a href=\"https:\/\/maynenkhithuanphat.com.vn\/\">M\u00e1y s\u1ea5y kh\u00ed h\u1ea5p th\u1ee5<\/a><\/strong> l\u00e0 lo\u1ea1i m\u00e1y s\u1ea5y kh\u00ed s\u1eed d\u1ee5ng v\u1eadt li\u1ec7u h\u00fat \u1ea9m c\u1ef1c m\u1ea1nh, gi\u00fap h\u00fat \u0111\u1ed9 \u1ea9m trong d\u00f2ng kh\u00ed n\u00e9n. C\u00f3 h\u00ecnh d\u00e1ng hai th\u00e1p \u0111\u1ee9ng song song, b\u00ean trong ch\u1ee9a c\u00e1c h\u1ea1t h\u00fat \u1ea9m, c\u00e1c h\u1ea1t h\u00fat \u1ea9m c\u00f3 nhi\u1ec7m v\u1ee5 th\u1ea9m th\u1ea5u n\u01b0\u1edbc, gi\u1eef l\u1ea1i n\u01b0\u1edbc c\u00f3 trong kh\u00ed n\u00e9n.\u00a0V\u1edbi m\u00e1y s\u1ea5y kh\u00ed ki\u1ec3u h\u1ea5p th\u1ee5, m\u1ed9t th\u00e1p s\u1ebd \u0111\u00f3ng vai tr\u00f2 h\u00fat \u1ea9m v\u00e0 th\u00e1p c\u00f2n l\u1ea1i s\u1ebd t\u00e1i t\u1ea1o l\u1ea1i kh\u1ea3 n\u0103ng h\u00fat \u1ea9m c\u1ee7a ch\u1ea5t s\u1ea5y kh\u00f4.\u00a0Qu\u00e1 tr\u00ecnh t\u00e1i sinh \u0111\u01b0\u1ee3c \u0111\u01b0\u1ee3c th\u1ef1c hi\u1ec7n song song v\u1edbi qu\u00e1 tr\u00ecnh s\u1ea5y kh\u00f4 kh\u00ed n\u00e9n c\u00f3 ngh\u0129a l\u00e0 th\u00e1p A v\u00e0 B s\u1ebd l\u00e0m vi\u1ec7c song song v\u1edbi nhau n\u1ebfu th\u00e1p A th\u1ef1c hi\u1ec7n vi\u1ec7c s\u1ea5y kh\u00ed n\u00e9n th\u00ec th\u00e1p B\u00a0 th\u1ef1c hi\u1ec7n qu\u00e1 tr\u00ecnh t\u00e1i sinh v\u00e0 ng\u01b0\u1ee3c l\u1ea1i.<\/p>\n<p>M\u00e1y s\u1ea5y kh\u00ed h\u1ea5p thu l\u00e0 m\u1ed9t lo\u1ea1i c\u1ee7a m\u00e1y s\u1ea5y kh\u00ed n\u00e9n s\u1eed d\u1ee5ng c\u00e1c h\u1ea1t h\u00fat \u1ea9m c\u1ef1c m\u1ea1nh \u0111\u1ec3 h\u00fat \u0111\u1ed9 \u1ea9m trong kh\u00ed n\u00e9n, \u0111\u1ea3m b\u1ea3o kh\u00ed ra kh\u00f4 v\u00e0 s\u1ea1ch. S\u1eed d\u1ee5ng cho c\u00e1c nh\u00e0 m\u00e1y s\u1ea3n xu\u1ea5t y\u00eau c\u1ea7u cao v\u1ec1 ch\u1ea5t l\u01b0\u1ee3ng kh\u00ed n\u00e9n nh\u01b0 laser,&#8230;..<\/p>\n<figure id=\"attachment_2565\" class=\"wp-caption alignnone\" ><img decoding=\"async\" loading=\"lazy\" class=\"size-medium wp-image-2565\" src=\"https:\/\/maynenkhithuanphat.com.vn\/wp-content\/uploads\/2019\/12\/maysaykhikieuhapthu-300x300.jpg\" alt=\"\" width=\"300\" height=\"300\" srcset=\"https:\/\/maynenkhithuanphat.com.vn\/wp-content\/uploads\/2019\/12\/maysaykhikieuhapthu-300x300.jpg 300w, https:\/\/maynenkhithuanphat.com.vn\/wp-content\/uploads\/2019\/12\/maysaykhikieuhapthu-247x247.jpg 247w, https:\/\/maynenkhithuanphat.com.vn\/wp-content\/uploads\/2019\/12\/maysaykhikieuhapthu-100x100.jpg 100w, https:\/\/maynenkhithuanphat.com.vn\/wp-content\/uploads\/2019\/12\/maysaykhikieuhapthu-510x510.jpg 510w, https:\/\/maynenkhithuanphat.com.vn\/wp-content\/uploads\/2019\/12\/maysaykhikieuhapthu-150x150.jpg 150w, https:\/\/maynenkhithuanphat.com.vn\/wp-content\/uploads\/2019\/12\/maysaykhikieuhapthu-768x768.jpg 768w, https:\/\/maynenkhithuanphat.com.vn\/wp-content\/uploads\/2019\/12\/maysaykhikieuhapthu-50x50.jpg 50w, https:\/\/maynenkhithuanphat.com.vn\/wp-content\/uploads\/2019\/12\/maysaykhikieuhapthu-80x80.jpg 80w, https:\/\/maynenkhithuanphat.com.vn\/wp-content\/uploads\/2019\/12\/maysaykhikieuhapthu.jpg 800w\" sizes=\"(max-width: 300px) 100vw, 300px\" \/><figcaption class=\"wp-caption-text\">may say khi hap thu<\/figcaption><\/figure>\n<p><strong>C\u1ea5u t\u1ea1o m\u00e1y s\u1ea5y kh\u00ed h\u1ea5p th\u1ee5.<\/strong><\/p>\n<p><a href=\"https:\/\/maynenkhithuanphat.com.vn\/?product=may-say-khi-hap-thu\"><strong>M\u00e1y s\u1ea5y kh\u00ed ki\u1ec3u h\u1ea5p th\u1ee5<\/strong><\/a>\u00a0l\u00e0 lo\u1ea1i thi\u1ebft b\u1ecb s\u1eed d\u1ee5ng v\u1eadt li\u1ec7u h\u00fat \u1ea9m c\u1ef1c m\u1ea1nh, gi\u00fap h\u00fat \u0111\u1ed9 \u1ea9m trong d\u00f2ng kh\u00ed n\u00e9n.\u00a0<a href=\"https:\/\/maynenkhithuanphat.com.vn\/?product=may-say-khi-hap-thu\"><strong>C\u1ea5u t\u1ea1o m\u00e1y s\u1ea5y kh\u00ed h\u1ea5p th\u1ee5<\/strong>\u00a0<\/a>bao g\u1ed3m c\u00e1c th\u00e0nh ph\u1ea7n ch\u00ednh:<\/p>\n<p>Van \u0111i\u1ec7n t\u1eeb \u0111i\u1ec1u khi\u1ec3n qu\u00e1 tr\u00ecnh x\u1ea3 n\u01b0\u1edbc.<\/p>\n<p>Van \u0111i\u1ec7n t\u1eeb ki\u1ec3m so\u00e1t kh\u00ed n\u00e9n \u0111i v\u00e0o.<\/p>\n<p>Van m\u1ed9t chi\u1ec1u cho kh\u00ed n\u00f3ng t\u00e1i sinh \u0111i qua<\/p>\n<p>Van m\u1ed9t chi\u1ec1u d\u1eabn kh\u00ed kh\u00f4 \u0111\u00e3 \u0111\u01b0\u1ee3c x\u1eed l\u00fd \u0111i qua.<\/p>\n<p>Van gi\u1ea3m \u00e2m.<\/p>\n<p>Hai th\u00e1p ch\u1ee9a h\u1ea1t h\u00fat \u1ea9m.<\/p>\n<figure id=\"attachment_2564\" class=\"wp-caption alignnone\" ><img decoding=\"async\" loading=\"lazy\" class=\"size-medium wp-image-2564\" src=\"https:\/\/maynenkhithuanphat.com.vn\/wp-content\/uploads\/2019\/12\/maysaykhihapthu-300x300.jpg\" alt=\"\" width=\"300\" height=\"300\" srcset=\"https:\/\/maynenkhithuanphat.com.vn\/wp-content\/uploads\/2019\/12\/maysaykhihapthu-300x300.jpg 300w, https:\/\/maynenkhithuanphat.com.vn\/wp-content\/uploads\/2019\/12\/maysaykhihapthu-247x247.jpg 247w, https:\/\/maynenkhithuanphat.com.vn\/wp-content\/uploads\/2019\/12\/maysaykhihapthu-100x100.jpg 100w, https:\/\/maynenkhithuanphat.com.vn\/wp-content\/uploads\/2019\/12\/maysaykhihapthu-510x510.jpg 510w, https:\/\/maynenkhithuanphat.com.vn\/wp-content\/uploads\/2019\/12\/maysaykhihapthu-150x150.jpg 150w, https:\/\/maynenkhithuanphat.com.vn\/wp-content\/uploads\/2019\/12\/maysaykhihapthu-768x768.jpg 768w, https:\/\/maynenkhithuanphat.com.vn\/wp-content\/uploads\/2019\/12\/maysaykhihapthu-50x50.jpg 50w, https:\/\/maynenkhithuanphat.com.vn\/wp-content\/uploads\/2019\/12\/maysaykhihapthu-80x80.jpg 80w, https:\/\/maynenkhithuanphat.com.vn\/wp-content\/uploads\/2019\/12\/maysaykhihapthu.jpg 800w\" sizes=\"(max-width: 300px) 100vw, 300px\" \/><figcaption class=\"wp-caption-text\">may say khi hap thu<\/figcaption><\/figure>\n<h3><strong>Nguy\u00ean l\u00fd ho\u1ea1t \u0111\u1ed9ng c\u01a1 b\u1ea3n c\u1ee7a m\u00e1y s\u1ea5y kh\u00ed ki\u1ec3u h\u1ea5p th\u1ee5:<\/strong><\/h3>\n<p>M\u00e1y s\u1ea5y kh\u00ed h\u1ea5p th\u1ee5 ho\u1ea1t \u0111\u1ed9ng d\u1ef1a tr\u00ean nguy\u00ean l\u00fd t\u00e1i sinh nhi\u1ec7t. Trong qu\u00e1 tr\u00ecnh ho\u1ea1t \u0111\u1ed9ng, kh\u00ed n\u00e9n s\u1ebd \u0111\u01b0\u1ee3c d\u1eabn v\u00e0o 1 trong 2 th\u00e1p ch\u1ee9a \u0111\u1ea7y c\u00e1c h\u1ea1t h\u00fat \u1ea9m \u0111\u1ec3 l\u00e0m nhi\u1ec7m v\u1ee5 t\u00e1ch n\u01b0\u1edbc ra kh\u1ecfi kh\u00ed n\u00e9n. Th\u00e1p c\u00f2n l\u1ea1i s\u1ebd l\u00e0m nhi\u1ec7m v\u1ee5 t\u00e1i sinh c\u00e1c h\u1ea1t h\u00fat \u1ea9m. T\u00e1i sinh l\u00e0 qu\u00e1 tr\u00ecnh lo\u1ea1i b\u1ecf l\u01b0\u1ee3ng n\u01b0\u1edbc trong c\u00e1c h\u1ea1t h\u00fat \u1ea9m sau khi c\u00e1c h\u1ea1t n\u00e0y kh\u00f4ng c\u00f2n kh\u1ea3 n\u0103ng h\u1ea5p th\u1ee5 n\u01b0\u1edbc n\u1eefa. Hi\u1ec7n nay c\u00f3 hai c\u00e1ch ch\u00ednh \u0111\u1ec3 t\u00e1i sinh h\u1ea1t h\u00fat \u1ea9m. \u0110\u00f3 l\u00e0 s\u1eed d\u1ee5ng kh\u00ed n\u00e9n kh\u00f4 ho\u1eb7c kh\u00f4ng kh\u00ed n\u00f3ng. Qu\u00e1 tr\u00ecnh s\u1ea5y kh\u00f4 s\u1ebd \u0111\u01b0\u1ee3c th\u1ef1c hi\u1ec7n song song v\u1edbi qu\u00e1 tr\u00ecnh t\u00e1i sinh. T\u00f9y thu\u1ed9c v\u00e0o 1 chu k\u1ef3 l\u00e0m vi\u1ec7c \u0111\u00e3 c\u00e0i \u0111\u1eb7t s\u1eb5n trong h\u1ec7 th\u1ed1ng.<\/p>\n<h4><strong>H\u1ec7 th\u1ed1ng kh\u00ed n\u00e9n tham kh\u1ea3o<\/strong><\/h4>\n<p><img decoding=\"async\" loading=\"lazy\" class=\"alignnone  wp-image-2890\" src=\"https:\/\/maynenkhithuanphat.com.vn\/wp-content\/uploads\/2024\/10\/cropped-HE-THONG-MNK-300x75.jpg\" alt=\"\" width=\"1044\" height=\"261\" srcset=\"https:\/\/maynenkhithuanphat.com.vn\/wp-content\/uploads\/2024\/10\/cropped-HE-THONG-MNK-300x75.jpg 300w, https:\/\/maynenkhithuanphat.com.vn\/wp-content\/uploads\/2024\/10\/cropped-HE-THONG-MNK-510x128.jpg 510w, https:\/\/maynenkhithuanphat.com.vn\/wp-content\/uploads\/2024\/10\/cropped-HE-THONG-MNK-768x192.jpg 768w, https:\/\/maynenkhithuanphat.com.vn\/wp-content\/uploads\/2024\/10\/cropped-HE-THONG-MNK-50x13.jpg 50w, https:\/\/maynenkhithuanphat.com.vn\/wp-content\/uploads\/2024\/10\/cropped-HE-THONG-MNK.jpg 1000w\" sizes=\"(max-width: 1044px) 100vw, 1044px\" \/><\/p>\n<p>&nbsp;<\/p>\n<p>&nbsp;<\/p>\n<p>H\u00ecnh \u1ea3nh<\/p>\n<div style=\"width: 540px;\" class=\"wp-video\"><!--[if lt IE 9]><script>document.createElement('video');<\/script><![endif]-->\n<video class=\"wp-video-shortcode\" id=\"video-2110-1\" width=\"540\" height=\"960\" preload=\"metadata\" controls=\"controls\"><source type=\"video\/mp4\" src=\"http:\/\/maynenkhithuanphat.com.vn\/wp-content\/uploads\/2019\/12\/m\u00e1y-s\u1ea5y-kh\u00ed-h\u1ea5p-th\u1ee5.mp4?_=1\" \/><a href=\"http:\/\/maynenkhithuanphat.com.vn\/wp-content\/uploads\/2019\/12\/m\u00e1y-s\u1ea5y-kh\u00ed-h\u1ea5p-th\u1ee5.mp4\">http:\/\/maynenkhithuanphat.com.vn\/wp-content\/uploads\/2019\/12\/m\u00e1y-s\u1ea5y-kh\u00ed-h\u1ea5p-th\u1ee5.mp4<\/a><\/video><\/div>\n","protected":false},"excerpt":{"rendered":"<p>M\u00e1y s\u1ea5y h\u1ea5p th\u1ee5 l\u00e0 g\u00ec? M\u00e1y s\u1ea5y kh\u00ed h\u1ea5p th\u1ee5 l\u00e0 lo\u1ea1i m\u00e1y s\u1ea5y kh\u00ed s\u1eed d\u1ee5ng v\u1eadt li\u1ec7u h\u00fat \u1ea9m c\u1ef1c m\u1ea1nh, gi\u00fap h\u00fat \u0111\u1ed9 \u1ea9m trong d\u00f2ng kh\u00ed n\u00e9n. C\u00f3 h\u00ecnh d\u00e1ng hai th\u00e1p \u0111\u1ee9ng song song, b\u00ean trong ch\u1ee9a c\u00e1c h\u1ea1t h\u00fat \u1ea9m, c\u00e1c h\u1ea1t h\u00fat \u1ea9m c\u00f3 nhi\u1ec7m v\u1ee5 th\u1ea9m [&#8230;]\n","protected":false},"featured_media":2883,"comment_status":"closed","ping_status":"closed","template":"","meta":[],"product_cat":[115],"product_tag":[69,541,537,530,531,538,539,532,540,533,534,536,535],"yoast_head":"<!-- This site is optimized with the Yoast SEO plugin v16.5 - https:\/\/yoast.com\/wordpress\/plugins\/seo\/ -->\n<title>M\u00e1y s\u1ea5y kh\u00ed h\u1ea5p th\u1ee5 - M\u00e1y n\u00e9n kh\u00ed Thu\u1eadn Ph\u00e1t - c\u00f4ng ngh\u1ec7 \u0110\u1ee9c<\/title>\n<meta name=\"description\" content=\"M\u00e1y s\u1ea5y kh\u00ed h\u1ea5p th\u1ee5 s\u1eed d\u1ee5ng v\u1eadt li\u1ec7u h\u00fat \u1ea9m c\u1ef1c m\u1ea1nh, gi\u00fap h\u00fat \u0111\u1ed9 \u1ea9m trong d\u00f2ng kh\u00ed n\u00e9n. \u0110\u1ea3m b\u1ea3o Kh\u00ed ra c\u1ef1c kh\u00f4 v\u00e0 s\u1ea1ch.\" \/>\n<meta name=\"robots\" content=\"index, follow, max-snippet:-1, max-image-preview:large, max-video-preview:-1\" \/>\n<link rel=\"canonical\" href=\"https:\/\/maynenkhithuanphat.com.vn\/?product=may-say-khi-hap-thu\" \/>\n<meta property=\"og:locale\" content=\"vi_VN\" \/>\n<meta property=\"og:type\" content=\"article\" \/>\n<meta property=\"og:title\" content=\"M\u00e1y s\u1ea5y kh\u00ed h\u1ea5p th\u1ee5 - M\u00e1y n\u00e9n kh\u00ed Thu\u1eadn Ph\u00e1t - c\u00f4ng ngh\u1ec7 \u0110\u1ee9c\" \/>\n<meta property=\"og:description\" content=\"M\u00e1y s\u1ea5y kh\u00ed h\u1ea5p th\u1ee5 s\u1eed d\u1ee5ng v\u1eadt li\u1ec7u h\u00fat \u1ea9m c\u1ef1c m\u1ea1nh, gi\u00fap h\u00fat \u0111\u1ed9 \u1ea9m trong d\u00f2ng kh\u00ed n\u00e9n. \u0110\u1ea3m b\u1ea3o Kh\u00ed ra c\u1ef1c kh\u00f4 v\u00e0 s\u1ea1ch.\" \/>\n<meta property=\"og:url\" content=\"https:\/\/maynenkhithuanphat.com.vn\/?product=may-say-khi-hap-thu\" \/>\n<meta property=\"og:site_name\" content=\"M\u00e1y N\u00e9n Kh\u00ed Thu\u1eadn Ph\u00e1t\" \/>\n<meta property=\"article:publisher\" content=\"https:\/\/www.facebook.com\/phat.thuan.370177\/\" \/>\n<meta property=\"article:modified_time\" content=\"2024-10-12T08:25:14+00:00\" \/>\n<meta property=\"og:image\" content=\"https:\/\/maynenkhithuanphat.com.vn\/wp-content\/uploads\/2024\/10\/msk-ht-1.jpg\" \/>\n\t<meta property=\"og:image:width\" content=\"335\" \/>\n\t<meta property=\"og:image:height\" content=\"470\" \/>\n<meta name=\"twitter:card\" content=\"summary_large_image\" \/>\n<meta name=\"twitter:label1\" content=\"\u01af\u1edbc t\u00ednh th\u1eddi gian \u0111\u1ecdc\" \/>\n\t<meta name=\"twitter:data1\" content=\"3 ph\u00fat\" \/>\n<script type=\"application\/ld+json\" class=\"yoast-schema-graph\">{\"@context\":\"https:\/\/schema.org\",\"@graph\":[{\"@type\":\"Organization\",\"@id\":\"https:\/\/maynenkhithuanphat.com.vn\/#organization\",\"name\":\"C\\u00f4ng ty TNHH PT XNK Thu\\u1eadn Ph\\u00e1t\",\"url\":\"https:\/\/maynenkhithuanphat.com.vn\/\",\"sameAs\":[\"https:\/\/www.facebook.com\/phat.thuan.370177\/\",\"https:\/\/www.instagram.com\/phat.thuan.370177\/\",\"https:\/\/www.youtube.com\/channel\/UCWRaaKUOooP_xTqnN5ds1eg\/featured\",\"https:\/\/www.pinterest.com\/maynenkhithuanphat\/_created\/\"],\"logo\":{\"@type\":\"ImageObject\",\"@id\":\"https:\/\/maynenkhithuanphat.com.vn\/#logo\",\"inLanguage\":\"vi\",\"url\":\"https:\/\/maynenkhithuanphat.com.vn\/wp-content\/uploads\/2018\/05\/logo-1.png\",\"contentUrl\":\"https:\/\/maynenkhithuanphat.com.vn\/wp-content\/uploads\/2018\/05\/logo-1.png\",\"width\":500,\"height\":104,\"caption\":\"C\\u00f4ng ty TNHH PT XNK Thu\\u1eadn Ph\\u00e1t\"},\"image\":{\"@id\":\"https:\/\/maynenkhithuanphat.com.vn\/#logo\"}},{\"@type\":\"WebSite\",\"@id\":\"https:\/\/maynenkhithuanphat.com.vn\/#website\",\"url\":\"https:\/\/maynenkhithuanphat.com.vn\/\",\"name\":\"M\\u00e1y N\\u00e9n Kh\\u00ed Thu\\u1eadn Ph\\u00e1t\",\"description\":\"\",\"publisher\":{\"@id\":\"https:\/\/maynenkhithuanphat.com.vn\/#organization\"},\"potentialAction\":[{\"@type\":\"SearchAction\",\"target\":\"https:\/\/maynenkhithuanphat.com.vn\/?s={search_term_string}\",\"query-input\":\"required name=search_term_string\"}],\"inLanguage\":\"vi\"},{\"@type\":\"ImageObject\",\"@id\":\"https:\/\/maynenkhithuanphat.com.vn\/?product=may-say-khi-hap-thu#primaryimage\",\"inLanguage\":\"vi\",\"url\":\"https:\/\/maynenkhithuanphat.com.vn\/wp-content\/uploads\/2024\/10\/msk-ht-1.jpg\",\"contentUrl\":\"https:\/\/maynenkhithuanphat.com.vn\/wp-content\/uploads\/2024\/10\/msk-ht-1.jpg\",\"width\":335,\"height\":470},{\"@type\":\"WebPage\",\"@id\":\"https:\/\/maynenkhithuanphat.com.vn\/?product=may-say-khi-hap-thu#webpage\",\"url\":\"https:\/\/maynenkhithuanphat.com.vn\/?product=may-say-khi-hap-thu\",\"name\":\"M\\u00e1y s\\u1ea5y kh\\u00ed h\\u1ea5p th\\u1ee5 - M\\u00e1y n\\u00e9n kh\\u00ed Thu\\u1eadn Ph\\u00e1t - c\\u00f4ng ngh\\u1ec7 \\u0110\\u1ee9c\",\"isPartOf\":{\"@id\":\"https:\/\/maynenkhithuanphat.com.vn\/#website\"},\"primaryImageOfPage\":{\"@id\":\"https:\/\/maynenkhithuanphat.com.vn\/?product=may-say-khi-hap-thu#primaryimage\"},\"datePublished\":\"2019-12-13T01:56:10+00:00\",\"dateModified\":\"2024-10-12T08:25:14+00:00\",\"description\":\"M\\u00e1y s\\u1ea5y kh\\u00ed h\\u1ea5p th\\u1ee5 s\\u1eed d\\u1ee5ng v\\u1eadt li\\u1ec7u h\\u00fat \\u1ea9m c\\u1ef1c m\\u1ea1nh, gi\\u00fap h\\u00fat \\u0111\\u1ed9 \\u1ea9m trong d\\u00f2ng kh\\u00ed n\\u00e9n. \\u0110\\u1ea3m b\\u1ea3o Kh\\u00ed ra c\\u1ef1c kh\\u00f4 v\\u00e0 s\\u1ea1ch.\",\"breadcrumb\":{\"@id\":\"https:\/\/maynenkhithuanphat.com.vn\/?product=may-say-khi-hap-thu#breadcrumb\"},\"inLanguage\":\"vi\",\"potentialAction\":[{\"@type\":\"ReadAction\",\"target\":[\"https:\/\/maynenkhithuanphat.com.vn\/?product=may-say-khi-hap-thu\"]}]},{\"@type\":\"BreadcrumbList\",\"@id\":\"https:\/\/maynenkhithuanphat.com.vn\/?product=may-say-khi-hap-thu#breadcrumb\",\"itemListElement\":[{\"@type\":\"ListItem\",\"position\":1,\"name\":\"Trang ch\\u1ee7\",\"item\":\"https:\/\/maynenkhithuanphat.com.vn\/\"},{\"@type\":\"ListItem\",\"position\":2,\"name\":\"\"},{\"@type\":\"ListItem\",\"position\":3,\"name\":\"M\\u00c1Y S\\u1ea4Y KH\\u00cd\",\"item\":\"https:\/\/maynenkhithuanphat.com.vn\/?product_cat=may-say-khi\"},{\"@type\":\"ListItem\",\"position\":4,\"name\":\"M\\u00e1y s\\u1ea5y kh\\u00ed h\\u1ea5p th\\u1ee5\"}]}]}<\/script>\n<!-- \/ Yoast SEO plugin. -->","_links":{"self":[{"href":"https:\/\/maynenkhithuanphat.com.vn\/index.php?rest_route=\/wp\/v2\/product\/2110"}],"collection":[{"href":"https:\/\/maynenkhithuanphat.com.vn\/index.php?rest_route=\/wp\/v2\/product"}],"about":[{"href":"https:\/\/maynenkhithuanphat.com.vn\/index.php?rest_route=\/wp\/v2\/types\/product"}],"replies":[{"embeddable":true,"href":"https:\/\/maynenkhithuanphat.com.vn\/index.php?rest_route=%2Fwp%2Fv2%2Fcomments&post=2110"}],"wp:featuredmedia":[{"embeddable":true,"href":"https:\/\/maynenkhithuanphat.com.vn\/index.php?rest_route=\/wp\/v2\/media\/2883"}],"wp:attachment":[{"href":"https:\/\/maynenkhithuanphat.com.vn\/index.php?rest_route=%2Fwp%2Fv2%2Fmedia&parent=2110"}],"wp:term":[{"taxonomy":"product_cat","embeddable":true,"href":"https:\/\/maynenkhithuanphat.com.vn\/index.php?rest_route=%2Fwp%2Fv2%2Fproduct_cat&post=2110"},{"taxonomy":"product_tag","embeddable":true,"href":"https:\/\/maynenkhithuanphat.com.vn\/index.php?rest_route=%2Fwp%2Fv2%2Fproduct_tag&post=2110"}],"curies":[{"name":"wp","href":"https:\/\/api.w.org\/{rel}","templated":true}]}}