{"id":2082,"date":"2019-10-30T04:32:22","date_gmt":"2019-10-30T04:32:22","guid":{"rendered":"http:\/\/maynenkhithuanphat.com.vn\/?post_type=product&#038;p=2082"},"modified":"2024-10-10T04:01:21","modified_gmt":"2024-10-10T04:01:21","slug":"may-nen-khi-bien-tan-37kw-50hp","status":"publish","type":"product","link":"https:\/\/maynenkhithuanphat.com.vn\/?product=may-nen-khi-bien-tan-37kw-50hp","title":{"rendered":"M\u00e1y n\u00e9n kh\u00ed bi\u1ebfn t\u1ea7n 37kw (50hp)"},"content":{"rendered":"<p><a href=\"http:\/\/maynenkhithuanphat.com.vn\/may-nen-khi-truc-vit\/may-nen-khi-bien-tan-37kw-50hp\/\">M\u00c1Y N\u00c9N KH\u00cd BI\u1ebeN T\u1ea6N 37KW (50HP)<\/a><\/p>\n<p>TI\u1ebeT KI\u1ec6M\u00a0\u0110I\u1ec6N N\u0102NG 20%<\/p>\n<p>Th\u00f4ng tin b\u1ed9 ph\u1eadn ch\u00ednh <a href=\"http:\/\/maynenkhithuanphat.com.vn\/\">m\u00e1y n\u00e9n kh\u00ed tr\u1ee5c v\u00edt SG COMPRESSOR<\/a><\/p>\n<p>1,\u00a0<a href=\"http:\/\/maynenkhithuanphat.com.vn\/\">\u0110\u1ea7u n\u00e9n<\/a><\/p>\n<p>\u0110\u1ea7u n\u00e9n\u00a0\u0111\u01b0\u1ee3c s\u1ea3n xu\u1ea5t theo c\u00f4ng ngh\u1ec7\u00a0\u0110\u1ee9c,\u00a0\u0111\u1ed9\u00a0\u1ed3n th\u1ea5p, \u0111\u1ed9 rung th\u1ea5p \u0111\u1ed9\u00a0\u1ed5n\u00a0\u0111\u1ecbnh cao v\u00e0 b\u1ec1n b\u1ec9.<\/p>\n<figure id=\"attachment_2546\" class=\"wp-caption alignnone\" ><img decoding=\"async\" loading=\"lazy\" class=\"size-medium wp-image-2546\" src=\"https:\/\/maynenkhithuanphat.com.vn\/wp-content\/uploads\/2018\/04\/daunenmaynenkhitrucvit-300x167.jpg\" alt=\"\" width=\"300\" height=\"167\" srcset=\"https:\/\/maynenkhithuanphat.com.vn\/wp-content\/uploads\/2018\/04\/daunenmaynenkhitrucvit-300x167.jpg 300w, https:\/\/maynenkhithuanphat.com.vn\/wp-content\/uploads\/2018\/04\/daunenmaynenkhitrucvit-510x285.jpg 510w, https:\/\/maynenkhithuanphat.com.vn\/wp-content\/uploads\/2018\/04\/daunenmaynenkhitrucvit-50x28.jpg 50w, https:\/\/maynenkhithuanphat.com.vn\/wp-content\/uploads\/2018\/04\/daunenmaynenkhitrucvit.jpg 656w\" sizes=\"(max-width: 300px) 100vw, 300px\" \/><figcaption class=\"wp-caption-text\">dau nen may nen khi truc vit<\/figcaption><\/figure>\n<p>2, Bi\u1ebfn t\u1ea7n<\/p>\n<p>Cung c\u1ea5p n\u0103ng l\u01b0\u1ee3ng theo nhu c\u1ea7u d\u00f9ng kh\u00ed c\u1ee7a nh\u00e0 m\u00e1y, \u0111i\u1ec1u ti\u1ebft l\u01b0\u1ee3ng kh\u00ed v\u00e0o b\u1eb1ng c\u00e1ch \u0111i\u1ec1u ch\u1ec9nh van h\u00fat, ti\u1ebft ki\u1ec7m\u00a0\u0111i\u1ec7n.<\/p>\n<p>\u0110i\u1ec1u ti\u1ebft t\u1ed1c\u00a0\u0111\u1ed9 quay c\u1ee7a\u00a0\u0111\u1ed9ng c\u01a1, kh\u00f4ng loading v\u00e0 unloding th\u01b0\u1eddng xuy\u00ean\u00a0 gi\u1ea3m\u00a0\u0111\u1ed9\u00a0\u1ed3n sinh ra<\/p>\n<p>&nbsp;<\/p>\n<figure id=\"attachment_2542\" class=\"wp-caption alignnone\" ><img decoding=\"async\" loading=\"lazy\" class=\"size-medium wp-image-2542\" src=\"https:\/\/maynenkhithuanphat.com.vn\/wp-content\/uploads\/2018\/04\/tudienmaynenkhi-263x300.jpg\" alt=\"\" width=\"263\" height=\"300\" srcset=\"https:\/\/maynenkhithuanphat.com.vn\/wp-content\/uploads\/2018\/04\/tudienmaynenkhi-263x300.jpg 263w, https:\/\/maynenkhithuanphat.com.vn\/wp-content\/uploads\/2018\/04\/tudienmaynenkhi-510x582.jpg 510w, https:\/\/maynenkhithuanphat.com.vn\/wp-content\/uploads\/2018\/04\/tudienmaynenkhi-44x50.jpg 44w, https:\/\/maynenkhithuanphat.com.vn\/wp-content\/uploads\/2018\/04\/tudienmaynenkhi.jpg 553w\" sizes=\"(max-width: 263px) 100vw, 263px\" \/><figcaption class=\"wp-caption-text\">tu dien may nen khi truc vit<\/figcaption><\/figure>\n<p>3, M\u00e0n h\u00ecnh\u00a0\u0111i\u1ec1u khi\u1ec3n<\/p>\n<ul>\n<li>M\u00e0n h\u00ecnh c\u1ea3m\u00a0\u1ee9ng c\u00f4ng ngh\u1ec7 m\u1edbi, th\u00e2n thi\u1ec7n v\u00e0 d\u1ec5 s\u1eed d\u1ee5ng.<\/li>\n<li>Ch\u1ee9c n\u0103ng c\u00e0i\u00a0\u0111\u1eb7t th\u1eddi gian, v\u1eadn h\u00e0nh thay th\u1ebf&#8230;\u00a0\u0111\u1ec3 ti\u1ebft ki\u1ec7m\u00a0\u0111\u1ec7n, ti\u1ebft ki\u1ec7m nh\u00e2n c\u00f4ng.<\/li>\n<li>Ch\u1ee9c n\u0103ng\u00a0\u0111i\u1ec1u khi\u1ec3n t\u1eeb xa c\u00f3 th\u1ec3 th\u1ef1c hi\u1ec7n tr\u1ef1c ti\u1ebfp tr\u00ean m\u00e1y. Khi m\u00e1y g\u1eb7p s\u1ef1 c\u1ed1, n\u1ed9i dung l\u1ed7i s\u1ebd hi\u1ec3n th\u1ecb tr\u00ean m\u00e0n h\u00ecnh v\u00e0 nhanh ch\u00f3ng\u00a0\u0111\u01b0\u1ee3c gi\u1ea3i quy\u1ebft.<\/li>\n<li>Dung l\u01b0\u1ee3ng l\u01b0u tr\u1eef l\u1edbn gi\u00fap vi\u1ec7c truy xu\u1ea5t th\u00f4ng tin nhanh h\u01a1n.<\/li>\n<\/ul>\n<p>&nbsp;<\/p>\n<figure id=\"attachment_2543\" class=\"wp-caption alignnone\" ><img decoding=\"async\" loading=\"lazy\" class=\"wp-image-2543 size-medium\" src=\"https:\/\/maynenkhithuanphat.com.vn\/wp-content\/uploads\/2018\/04\/manhinhdieukhhien-e1728438256643-300x109.jpg\" alt=\"\" width=\"300\" height=\"109\" srcset=\"https:\/\/maynenkhithuanphat.com.vn\/wp-content\/uploads\/2018\/04\/manhinhdieukhhien-e1728438256643-300x109.jpg 300w, https:\/\/maynenkhithuanphat.com.vn\/wp-content\/uploads\/2018\/04\/manhinhdieukhhien-e1728438256643-50x18.jpg 50w, https:\/\/maynenkhithuanphat.com.vn\/wp-content\/uploads\/2018\/04\/manhinhdieukhhien-e1728438256643.jpg 404w\" sizes=\"(max-width: 300px) 100vw, 300px\" \/><figcaption class=\"wp-caption-text\">man hinh dieu khien may nen khi truc vit<\/figcaption><\/figure>\n<p>4, Motor<\/p>\n<p>C\u1ea5p b\u1ea3o v\u1ec7 IP54, F<\/p>\n<p>Ch\u1ea5t l\u01b0\u1ee3ng t\u01b0\u01a1ng\u00a0\u0111\u01b0\u01a1ng Sullair<\/p>\n<figure id=\"attachment_2494\" class=\"wp-caption alignnone\" ><img decoding=\"async\" loading=\"lazy\" class=\"size-medium wp-image-2494\" src=\"https:\/\/maynenkhithuanphat.com.vn\/wp-content\/uploads\/2018\/04\/motormaynenkhi-300x221.jpg\" alt=\"\" width=\"300\" height=\"221\" srcset=\"https:\/\/maynenkhithuanphat.com.vn\/wp-content\/uploads\/2018\/04\/motormaynenkhi-300x221.jpg 300w, https:\/\/maynenkhithuanphat.com.vn\/wp-content\/uploads\/2018\/04\/motormaynenkhi-510x376.jpg 510w, https:\/\/maynenkhithuanphat.com.vn\/wp-content\/uploads\/2018\/04\/motormaynenkhi-50x37.jpg 50w, https:\/\/maynenkhithuanphat.com.vn\/wp-content\/uploads\/2018\/04\/motormaynenkhi.jpg 550w\" sizes=\"(max-width: 300px) 100vw, 300px\" \/><figcaption class=\"wp-caption-text\">motor may nen khi truc vit<\/figcaption><\/figure>\n<p>5, <a href=\"http:\/\/maynenkhithuanphat.com.vn\/may-nen-khi-truc-vit\/van-nap-may-nen-khi-intake-valve\/\">Van n\u1ea1p ( Nh\u1eadp kh\u1ea9u t\u1eeb\u00a0\u00c1o)<\/a><\/p>\n<p>\u0110i\u1ec1u ti\u1ebft kh\u00ed, t\u1ef1\u00a0\u0111\u1ed9ng loading v\u00e0 unloading.<\/p>\n<p><img decoding=\"async\" loading=\"lazy\" class=\"size-full wp-image-1319 alignleft\" src=\"http:\/\/maynenkhithuanphat.com.vn\/wp-content\/uploads\/2018\/04\/30221392_2083867141891258_6057696765623140352_n.png\" alt=\"\" width=\"260\" height=\"200\" srcset=\"https:\/\/maynenkhithuanphat.com.vn\/wp-content\/uploads\/2018\/04\/30221392_2083867141891258_6057696765623140352_n.png 260w, https:\/\/maynenkhithuanphat.com.vn\/wp-content\/uploads\/2018\/04\/30221392_2083867141891258_6057696765623140352_n-50x38.png 50w\" sizes=\"(max-width: 260px) 100vw, 260px\" \/><\/p>\n<p>&nbsp;<\/p>\n<p>&nbsp;<\/p>\n<p>&nbsp;<\/p>\n<p>&nbsp;<\/p>\n<p>&nbsp;<\/p>\n<p>&nbsp;<\/p>\n<p>6,<a href=\"http:\/\/maynenkhithuanphat.com.vn\/may-nen-khi-truc-vit\/loc-dau-loc-gio-tach-dau\/\"> L\u1ecdc d\u1ea7u, l\u1ecdc gi\u00f3, t\u00e1ch d\u1ea7u<\/a>\u00a0(MANN \u0110\u1ee8C)<\/p>\n<p>Thi\u1ebft k\u1ebf v\u1edbi ti\u1ebft di\u1ec7n l\u1edbn, t\u00e1ch\u00a0\u0111a c\u1ea5p,\u00a0\u0111a t\u1ea7ng, tu\u1ed5i th\u1ecd d\u00e0i, h\u00e0m l\u01b0\u1ee3ng d\u1ea7u &lt;3ppm<\/p>\n<figure id=\"attachment_2489\" class=\"wp-caption alignnone\" ><img decoding=\"async\" loading=\"lazy\" class=\"size-medium wp-image-2489\" src=\"https:\/\/maynenkhithuanphat.com.vn\/wp-content\/uploads\/2018\/04\/phutungmaynenkhi-300x249.jpg\" alt=\"\" width=\"300\" height=\"249\" srcset=\"https:\/\/maynenkhithuanphat.com.vn\/wp-content\/uploads\/2018\/04\/phutungmaynenkhi-300x249.jpg 300w, https:\/\/maynenkhithuanphat.com.vn\/wp-content\/uploads\/2018\/04\/phutungmaynenkhi-510x424.jpg 510w, https:\/\/maynenkhithuanphat.com.vn\/wp-content\/uploads\/2018\/04\/phutungmaynenkhi-50x42.jpg 50w, https:\/\/maynenkhithuanphat.com.vn\/wp-content\/uploads\/2018\/04\/phutungmaynenkhi.jpg 722w\" sizes=\"(max-width: 300px) 100vw, 300px\" \/><figcaption class=\"wp-caption-text\">phu tung may nen khi truc vit<\/figcaption><\/figure>\n<p>7, B\u1ed9\u00a0\u0111i\u1ec1u khi\u1ec3n PLC<\/p>\n<p>S\u1eed d\u1ee5ng kh\u1edfi\u00a0\u0111\u1ed9ng t\u1eeb Siemens v\u00e0 Schneider,\u00a0\u1ed5n\u00a0\u0111\u1ecbnh v\u00e0 an to\u00e0n nh\u1eb1m t\u0103ng tu\u1ed5i th\u1ecd cho thi\u1ebft b\u1ecb . K\u1ebft n\u1ed1i\u00a0\u0111\u01b0\u1eddng d\u00e2y\u00a0\u0111i\u1ec7n chuy\u00ean nghi\u1ec7p, ti\u1ebft ki\u1ec7m\u00a0\u0111i\u1ec7n, ch\u1ee9c n\u0103ng b\u1ea3o v\u1ec7 v\u00e0 c\u1ea3nh b\u00e1o l\u1ed7i m\u1ea1nh m\u1ebd, an to\u00e0n.<\/p>\n<p><img decoding=\"async\" loading=\"lazy\" class=\"size-full wp-image-1320 alignleft\" src=\"http:\/\/maynenkhithuanphat.com.vn\/wp-content\/uploads\/2018\/04\/30222269_2083866905224615_6976764568047452160_n.png\" alt=\"\" width=\"189\" height=\"144\" srcset=\"https:\/\/maynenkhithuanphat.com.vn\/wp-content\/uploads\/2018\/04\/30222269_2083866905224615_6976764568047452160_n.png 189w, https:\/\/maynenkhithuanphat.com.vn\/wp-content\/uploads\/2018\/04\/30222269_2083866905224615_6976764568047452160_n-50x38.png 50w\" sizes=\"(max-width: 189px) 100vw, 189px\" \/><\/p>\n<p><img decoding=\"async\" loading=\"lazy\" class=\"size-full wp-image-1326 alignleft\" src=\"http:\/\/maynenkhithuanphat.com.vn\/wp-content\/uploads\/2018\/04\/30265131_2083867071891265_5277417618733531136_n.png\" alt=\"\" width=\"188\" height=\"149\" srcset=\"https:\/\/maynenkhithuanphat.com.vn\/wp-content\/uploads\/2018\/04\/30265131_2083867071891265_5277417618733531136_n.png 188w, https:\/\/maynenkhithuanphat.com.vn\/wp-content\/uploads\/2018\/04\/30265131_2083867071891265_5277417618733531136_n-50x40.png 50w\" sizes=\"(max-width: 188px) 100vw, 188px\" \/><\/p>\n<p>&nbsp;<\/p>\n<p>&nbsp;<\/p>\n<p>&nbsp;<\/p>\n<p>&nbsp;<\/p>\n<p>&nbsp;<\/p>\n<p>&nbsp;<\/p>\n","protected":false},"excerpt":{"rendered":"<p><a href=\"http:\/\/maynenkhithuanphat.com.vn\/may-nen-khi-truc-vit\/may-nen-khi-bien-tan-37kw-50hp\/\"><strong><b>M\u00e1y n\u00e9n kh\u00ed c\u00f3 bi\u1ebfn t\u1ea7n 37kw (50hp) &#8211; C\u00d4NG NGH\u1ec6 \u0110\u1ee8C<\/b><\/strong><\/a><\/p>\n<p><strong><b>Ti\u1ebft ki\u1ec7m \u0111i\u1ec7n 20%\u00a0<\/b><\/strong><\/p>\n<p>Th\u01b0\u01a1ng hi\u1ec7u:SG COMPRESSOR<\/p>\n<ul>\n<li>L\u01b0u l\u01b0\u1ee3ng\/\u00e1p su\u1ea5t l\u00e0m vi\u1ec7c: 6.<strong><b>2<\/b><\/strong>m3\/min\/ 8 bar<\/li>\n<li>C\u00f4ng su\u1ea5t \u0111\u1ed9ng c\u01a1: 37 KW (50 HP)<\/li>\n<li>\u0110i\u1ec7n \u00e1p: 380V-3P-50Hz<\/li>\n<li>Kh\u1edfi \u0111\u1ed9ng: Bi\u1ebfn t\u1ea7n<\/li>\n<\/ul>\n<ul>\n<li>H\u1ec7 th\u1ed1ng gi\u1ea3i nhi\u1ec7t: B\u1eb1ng kh\u00ed<\/li>\n<li>Nhi\u1ec7t \u0111\u1ed9 \u0111\u1ea7u ra: T<sup>o <\/sup>m\u00f4i tr\u01b0\u1eddng+15<sup>o<\/sup><\/li>\n<li>K\u00edch th\u01b0\u1edbc: 1560*1000*1360mm<\/li>\n<li>Tr\u1ecdng l\u01b0\u1ee3ng: 1060kg<\/li>\n<\/ul>\n<p>&nbsp;<\/p>\n","protected":false},"featured_media":2870,"comment_status":"closed","ping_status":"closed","template":"","meta":[],"product_cat":[102],"product_tag":[549,412,94,411,408,409,417,410,416],"yoast_head":"<!-- This site is optimized with the Yoast SEO plugin v16.5 - https:\/\/yoast.com\/wordpress\/plugins\/seo\/ -->\n<title>M\u00e1y n\u00e9n kh\u00ed bi\u1ebfn t\u1ea7n 37kw (50hp) - M\u00e1y n\u00e9n kh\u00ed Thu\u1eadn Ph\u00e1t<\/title>\n<meta name=\"description\" content=\"M\u00e1y n\u00e9n kh\u00ed bi\u1ebfn t\u1ea7n 37kw (50hp) c\u00f4ng ngh\u1ec7 \u0110\u1ee9c, ti\u1ebft ki\u1ec7m \u0111i\u1ec7n 20%, kh\u1edfi \u0111\u1ed9ng b\u1eb1ng bi\u1ebfn t\u1ea7n, \u0111\u1ed9 \u1ed3n th\u1ea5p, ho\u1ea1t \u0111\u1ed9ng hi\u1ec7u qu\u1ea3 100%\" \/>\n<meta name=\"robots\" content=\"index, follow, max-snippet:-1, max-image-preview:large, max-video-preview:-1\" \/>\n<link rel=\"canonical\" href=\"https:\/\/maynenkhithuanphat.com.vn\/?product=may-nen-khi-bien-tan-37kw-50hp\" \/>\n<meta property=\"og:locale\" content=\"vi_VN\" \/>\n<meta property=\"og:type\" content=\"article\" \/>\n<meta property=\"og:title\" content=\"M\u00e1y n\u00e9n kh\u00ed bi\u1ebfn t\u1ea7n 37kw (50hp) - M\u00e1y n\u00e9n kh\u00ed Thu\u1eadn Ph\u00e1t\" \/>\n<meta property=\"og:description\" content=\"M\u00e1y n\u00e9n kh\u00ed bi\u1ebfn t\u1ea7n 37kw (50hp) c\u00f4ng ngh\u1ec7 \u0110\u1ee9c, ti\u1ebft ki\u1ec7m \u0111i\u1ec7n 20%, kh\u1edfi \u0111\u1ed9ng b\u1eb1ng bi\u1ebfn t\u1ea7n, \u0111\u1ed9 \u1ed3n th\u1ea5p, ho\u1ea1t \u0111\u1ed9ng hi\u1ec7u qu\u1ea3 100%\" \/>\n<meta property=\"og:url\" content=\"https:\/\/maynenkhithuanphat.com.vn\/?product=may-nen-khi-bien-tan-37kw-50hp\" \/>\n<meta property=\"og:site_name\" content=\"M\u00e1y N\u00e9n Kh\u00ed Thu\u1eadn Ph\u00e1t\" \/>\n<meta property=\"article:publisher\" content=\"https:\/\/www.facebook.com\/phat.thuan.370177\/\" \/>\n<meta property=\"article:modified_time\" content=\"2024-10-10T04:01:21+00:00\" \/>\n<meta property=\"og:image\" content=\"https:\/\/maynenkhithuanphat.com.vn\/wp-content\/uploads\/2019\/10\/SG50.jpg\" \/>\n\t<meta property=\"og:image:width\" content=\"1000\" \/>\n\t<meta property=\"og:image:height\" content=\"1000\" \/>\n<meta name=\"twitter:card\" content=\"summary_large_image\" \/>\n<meta name=\"twitter:label1\" content=\"\u01af\u1edbc t\u00ednh th\u1eddi gian \u0111\u1ecdc\" \/>\n\t<meta name=\"twitter:data1\" content=\"4 ph\u00fat\" \/>\n<script type=\"application\/ld+json\" class=\"yoast-schema-graph\">{\"@context\":\"https:\/\/schema.org\",\"@graph\":[{\"@type\":\"Organization\",\"@id\":\"https:\/\/maynenkhithuanphat.com.vn\/#organization\",\"name\":\"C\\u00f4ng ty TNHH PT XNK Thu\\u1eadn Ph\\u00e1t\",\"url\":\"https:\/\/maynenkhithuanphat.com.vn\/\",\"sameAs\":[\"https:\/\/www.facebook.com\/phat.thuan.370177\/\",\"https:\/\/www.instagram.com\/phat.thuan.370177\/\",\"https:\/\/www.youtube.com\/channel\/UCWRaaKUOooP_xTqnN5ds1eg\/featured\",\"https:\/\/www.pinterest.com\/maynenkhithuanphat\/_created\/\"],\"logo\":{\"@type\":\"ImageObject\",\"@id\":\"https:\/\/maynenkhithuanphat.com.vn\/#logo\",\"inLanguage\":\"vi\",\"url\":\"https:\/\/maynenkhithuanphat.com.vn\/wp-content\/uploads\/2018\/05\/logo-1.png\",\"contentUrl\":\"https:\/\/maynenkhithuanphat.com.vn\/wp-content\/uploads\/2018\/05\/logo-1.png\",\"width\":500,\"height\":104,\"caption\":\"C\\u00f4ng ty TNHH PT XNK Thu\\u1eadn Ph\\u00e1t\"},\"image\":{\"@id\":\"https:\/\/maynenkhithuanphat.com.vn\/#logo\"}},{\"@type\":\"WebSite\",\"@id\":\"https:\/\/maynenkhithuanphat.com.vn\/#website\",\"url\":\"https:\/\/maynenkhithuanphat.com.vn\/\",\"name\":\"M\\u00e1y N\\u00e9n Kh\\u00ed Thu\\u1eadn Ph\\u00e1t\",\"description\":\"\",\"publisher\":{\"@id\":\"https:\/\/maynenkhithuanphat.com.vn\/#organization\"},\"potentialAction\":[{\"@type\":\"SearchAction\",\"target\":\"https:\/\/maynenkhithuanphat.com.vn\/?s={search_term_string}\",\"query-input\":\"required name=search_term_string\"}],\"inLanguage\":\"vi\"},{\"@type\":\"ImageObject\",\"@id\":\"https:\/\/maynenkhithuanphat.com.vn\/?product=may-nen-khi-bien-tan-37kw-50hp#primaryimage\",\"inLanguage\":\"vi\",\"url\":\"https:\/\/maynenkhithuanphat.com.vn\/wp-content\/uploads\/2019\/10\/SG50.jpg\",\"contentUrl\":\"https:\/\/maynenkhithuanphat.com.vn\/wp-content\/uploads\/2019\/10\/SG50.jpg\",\"width\":1000,\"height\":1000},{\"@type\":\"WebPage\",\"@id\":\"https:\/\/maynenkhithuanphat.com.vn\/?product=may-nen-khi-bien-tan-37kw-50hp#webpage\",\"url\":\"https:\/\/maynenkhithuanphat.com.vn\/?product=may-nen-khi-bien-tan-37kw-50hp\",\"name\":\"M\\u00e1y n\\u00e9n kh\\u00ed bi\\u1ebfn t\\u1ea7n 37kw (50hp) - M\\u00e1y n\\u00e9n kh\\u00ed Thu\\u1eadn Ph\\u00e1t\",\"isPartOf\":{\"@id\":\"https:\/\/maynenkhithuanphat.com.vn\/#website\"},\"primaryImageOfPage\":{\"@id\":\"https:\/\/maynenkhithuanphat.com.vn\/?product=may-nen-khi-bien-tan-37kw-50hp#primaryimage\"},\"datePublished\":\"2019-10-30T04:32:22+00:00\",\"dateModified\":\"2024-10-10T04:01:21+00:00\",\"description\":\"M\\u00e1y n\\u00e9n kh\\u00ed bi\\u1ebfn t\\u1ea7n 37kw (50hp) c\\u00f4ng ngh\\u1ec7 \\u0110\\u1ee9c, ti\\u1ebft ki\\u1ec7m \\u0111i\\u1ec7n 20%, kh\\u1edfi \\u0111\\u1ed9ng b\\u1eb1ng bi\\u1ebfn t\\u1ea7n, \\u0111\\u1ed9 \\u1ed3n th\\u1ea5p, ho\\u1ea1t \\u0111\\u1ed9ng hi\\u1ec7u qu\\u1ea3 100%\",\"breadcrumb\":{\"@id\":\"https:\/\/maynenkhithuanphat.com.vn\/?product=may-nen-khi-bien-tan-37kw-50hp#breadcrumb\"},\"inLanguage\":\"vi\",\"potentialAction\":[{\"@type\":\"ReadAction\",\"target\":[\"https:\/\/maynenkhithuanphat.com.vn\/?product=may-nen-khi-bien-tan-37kw-50hp\"]}]},{\"@type\":\"BreadcrumbList\",\"@id\":\"https:\/\/maynenkhithuanphat.com.vn\/?product=may-nen-khi-bien-tan-37kw-50hp#breadcrumb\",\"itemListElement\":[{\"@type\":\"ListItem\",\"position\":1,\"name\":\"Trang ch\\u1ee7\",\"item\":\"https:\/\/maynenkhithuanphat.com.vn\/\"},{\"@type\":\"ListItem\",\"position\":2,\"name\":\"\"},{\"@type\":\"ListItem\",\"position\":3,\"name\":\"M\\u00c1Y N\\u00c9N KH\\u00cd BI\\u1ebeN T\\u1ea6N\",\"item\":\"https:\/\/maynenkhithuanphat.com.vn\/?product_cat=may-nen-khi-bien-tan\"},{\"@type\":\"ListItem\",\"position\":4,\"name\":\"M\\u00e1y n\\u00e9n kh\\u00ed bi\\u1ebfn t\\u1ea7n 37kw (50hp)\"}]}]}<\/script>\n<!-- \/ Yoast SEO plugin. -->","_links":{"self":[{"href":"https:\/\/maynenkhithuanphat.com.vn\/index.php?rest_route=\/wp\/v2\/product\/2082"}],"collection":[{"href":"https:\/\/maynenkhithuanphat.com.vn\/index.php?rest_route=\/wp\/v2\/product"}],"about":[{"href":"https:\/\/maynenkhithuanphat.com.vn\/index.php?rest_route=\/wp\/v2\/types\/product"}],"replies":[{"embeddable":true,"href":"https:\/\/maynenkhithuanphat.com.vn\/index.php?rest_route=%2Fwp%2Fv2%2Fcomments&post=2082"}],"wp:featuredmedia":[{"embeddable":true,"href":"https:\/\/maynenkhithuanphat.com.vn\/index.php?rest_route=\/wp\/v2\/media\/2870"}],"wp:attachment":[{"href":"https:\/\/maynenkhithuanphat.com.vn\/index.php?rest_route=%2Fwp%2Fv2%2Fmedia&parent=2082"}],"wp:term":[{"taxonomy":"product_cat","embeddable":true,"href":"https:\/\/maynenkhithuanphat.com.vn\/index.php?rest_route=%2Fwp%2Fv2%2Fproduct_cat&post=2082"},{"taxonomy":"product_tag","embeddable":true,"href":"https:\/\/maynenkhithuanphat.com.vn\/index.php?rest_route=%2Fwp%2Fv2%2Fproduct_tag&post=2082"}],"curies":[{"name":"wp","href":"https:\/\/api.w.org\/{rel}","templated":true}]}}