{"id":1977,"date":"2019-07-22T09:13:54","date_gmt":"2019-07-22T09:13:54","guid":{"rendered":"http:\/\/maynenkhithuanphat.com.vn\/?post_type=product&#038;p=1977"},"modified":"2024-10-12T08:04:29","modified_gmt":"2024-10-12T08:04:29","slug":"may-nen-khi-truc-vit-75hp-55kw","status":"publish","type":"product","link":"https:\/\/maynenkhithuanphat.com.vn\/?product=may-nen-khi-truc-vit-75hp-55kw","title":{"rendered":"M\u00e1y n\u00e9n kh\u00ed tr\u1ee5c v\u00edt 55kw (75HP)"},"content":{"rendered":"<p><a href=\"http:\/\/maynenkhithuanphat.com.vn\/may-nen-khi-truc-vit\/may-nen-khi-truc-vit-75-hp-55-kw\/\">M\u00e1y n\u00e9n kh\u00ed 55kw (75HP)<\/a><\/p>\n<p>Th\u00f4ng tin b\u1ed9 ph\u1eadn ch\u00ednh m\u00e1y n\u00e9n kh\u00ed tr\u1ee5c v\u00edt SG COMPRESSOR<\/p>\n<p>1,\u00a0\u0110\u1ea7u n\u00e9n<\/p>\n<p>\u0110\u1ea7u n\u00e9n\u00a0\u0111\u01b0\u1ee3c s\u1ea3n xu\u1ea5t theo c\u00f4ng ngh\u1ec7\u00a0\u0110\u1ee9c,\u00a0\u0111\u1ed9\u00a0\u1ed3n th\u1ea5p,\u00a0\u0111\u1ed9\u00a0\u1ed5n\u00a0\u0111\u1ecbnh cao v\u00e0 b\u1ec1n b\u1ec9<\/p>\n<p><img decoding=\"async\" loading=\"lazy\" class=\"size-full wp-image-1317 alignleft\" src=\"http:\/\/maynenkhithuanphat.com.vn\/wp-content\/uploads\/2018\/04\/30127365_2083867335224572_2797689564301361152_n.png\" alt=\"\" width=\"261\" height=\"155\" srcset=\"https:\/\/maynenkhithuanphat.com.vn\/wp-content\/uploads\/2018\/04\/30127365_2083867335224572_2797689564301361152_n.png 261w, https:\/\/maynenkhithuanphat.com.vn\/wp-content\/uploads\/2018\/04\/30127365_2083867335224572_2797689564301361152_n-50x30.png 50w\" sizes=\"(max-width: 261px) 100vw, 261px\" \/><\/p>\n<p>&nbsp;<\/p>\n<p>&nbsp;<\/p>\n<p>&nbsp;<\/p>\n<p>&nbsp;<\/p>\n<p>&nbsp;<\/p>\n<p>2, Motor<\/p>\n<p>C\u1ea5p b\u1ea3o v\u1ec7 IP54, F<\/p>\n<p>Ch\u1ea5t l\u01b0\u1ee3ng t\u01b0\u01a1ng\u00a0\u0111\u01b0\u01a1ng Sullair<\/p>\n<figure id=\"attachment_2494\" class=\"wp-caption alignnone\" ><img decoding=\"async\" loading=\"lazy\" class=\"size-medium wp-image-2494\" src=\"https:\/\/maynenkhithuanphat.com.vn\/wp-content\/uploads\/2018\/04\/motormaynenkhi-300x221.jpg\" alt=\"\" width=\"300\" height=\"221\" srcset=\"https:\/\/maynenkhithuanphat.com.vn\/wp-content\/uploads\/2018\/04\/motormaynenkhi-300x221.jpg 300w, https:\/\/maynenkhithuanphat.com.vn\/wp-content\/uploads\/2018\/04\/motormaynenkhi-510x376.jpg 510w, https:\/\/maynenkhithuanphat.com.vn\/wp-content\/uploads\/2018\/04\/motormaynenkhi-50x37.jpg 50w, https:\/\/maynenkhithuanphat.com.vn\/wp-content\/uploads\/2018\/04\/motormaynenkhi.jpg 550w\" sizes=\"(max-width: 300px) 100vw, 300px\" \/><figcaption class=\"wp-caption-text\">motor may nen khi truc vit<\/figcaption><\/figure>\n<p>3, <a href=\"http:\/\/maynenkhithuanphat.com.vn\/may-nen-khi-truc-vit\/van-nap-may-nen-khi-intake-valve\/\">Van n\u1ea1p ( Nh\u1eadp kh\u1ea9u t\u1eeb\u00a0\u00c1o)<\/a><\/p>\n<p>\u0110i\u1ec1u ti\u1ebft kh\u00ed, t\u1ef1\u00a0\u0111\u1ed9ng loading v\u00e0 unloading<\/p>\n<p><img decoding=\"async\" loading=\"lazy\" class=\"size-full wp-image-1319 alignleft\" src=\"http:\/\/maynenkhithuanphat.com.vn\/wp-content\/uploads\/2018\/04\/30221392_2083867141891258_6057696765623140352_n.png\" alt=\"\" width=\"260\" height=\"200\" srcset=\"https:\/\/maynenkhithuanphat.com.vn\/wp-content\/uploads\/2018\/04\/30221392_2083867141891258_6057696765623140352_n.png 260w, https:\/\/maynenkhithuanphat.com.vn\/wp-content\/uploads\/2018\/04\/30221392_2083867141891258_6057696765623140352_n-50x38.png 50w\" sizes=\"(max-width: 260px) 100vw, 260px\" \/><\/p>\n<p>&nbsp;<\/p>\n<p>&nbsp;<\/p>\n<p>&nbsp;<\/p>\n<p>&nbsp;<\/p>\n<p>&nbsp;<\/p>\n<p>&nbsp;<\/p>\n<p>4, <a href=\"http:\/\/maynenkhithuanphat.com.vn\/may-nen-khi-truc-vit\/loc-dau-loc-gio-tach-dau\/\">L\u1ecdc d\u1ea7u, l\u1ecdc gi\u00f3, t\u00e1ch d\u1ea7u<\/a> (th\u01b0\u01a1ng hi\u1ec7u MANN, nh\u1eadp kh\u1ea9u t\u1eeb\u00a0\u0110\u1ee9c)<\/p>\n<p>&nbsp;<\/p>\n<figure id=\"attachment_2489\" class=\"wp-caption alignnone\" ><img decoding=\"async\" loading=\"lazy\" class=\"size-medium wp-image-2489\" src=\"https:\/\/maynenkhithuanphat.com.vn\/wp-content\/uploads\/2018\/04\/phutungmaynenkhi-300x249.jpg\" alt=\"\" width=\"300\" height=\"249\" srcset=\"https:\/\/maynenkhithuanphat.com.vn\/wp-content\/uploads\/2018\/04\/phutungmaynenkhi-300x249.jpg 300w, https:\/\/maynenkhithuanphat.com.vn\/wp-content\/uploads\/2018\/04\/phutungmaynenkhi-510x424.jpg 510w, https:\/\/maynenkhithuanphat.com.vn\/wp-content\/uploads\/2018\/04\/phutungmaynenkhi-50x42.jpg 50w, https:\/\/maynenkhithuanphat.com.vn\/wp-content\/uploads\/2018\/04\/phutungmaynenkhi.jpg 722w\" sizes=\"(max-width: 300px) 100vw, 300px\" \/><figcaption class=\"wp-caption-text\">phu tung may nen khi truc vit<\/figcaption><\/figure>\n<p>5, B\u1ed9\u00a0\u0111i\u1ec1u khi\u1ec3n PLC<\/p>\n<p>S\u1eed d\u1ee5ng kh\u1edfi\u00a0\u0111\u1ed9ng t\u1eeb Siemens v\u00e0 Schneider,\u00a0\u1ed5n\u00a0\u0111\u1ecbnh v\u00e0 an to\u00e0n nh\u1eb1m t\u0103ng tu\u1ed5i th\u1ecd cho thi\u1ebft b\u1ecb . K\u1ebft n\u1ed1i\u00a0\u0111\u01b0\u1eddng d\u00e2y\u00a0\u0111i\u1ec7n chuy\u00ean nghi\u1ec7p, ti\u1ebft ki\u1ec7m\u00a0\u0111i\u1ec7n, ch\u1ee9c n\u0103ng b\u1ea3o v\u1ec7 v\u00e0 c\u1ea3nh b\u00e1o l\u1ed7i m\u1ea1nh m\u1ebd, an to\u00e0n.<\/p>\n<p><img decoding=\"async\" loading=\"lazy\" class=\"size-full wp-image-1320 alignleft\" src=\"http:\/\/maynenkhithuanphat.com.vn\/wp-content\/uploads\/2018\/04\/30222269_2083866905224615_6976764568047452160_n.png\" alt=\"\" width=\"189\" height=\"144\" srcset=\"https:\/\/maynenkhithuanphat.com.vn\/wp-content\/uploads\/2018\/04\/30222269_2083866905224615_6976764568047452160_n.png 189w, https:\/\/maynenkhithuanphat.com.vn\/wp-content\/uploads\/2018\/04\/30222269_2083866905224615_6976764568047452160_n-50x38.png 50w\" sizes=\"(max-width: 189px) 100vw, 189px\" \/><\/p>\n<p><img decoding=\"async\" loading=\"lazy\" class=\"size-full wp-image-1326 alignleft\" src=\"http:\/\/maynenkhithuanphat.com.vn\/wp-content\/uploads\/2018\/04\/30265131_2083867071891265_5277417618733531136_n.png\" alt=\"\" width=\"188\" height=\"149\" srcset=\"https:\/\/maynenkhithuanphat.com.vn\/wp-content\/uploads\/2018\/04\/30265131_2083867071891265_5277417618733531136_n.png 188w, https:\/\/maynenkhithuanphat.com.vn\/wp-content\/uploads\/2018\/04\/30265131_2083867071891265_5277417618733531136_n-50x40.png 50w\" sizes=\"(max-width: 188px) 100vw, 188px\" \/><\/p>\n<p>&nbsp;<\/p>\n<p>&nbsp;<\/p>\n<p>&nbsp;<\/p>\n<p>&nbsp;<\/p>\n<p>&nbsp;<\/p>\n<p>&nbsp;<\/p>\n<p>&nbsp;<\/p>\n","protected":false},"excerpt":{"rendered":"<p><a href=\"http:\/\/maynenkhithuanphat.com.vn\/may-nen-khi-truc-vit\/may-nen-khi-truc-vit-75-hp-55-kw\/\">M\u00c1Y N\u00c9N KH\u00cd TR\u1ee4C V\u00cdT 55kw<\/a>&#8211; C\u00d4NG NGH\u1ec6 CHLB\u00a0\u0110\u1ee8C<\/p>\n<p>Th\u01b0\u01a1ng hi\u1ec7u: <a href=\"http:\/\/maynenkhithuanphat.com.vn\/\">SG Compressor<\/a><b><\/b><\/p>\n<ul>\n<li>L\u01b0u l\u01b0\u1ee3ng\/\u00c1p su\u1ea5t l\u00e0m vi\u1ec7c:<strong> 9.<b>1<\/b><\/strong>m3\/min\/ 8 bar<\/li>\n<li>C\u00f4ng su\u1ea5t \u0111\u1ed9ng c\u01a1 : 55 KW (75HP)<\/li>\n<li>C\u00e1ch nhi\u1ec7t \u00a0\u00a0\u00a0\u00a0\u00a0\u00a0\u00a0\u00a0\u00a0\u00a0\u00a0\u00a0\u00a0: F<\/li>\n<li>\u0110i\u1ec7n \u00e1p \u00a0\u00a0\u00a0\u00a0\u00a0\u00a0\u00a0\u00a0\u00a0\u00a0\u00a0\u00a0\u00a0\u00a0\u00a0\u00a0\u00a0: 380V-3P-50Hz<\/li>\n<li>K\u00edch th\u01b0\u1edbc \u00a0\u00a0\u00a0\u00a0\u00a0\u00a0\u00a0\u00a0\u00a0\u00a0\u00a0\u00a0: 1800*1200*1600mm<\/li>\n<li>Tr\u1ecdng l\u01b0\u1ee3ng \u00a0\u00a0\u00a0\u00a0\u00a0\u00a0\u00a0\u00a0\u00a0\u00a0: 1880kg<\/li>\n<\/ul>\n<p>&nbsp;<\/p>\n","protected":false},"featured_media":2860,"comment_status":"closed","ping_status":"closed","template":"","meta":[],"product_cat":[376],"product_tag":[245,247,253,394,252,251,250,254,258,259,256,255,260,177],"yoast_head":"<!-- This site is optimized with the Yoast SEO plugin v16.5 - https:\/\/yoast.com\/wordpress\/plugins\/seo\/ -->\n<title>M\u00e1y n\u00e9n kh\u00ed tr\u1ee5c v\u00edt 55kw (75HP) - M\u00e1y n\u00e9n kh\u00ed Thu\u1eadn Ph\u00e1t<\/title>\n<meta name=\"description\" content=\"M\u00e1y n\u00e9n kh\u00ed tr\u1ee5c v\u00edt 55kw (75HP) c\u00f4ng ngh\u1ec7 \u0110\u1ee9c, l\u01b0u lu\u1ecdng kh\u00ed ra 9.1m3\/ph\u00fat, \u00e1p l\u1ef1c 8 bar, b\u1ea3o h\u00e0nh 5 n\u0103m, \u0111\u1ed9 \u1ed3ng th\u1ea5p, ti\u1ebft ki\u1ec7m \u0111i\u1ec7n.\" \/>\n<meta name=\"robots\" content=\"index, follow, max-snippet:-1, max-image-preview:large, max-video-preview:-1\" \/>\n<link rel=\"canonical\" href=\"https:\/\/maynenkhithuanphat.com.vn\/?product=may-nen-khi-truc-vit-75hp-55kw\" \/>\n<meta property=\"og:locale\" content=\"vi_VN\" \/>\n<meta property=\"og:type\" content=\"article\" \/>\n<meta property=\"og:title\" content=\"M\u00e1y n\u00e9n kh\u00ed tr\u1ee5c v\u00edt 55kw (75HP) - M\u00e1y n\u00e9n kh\u00ed Thu\u1eadn Ph\u00e1t\" \/>\n<meta property=\"og:description\" content=\"M\u00e1y n\u00e9n kh\u00ed tr\u1ee5c v\u00edt 55kw (75HP) c\u00f4ng ngh\u1ec7 \u0110\u1ee9c, l\u01b0u lu\u1ecdng kh\u00ed ra 9.1m3\/ph\u00fat, \u00e1p l\u1ef1c 8 bar, b\u1ea3o h\u00e0nh 5 n\u0103m, \u0111\u1ed9 \u1ed3ng th\u1ea5p, ti\u1ebft ki\u1ec7m \u0111i\u1ec7n.\" \/>\n<meta property=\"og:url\" content=\"https:\/\/maynenkhithuanphat.com.vn\/?product=may-nen-khi-truc-vit-75hp-55kw\" \/>\n<meta property=\"og:site_name\" content=\"M\u00e1y N\u00e9n Kh\u00ed Thu\u1eadn Ph\u00e1t\" \/>\n<meta property=\"article:publisher\" content=\"https:\/\/www.facebook.com\/phat.thuan.370177\/\" \/>\n<meta property=\"article:modified_time\" content=\"2024-10-12T08:04:29+00:00\" \/>\n<meta property=\"og:image\" content=\"https:\/\/maynenkhithuanphat.com.vn\/wp-content\/uploads\/2021\/06\/SG175.jpg\" \/>\n\t<meta property=\"og:image:width\" content=\"1000\" \/>\n\t<meta property=\"og:image:height\" content=\"1000\" \/>\n<meta name=\"twitter:card\" content=\"summary_large_image\" \/>\n<meta name=\"twitter:label1\" content=\"\u01af\u1edbc t\u00ednh th\u1eddi gian \u0111\u1ecdc\" \/>\n\t<meta name=\"twitter:data1\" content=\"2 ph\u00fat\" \/>\n<script type=\"application\/ld+json\" class=\"yoast-schema-graph\">{\"@context\":\"https:\/\/schema.org\",\"@graph\":[{\"@type\":\"Organization\",\"@id\":\"https:\/\/maynenkhithuanphat.com.vn\/#organization\",\"name\":\"C\\u00f4ng ty TNHH PT XNK Thu\\u1eadn Ph\\u00e1t\",\"url\":\"https:\/\/maynenkhithuanphat.com.vn\/\",\"sameAs\":[\"https:\/\/www.facebook.com\/phat.thuan.370177\/\",\"https:\/\/www.instagram.com\/phat.thuan.370177\/\",\"https:\/\/www.youtube.com\/channel\/UCWRaaKUOooP_xTqnN5ds1eg\/featured\",\"https:\/\/www.pinterest.com\/maynenkhithuanphat\/_created\/\"],\"logo\":{\"@type\":\"ImageObject\",\"@id\":\"https:\/\/maynenkhithuanphat.com.vn\/#logo\",\"inLanguage\":\"vi\",\"url\":\"https:\/\/maynenkhithuanphat.com.vn\/wp-content\/uploads\/2018\/05\/logo-1.png\",\"contentUrl\":\"https:\/\/maynenkhithuanphat.com.vn\/wp-content\/uploads\/2018\/05\/logo-1.png\",\"width\":500,\"height\":104,\"caption\":\"C\\u00f4ng ty TNHH PT XNK Thu\\u1eadn Ph\\u00e1t\"},\"image\":{\"@id\":\"https:\/\/maynenkhithuanphat.com.vn\/#logo\"}},{\"@type\":\"WebSite\",\"@id\":\"https:\/\/maynenkhithuanphat.com.vn\/#website\",\"url\":\"https:\/\/maynenkhithuanphat.com.vn\/\",\"name\":\"M\\u00e1y N\\u00e9n Kh\\u00ed Thu\\u1eadn Ph\\u00e1t\",\"description\":\"\",\"publisher\":{\"@id\":\"https:\/\/maynenkhithuanphat.com.vn\/#organization\"},\"potentialAction\":[{\"@type\":\"SearchAction\",\"target\":\"https:\/\/maynenkhithuanphat.com.vn\/?s={search_term_string}\",\"query-input\":\"required name=search_term_string\"}],\"inLanguage\":\"vi\"},{\"@type\":\"ImageObject\",\"@id\":\"https:\/\/maynenkhithuanphat.com.vn\/?product=may-nen-khi-truc-vit-75hp-55kw#primaryimage\",\"inLanguage\":\"vi\",\"url\":\"https:\/\/maynenkhithuanphat.com.vn\/wp-content\/uploads\/2021\/06\/SG175.jpg\",\"contentUrl\":\"https:\/\/maynenkhithuanphat.com.vn\/wp-content\/uploads\/2021\/06\/SG175.jpg\",\"width\":1000,\"height\":1000},{\"@type\":\"WebPage\",\"@id\":\"https:\/\/maynenkhithuanphat.com.vn\/?product=may-nen-khi-truc-vit-75hp-55kw#webpage\",\"url\":\"https:\/\/maynenkhithuanphat.com.vn\/?product=may-nen-khi-truc-vit-75hp-55kw\",\"name\":\"M\\u00e1y n\\u00e9n kh\\u00ed tr\\u1ee5c v\\u00edt 55kw (75HP) - M\\u00e1y n\\u00e9n kh\\u00ed Thu\\u1eadn Ph\\u00e1t\",\"isPartOf\":{\"@id\":\"https:\/\/maynenkhithuanphat.com.vn\/#website\"},\"primaryImageOfPage\":{\"@id\":\"https:\/\/maynenkhithuanphat.com.vn\/?product=may-nen-khi-truc-vit-75hp-55kw#primaryimage\"},\"datePublished\":\"2019-07-22T09:13:54+00:00\",\"dateModified\":\"2024-10-12T08:04:29+00:00\",\"description\":\"M\\u00e1y n\\u00e9n kh\\u00ed tr\\u1ee5c v\\u00edt 55kw (75HP) c\\u00f4ng ngh\\u1ec7 \\u0110\\u1ee9c, l\\u01b0u lu\\u1ecdng kh\\u00ed ra 9.1m3\/ph\\u00fat, \\u00e1p l\\u1ef1c 8 bar, b\\u1ea3o h\\u00e0nh 5 n\\u0103m, \\u0111\\u1ed9 \\u1ed3ng th\\u1ea5p, ti\\u1ebft ki\\u1ec7m \\u0111i\\u1ec7n.\",\"breadcrumb\":{\"@id\":\"https:\/\/maynenkhithuanphat.com.vn\/?product=may-nen-khi-truc-vit-75hp-55kw#breadcrumb\"},\"inLanguage\":\"vi\",\"potentialAction\":[{\"@type\":\"ReadAction\",\"target\":[\"https:\/\/maynenkhithuanphat.com.vn\/?product=may-nen-khi-truc-vit-75hp-55kw\"]}]},{\"@type\":\"BreadcrumbList\",\"@id\":\"https:\/\/maynenkhithuanphat.com.vn\/?product=may-nen-khi-truc-vit-75hp-55kw#breadcrumb\",\"itemListElement\":[{\"@type\":\"ListItem\",\"position\":1,\"name\":\"Trang ch\\u1ee7\",\"item\":\"https:\/\/maynenkhithuanphat.com.vn\/\"},{\"@type\":\"ListItem\",\"position\":2,\"name\":\"\"},{\"@type\":\"ListItem\",\"position\":3,\"name\":\"M\\u00c1Y N\\u00c9N KH\\u00cd \\u0110\\u1ed8NG C\\u01a0 TH\\u01af\\u1edcNG\",\"item\":\"https:\/\/maynenkhithuanphat.com.vn\/?product_cat=may-nen-khi-truc-vit\"},{\"@type\":\"ListItem\",\"position\":4,\"name\":\"M\\u00e1y n\\u00e9n kh\\u00ed tr\\u1ee5c v\\u00edt 55kw (75HP)\"}]}]}<\/script>\n<!-- \/ Yoast SEO plugin. -->","_links":{"self":[{"href":"https:\/\/maynenkhithuanphat.com.vn\/index.php?rest_route=\/wp\/v2\/product\/1977"}],"collection":[{"href":"https:\/\/maynenkhithuanphat.com.vn\/index.php?rest_route=\/wp\/v2\/product"}],"about":[{"href":"https:\/\/maynenkhithuanphat.com.vn\/index.php?rest_route=\/wp\/v2\/types\/product"}],"replies":[{"embeddable":true,"href":"https:\/\/maynenkhithuanphat.com.vn\/index.php?rest_route=%2Fwp%2Fv2%2Fcomments&post=1977"}],"wp:featuredmedia":[{"embeddable":true,"href":"https:\/\/maynenkhithuanphat.com.vn\/index.php?rest_route=\/wp\/v2\/media\/2860"}],"wp:attachment":[{"href":"https:\/\/maynenkhithuanphat.com.vn\/index.php?rest_route=%2Fwp%2Fv2%2Fmedia&parent=1977"}],"wp:term":[{"taxonomy":"product_cat","embeddable":true,"href":"https:\/\/maynenkhithuanphat.com.vn\/index.php?rest_route=%2Fwp%2Fv2%2Fproduct_cat&post=1977"},{"taxonomy":"product_tag","embeddable":true,"href":"https:\/\/maynenkhithuanphat.com.vn\/index.php?rest_route=%2Fwp%2Fv2%2Fproduct_tag&post=1977"}],"curies":[{"name":"wp","href":"https:\/\/api.w.org\/{rel}","templated":true}]}}