{"id":1919,"date":"2019-06-05T11:56:49","date_gmt":"2019-06-05T11:56:49","guid":{"rendered":"http:\/\/maynenkhithuanphat.com.vn\/?post_type=product&#038;p=1919"},"modified":"2022-08-18T10:22:41","modified_gmt":"2022-08-18T10:22:41","slug":"van-nap-may-nen-khi-intake-valve","status":"publish","type":"product","link":"https:\/\/maynenkhithuanphat.com.vn\/?product=van-nap-may-nen-khi-intake-valve","title":{"rendered":"Van n\u1ea1p m\u00e1y n\u00e9n kh\u00ed (intake valve)"},"content":{"rendered":"<p><a href=\"http:\/\/maynenkhithuanphat.com.vn\/may-nen-khi-truc-vit\/van-nap-may-nen-khi-intake-valve\/\"><strong>Van n\u1ea1p<\/strong><\/a> (<a href=\"https:\/\/maynenkhithuanphat.com.vn\/may-nen-khi\/van-nap-may-nen-khi-intake-valve\/\"><strong>intake valve<\/strong><\/a>)<br \/>\nT\u1ef1 \u0111\u1ed9ng \u0111i\u1ec1u ch\u1ec9nh d\u1ef1a tr\u00ean m\u1ee9c ti\u00eau th\u1ee5 kh\u00ed, b\u1ea3o tr\u00ec th\u1ea5p, \u1ed5n \u0111\u1ecbnh t\u1ed1t, kh\u00ed v\u00e0o l\u1edbn.<br \/>\n\u0110\u1ea7u n\u00e9n nh\u1eadp kh\u1ea9u t\u1eeb \u0110\u1ee9c v\u00e0 \u00dd, b\u1ed9 ph\u1eadn ch\u00ednh quy\u1ebft \u0111\u1ecbnh hi\u1ec7u su\u1ea5t cao c\u1ee7a to\u00e0n b\u1ed9 m\u00e1y, \u0111\u1ec3 \u0111\u1ea3m b\u1ea3o c\u00f4ng su\u1ea5t kh\u00f4ng kh\u00ed l\u1edbn h\u01a1n, hi\u1ec7u su\u1ea5t cao h\u01a1n, tu\u1ed5i th\u1ecd d\u00e0i h\u01a1n.<\/p>\n","protected":false},"excerpt":{"rendered":"<p><a href=\"http:\/\/maynenkhithuanphat.com.vn\/may-nen-khi-truc-vit\/van-nap-may-nen-khi-intake-valve\/\">Van n\u1ea1p cho m\u00e1y n\u00e9n kh\u00ed<\/a><\/p>\n<p>Kh\u00e1ch h\u00e0ng li\u00ean h\u1ec7 cung c\u1ea5p c\u00e1c k\u00edch th\u01b0\u1edbc theo nh\u01b0 m\u00f4 t\u1ea3 h\u00ecnh \u0111\u1ec3 c\u00f3 s\u1ea3n ph\u1ea9m ph\u00f9 h\u1ee3p.<\/p>\n","protected":false},"featured_media":2576,"comment_status":"closed","ping_status":"closed","template":"","meta":[],"product_cat":[137],"product_tag":[168,523,524,169,174,522,167,525],"yoast_head":"<!-- This site is optimized with the Yoast SEO plugin v16.5 - https:\/\/yoast.com\/wordpress\/plugins\/seo\/ -->\n<title>Van n\u1ea1p m\u00e1y n\u00e9n kh\u00ed (intake valve) - M\u00e1y n\u00e9n kh\u00ed Thu\u1eadn Ph\u00e1t<\/title>\n<meta name=\"description\" content=\"Van n\u1ea1p m\u00e1y n\u00e9n kh\u00ed (intake valve) cung c\u1ea5p van n\u1ea1p m\u00e1y n\u00e9n kh\u00ed c\u00f4ng su\u1ea5t t\u1eeb 10hp, v\u00e0 theo k\u00edch th\u01b0\u1edbc c\u1ee7a kh\u00e1ch h\u00e0ng.\" \/>\n<meta name=\"robots\" content=\"index, follow, max-snippet:-1, max-image-preview:large, max-video-preview:-1\" \/>\n<link rel=\"canonical\" href=\"https:\/\/maynenkhithuanphat.com.vn\/?product=van-nap-may-nen-khi-intake-valve\" \/>\n<meta property=\"og:locale\" content=\"vi_VN\" \/>\n<meta property=\"og:type\" content=\"article\" \/>\n<meta property=\"og:title\" content=\"Van n\u1ea1p m\u00e1y n\u00e9n kh\u00ed (intake valve) - M\u00e1y n\u00e9n kh\u00ed Thu\u1eadn Ph\u00e1t\" \/>\n<meta property=\"og:description\" content=\"Van n\u1ea1p m\u00e1y n\u00e9n kh\u00ed (intake valve) cung c\u1ea5p van n\u1ea1p m\u00e1y n\u00e9n kh\u00ed c\u00f4ng su\u1ea5t t\u1eeb 10hp, v\u00e0 theo k\u00edch th\u01b0\u1edbc c\u1ee7a kh\u00e1ch h\u00e0ng.\" \/>\n<meta property=\"og:url\" content=\"https:\/\/maynenkhithuanphat.com.vn\/?product=van-nap-may-nen-khi-intake-valve\" \/>\n<meta property=\"og:site_name\" content=\"M\u00e1y N\u00e9n Kh\u00ed Thu\u1eadn Ph\u00e1t\" \/>\n<meta property=\"article:publisher\" content=\"https:\/\/www.facebook.com\/phat.thuan.370177\/\" \/>\n<meta property=\"article:modified_time\" content=\"2022-08-18T10:22:41+00:00\" \/>\n<meta property=\"og:image\" content=\"https:\/\/maynenkhithuanphat.com.vn\/wp-content\/uploads\/2018\/04\/vannapmaynenkhitrucvit.jpg\" \/>\n\t<meta property=\"og:image:width\" content=\"720\" \/>\n\t<meta property=\"og:image:height\" content=\"569\" \/>\n<meta name=\"twitter:card\" content=\"summary_large_image\" \/>\n<meta name=\"twitter:label1\" content=\"\u01af\u1edbc t\u00ednh th\u1eddi gian \u0111\u1ecdc\" \/>\n\t<meta name=\"twitter:data1\" content=\"1 ph\u00fat\" \/>\n<script type=\"application\/ld+json\" class=\"yoast-schema-graph\">{\"@context\":\"https:\/\/schema.org\",\"@graph\":[{\"@type\":\"Organization\",\"@id\":\"https:\/\/maynenkhithuanphat.com.vn\/#organization\",\"name\":\"C\\u00f4ng ty TNHH PT XNK Thu\\u1eadn Ph\\u00e1t\",\"url\":\"https:\/\/maynenkhithuanphat.com.vn\/\",\"sameAs\":[\"https:\/\/www.facebook.com\/phat.thuan.370177\/\",\"https:\/\/www.instagram.com\/phat.thuan.370177\/\",\"https:\/\/www.youtube.com\/channel\/UCWRaaKUOooP_xTqnN5ds1eg\/featured\",\"https:\/\/www.pinterest.com\/maynenkhithuanphat\/_created\/\"],\"logo\":{\"@type\":\"ImageObject\",\"@id\":\"https:\/\/maynenkhithuanphat.com.vn\/#logo\",\"inLanguage\":\"vi\",\"url\":\"https:\/\/maynenkhithuanphat.com.vn\/wp-content\/uploads\/2018\/05\/logo-1.png\",\"contentUrl\":\"https:\/\/maynenkhithuanphat.com.vn\/wp-content\/uploads\/2018\/05\/logo-1.png\",\"width\":500,\"height\":104,\"caption\":\"C\\u00f4ng ty TNHH PT XNK Thu\\u1eadn Ph\\u00e1t\"},\"image\":{\"@id\":\"https:\/\/maynenkhithuanphat.com.vn\/#logo\"}},{\"@type\":\"WebSite\",\"@id\":\"https:\/\/maynenkhithuanphat.com.vn\/#website\",\"url\":\"https:\/\/maynenkhithuanphat.com.vn\/\",\"name\":\"M\\u00e1y N\\u00e9n Kh\\u00ed Thu\\u1eadn Ph\\u00e1t\",\"description\":\"\",\"publisher\":{\"@id\":\"https:\/\/maynenkhithuanphat.com.vn\/#organization\"},\"potentialAction\":[{\"@type\":\"SearchAction\",\"target\":\"https:\/\/maynenkhithuanphat.com.vn\/?s={search_term_string}\",\"query-input\":\"required name=search_term_string\"}],\"inLanguage\":\"vi\"},{\"@type\":\"ImageObject\",\"@id\":\"https:\/\/maynenkhithuanphat.com.vn\/?product=van-nap-may-nen-khi-intake-valve#primaryimage\",\"inLanguage\":\"vi\",\"url\":\"https:\/\/maynenkhithuanphat.com.vn\/wp-content\/uploads\/2018\/04\/vannapmaynenkhitrucvit.jpg\",\"contentUrl\":\"https:\/\/maynenkhithuanphat.com.vn\/wp-content\/uploads\/2018\/04\/vannapmaynenkhitrucvit.jpg\",\"width\":720,\"height\":569,\"caption\":\"van nap may nen khi\"},{\"@type\":\"WebPage\",\"@id\":\"https:\/\/maynenkhithuanphat.com.vn\/?product=van-nap-may-nen-khi-intake-valve#webpage\",\"url\":\"https:\/\/maynenkhithuanphat.com.vn\/?product=van-nap-may-nen-khi-intake-valve\",\"name\":\"Van n\\u1ea1p m\\u00e1y n\\u00e9n kh\\u00ed (intake valve) - M\\u00e1y n\\u00e9n kh\\u00ed Thu\\u1eadn Ph\\u00e1t\",\"isPartOf\":{\"@id\":\"https:\/\/maynenkhithuanphat.com.vn\/#website\"},\"primaryImageOfPage\":{\"@id\":\"https:\/\/maynenkhithuanphat.com.vn\/?product=van-nap-may-nen-khi-intake-valve#primaryimage\"},\"datePublished\":\"2019-06-05T11:56:49+00:00\",\"dateModified\":\"2022-08-18T10:22:41+00:00\",\"description\":\"Van n\\u1ea1p m\\u00e1y n\\u00e9n kh\\u00ed (intake valve) cung c\\u1ea5p van n\\u1ea1p m\\u00e1y n\\u00e9n kh\\u00ed c\\u00f4ng su\\u1ea5t t\\u1eeb 10hp, v\\u00e0 theo k\\u00edch th\\u01b0\\u1edbc c\\u1ee7a kh\\u00e1ch h\\u00e0ng.\",\"breadcrumb\":{\"@id\":\"https:\/\/maynenkhithuanphat.com.vn\/?product=van-nap-may-nen-khi-intake-valve#breadcrumb\"},\"inLanguage\":\"vi\",\"potentialAction\":[{\"@type\":\"ReadAction\",\"target\":[\"https:\/\/maynenkhithuanphat.com.vn\/?product=van-nap-may-nen-khi-intake-valve\"]}]},{\"@type\":\"BreadcrumbList\",\"@id\":\"https:\/\/maynenkhithuanphat.com.vn\/?product=van-nap-may-nen-khi-intake-valve#breadcrumb\",\"itemListElement\":[{\"@type\":\"ListItem\",\"position\":1,\"name\":\"Trang ch\\u1ee7\",\"item\":\"https:\/\/maynenkhithuanphat.com.vn\/\"},{\"@type\":\"ListItem\",\"position\":2,\"name\":\"\"},{\"@type\":\"ListItem\",\"position\":3,\"name\":\"PH\\u1ee4 T\\u00d9NG M\\u00c1Y N\\u00c9N KH\\u00cd\",\"item\":\"https:\/\/maynenkhithuanphat.com.vn\/danh-muc-san-pham\/phu-tung-may-nen-khi\/\"},{\"@type\":\"ListItem\",\"position\":4,\"name\":\"Van n\\u1ea1p m\\u00e1y n\\u00e9n kh\\u00ed (intake valve)\"}]}]}<\/script>\n<!-- \/ Yoast SEO plugin. -->","_links":{"self":[{"href":"https:\/\/maynenkhithuanphat.com.vn\/index.php?rest_route=\/wp\/v2\/product\/1919"}],"collection":[{"href":"https:\/\/maynenkhithuanphat.com.vn\/index.php?rest_route=\/wp\/v2\/product"}],"about":[{"href":"https:\/\/maynenkhithuanphat.com.vn\/index.php?rest_route=\/wp\/v2\/types\/product"}],"replies":[{"embeddable":true,"href":"https:\/\/maynenkhithuanphat.com.vn\/index.php?rest_route=%2Fwp%2Fv2%2Fcomments&post=1919"}],"wp:featuredmedia":[{"embeddable":true,"href":"https:\/\/maynenkhithuanphat.com.vn\/index.php?rest_route=\/wp\/v2\/media\/2576"}],"wp:attachment":[{"href":"https:\/\/maynenkhithuanphat.com.vn\/index.php?rest_route=%2Fwp%2Fv2%2Fmedia&parent=1919"}],"wp:term":[{"taxonomy":"product_cat","embeddable":true,"href":"https:\/\/maynenkhithuanphat.com.vn\/index.php?rest_route=%2Fwp%2Fv2%2Fproduct_cat&post=1919"},{"taxonomy":"product_tag","embeddable":true,"href":"https:\/\/maynenkhithuanphat.com.vn\/index.php?rest_route=%2Fwp%2Fv2%2Fproduct_tag&post=1919"}],"curies":[{"name":"wp","href":"https:\/\/api.w.org\/{rel}","templated":true}]}}