{"id":1593,"date":"2018-04-27T09:24:55","date_gmt":"2018-04-27T09:24:55","guid":{"rendered":"http:\/\/maynenkhithuanphat.com.vn\/?post_type=product&#038;p=1593"},"modified":"2022-08-18T10:23:23","modified_gmt":"2022-08-18T10:23:23","slug":"phu-tung-may-nen-khi","status":"publish","type":"product","link":"https:\/\/maynenkhithuanphat.com.vn\/?product=phu-tung-may-nen-khi","title":{"rendered":"Ph\u1ee5 t\u00f9ng m\u00e1y n\u00e9n kh\u00ed"},"content":{"rendered":"<p><a href=\"http:\/\/maynenkhithuanphat.com.vn\/\">C\u00f4ng ty Thu\u1eadn Ph\u00e1t<\/a> cung c\u1ea5p <a href=\"http:\/\/maynenkhithuanphat.com.vn\/may-nen-khi-truc-vit\/loc-dau-loc-gio-tach-dau\/\">ph\u1ee5 t\u00f9ng m\u00e1y n\u00e9n kh\u00ed<\/a> c\u1ee7a t\u1ea5t c\u1ea3 c\u00e1c h\u00e3ng m\u00e1y n\u00e9n kh\u00ed v\u1edbi gi\u00e1 t\u1ed1t v\u00e0 \u0111\u00fang y\u00eau c\u1ea7u k\u1ef9 thu\u1eadt.<\/p>\n<p><strong><a href=\"http:\/\/maynenkhithuanphat.com.vn\/may-nen-khi-truc-vit\/loc-dau-loc-gio-tach-dau\/\">L\u1ecdc gi\u00f3<\/a> (MANN &#8211; \u0110\u1ee8C)<\/strong><br \/>\nB\u1ed9 l\u1ecdc gi\u00f3 hi\u1ec7u qu\u1ea3 \u0111\u1ec3 \u0111\u1ea3m b\u1ea3o ch\u1ea5t l\u01b0\u1ee3ng c\u1ee7a kh\u00ed v\u00e0o kh\u00f4ng b\u1ee5i b\u1ea9n v\u00e0 \u0111\u1ea3m b\u1ea3o an to\u00e0n c\u1ee7a \u0111\u1ea7u n\u00e9n, t\u0103ng tu\u1ed5i th\u1ecd c\u1ee7a m\u00e1y n\u00e9n kh\u00ed.<\/p>\n<figure id=\"attachment_2573\" class=\"wp-caption alignnone\" ><img decoding=\"async\" loading=\"lazy\" class=\"size-medium wp-image-2573\" src=\"https:\/\/maynenkhithuanphat.com.vn\/wp-content\/uploads\/2018\/04\/locgio-225x300.jpg\" alt=\"\" width=\"225\" height=\"300\" srcset=\"https:\/\/maynenkhithuanphat.com.vn\/wp-content\/uploads\/2018\/04\/locgio-225x300.jpg 225w, https:\/\/maynenkhithuanphat.com.vn\/wp-content\/uploads\/2018\/04\/locgio-scaled-510x680.jpg 510w, https:\/\/maynenkhithuanphat.com.vn\/wp-content\/uploads\/2018\/04\/locgio-768x1024.jpg 768w, https:\/\/maynenkhithuanphat.com.vn\/wp-content\/uploads\/2018\/04\/locgio-1152x1536.jpg 1152w, https:\/\/maynenkhithuanphat.com.vn\/wp-content\/uploads\/2018\/04\/locgio-1536x2048.jpg 1536w, https:\/\/maynenkhithuanphat.com.vn\/wp-content\/uploads\/2018\/04\/locgio-38x50.jpg 38w, https:\/\/maynenkhithuanphat.com.vn\/wp-content\/uploads\/2018\/04\/locgio-scaled.jpg 1920w\" sizes=\"(max-width: 225px) 100vw, 225px\" \/><figcaption class=\"wp-caption-text\">loc gio may nen khi<\/figcaption><\/figure>\n<p><strong><a href=\"http:\/\/maynenkhithuanphat.com.vn\/may-nen-khi-truc-vit\/loc-dau-loc-gio-tach-dau\/\">L\u1ecdc d\u1ea7u<\/a> (\u0110\u1ee9c MANN)<\/strong><br \/>\nHi\u1ec7u su\u1ea5t cao h\u01a1n 20%, \u0111\u1ed9 ch\u00ednh x\u00e1c c\u1ee7a b\u1ed9 l\u1ecdc l\u00ean \u0111\u1ebfn 9 micron, b\u1ea3o v\u1ec7 \u0111\u1ea7u n\u00e9n t\u1ed1t h\u01a1n v\u00e0 k\u00e9o d\u00e0i tu\u1ed5i th\u1ecd.<\/p>\n<figure id=\"attachment_2574\" class=\"wp-caption alignnone\" ><img decoding=\"async\" loading=\"lazy\" class=\"size-medium wp-image-2574\" src=\"https:\/\/maynenkhithuanphat.com.vn\/wp-content\/uploads\/2018\/04\/locdau-225x300.jpg\" alt=\"\" width=\"225\" height=\"300\" srcset=\"https:\/\/maynenkhithuanphat.com.vn\/wp-content\/uploads\/2018\/04\/locdau-225x300.jpg 225w, https:\/\/maynenkhithuanphat.com.vn\/wp-content\/uploads\/2018\/04\/locdau-scaled-510x680.jpg 510w, https:\/\/maynenkhithuanphat.com.vn\/wp-content\/uploads\/2018\/04\/locdau-768x1024.jpg 768w, https:\/\/maynenkhithuanphat.com.vn\/wp-content\/uploads\/2018\/04\/locdau-1152x1536.jpg 1152w, https:\/\/maynenkhithuanphat.com.vn\/wp-content\/uploads\/2018\/04\/locdau-1536x2048.jpg 1536w, https:\/\/maynenkhithuanphat.com.vn\/wp-content\/uploads\/2018\/04\/locdau-38x50.jpg 38w, https:\/\/maynenkhithuanphat.com.vn\/wp-content\/uploads\/2018\/04\/locdau-scaled.jpg 1920w\" sizes=\"(max-width: 225px) 100vw, 225px\" \/><figcaption class=\"wp-caption-text\">loc dau may nen khi<\/figcaption><\/figure>\n<p><strong><a href=\"http:\/\/maynenkhithuanphat.com.vn\/may-nen-khi-truc-vit\/loc-dau-loc-gio-tach-dau\/\">T\u00e1ch d\u1ea7u<\/a>\u00a0 (\u0110\u1ee9c MANN)<\/strong><br \/>\nT\u00edch h\u1ee3p l\u00f5i l\u1ecdc kh\u00ed v\u00e0 d\u1ea7u hi\u1ec7u qu\u1ea3 cao, \u0111\u1ea3m b\u1ea3o h\u00e0m l\u01b0\u1ee3ng d\u1ea7u c\u1ee7a kh\u00ed n\u00e9n d\u01b0\u1edbi 3PPM, s\u1eeda ch\u1eefa v\u00e0 thay th\u1ebf d\u1ec5 d\u00e0ng, l\u00e0m k\u00edn t\u1ed1t, ch\u1ecbu \u00e1p l\u1ef1c cao.<\/p>\n<figure id=\"attachment_2575\" class=\"wp-caption alignnone\" ><img decoding=\"async\" loading=\"lazy\" class=\"size-medium wp-image-2575\" src=\"https:\/\/maynenkhithuanphat.com.vn\/wp-content\/uploads\/2018\/04\/tachdau-225x300.jpg\" alt=\"\" width=\"225\" height=\"300\" srcset=\"https:\/\/maynenkhithuanphat.com.vn\/wp-content\/uploads\/2018\/04\/tachdau-225x300.jpg 225w, https:\/\/maynenkhithuanphat.com.vn\/wp-content\/uploads\/2018\/04\/tachdau-scaled-510x680.jpg 510w, https:\/\/maynenkhithuanphat.com.vn\/wp-content\/uploads\/2018\/04\/tachdau-768x1024.jpg 768w, https:\/\/maynenkhithuanphat.com.vn\/wp-content\/uploads\/2018\/04\/tachdau-1152x1536.jpg 1152w, https:\/\/maynenkhithuanphat.com.vn\/wp-content\/uploads\/2018\/04\/tachdau-1536x2048.jpg 1536w, https:\/\/maynenkhithuanphat.com.vn\/wp-content\/uploads\/2018\/04\/tachdau-38x50.jpg 38w, https:\/\/maynenkhithuanphat.com.vn\/wp-content\/uploads\/2018\/04\/tachdau-scaled.jpg 1920w\" sizes=\"(max-width: 225px) 100vw, 225px\" \/><figcaption class=\"wp-caption-text\">tach dau may nen khi<\/figcaption><\/figure>\n<p><strong>M\u00e0n h\u00ecnh\u00a0 \u0111i\u1ec1u khi\u1ec3n (c\u00f3 s\u1eb5n ti\u1ebfng Trung, ti\u1ebfng Anh, ti\u1ebfng Nga, ti\u1ebfng T\u00e2y Ban Nha, v.v.)<\/strong><\/p>\n<p>H\u1ec7 th\u1ed1ng \u0111i\u1ec1u khi\u1ec3n AirHorse cung c\u1ea5p kh\u1ea3 n\u0103ng \u0111i\u1ec1u khi\u1ec3n m\u1ed9t \u0111i\u1ec3m v\u00e0 t\u00edch h\u1ee3p v\u00e0o h\u1ec7 th\u1ed1ng kh\u00ed n\u00e9n. V\u1edbi kh\u1ea3 n\u0103ng ch\u1ea9n \u0111o\u00e1n t\u1ed5ng th\u1ec3 \u0111\u01b0\u1ee3c c\u1ea3i thi\u1ec7n \u0111\u1ec3 x\u00e1c \u0111\u1ecbnh nhu c\u1ea7u d\u1ecbch v\u1ee5, n\u00f3 nh\u01b0 m\u1ed9t k\u1ef9 thu\u1eadt vi\u00ean d\u1ecbch v\u1ee5 t\u00edch h\u1ee3p. T\u00edch h\u1ee3p t\u00ednh n\u0103ng \u0110i\u1ec1u khi\u1ec3n v\u00e0 Hi\u1ec3n th\u1ecb \u0110a ch\u1ee9c n\u0103ng .<\/p>\n<p>Th\u1ec3 hi\u1ec7n t\u1ea5t c\u1ea3 c\u00e1c ho\u1ea1t \u0111\u1ed9ng, t\u00ecnh tr\u1ea1ng c\u1ee7a m\u00e1y, k\u1ebft xu\u1ea5t c\u00e1c l\u1ed7i c\u1ee7a m\u00e1y trong qu\u00e1 tr\u00ecnh ho\u1ea1t \u0111\u1ed9ng. B\u00e1o l\u1ed7i v\u00e0 ng\u0103n ch\u1eb7n k\u1ecbp th\u1eddi tr\u00e1nh b\u1ecb ng\u01b0ng m\u00e1y \u0111\u1ed9t ng\u1ed9t<\/p>\n<figure id=\"attachment_2543\" class=\"wp-caption alignnone\" ><img decoding=\"async\" loading=\"lazy\" class=\"size-medium wp-image-2543\" src=\"https:\/\/maynenkhithuanphat.com.vn\/wp-content\/uploads\/2018\/04\/manhinhdieukhhien-300x267.jpg\" alt=\"\" width=\"300\" height=\"267\" \/><figcaption class=\"wp-caption-text\">man hinh dieu khien may nen khi truc vit<\/figcaption><\/figure>\n<p>&nbsp;<\/p>\n","protected":false},"excerpt":{"rendered":"<p><a href=\"http:\/\/maynenkhithuanphat.com.vn\/may-nen-khi-truc-vit\/loc-dau-loc-gio-tach-dau\/\">Ph\u1ee5 t\u00f9ng m\u00e1y n\u00e9n kh\u00ed<\/a>:<\/p>\n<p>L\u1ecdc d\u1ea7u<\/p>\n<p>L\u1ecdc gi\u00f3<\/p>\n<p>T\u00e1ch d\u1ea7u<\/p>\n<p>D\u1ea7u m\u00e1y n\u00e9n kh\u00ed<\/p>\n<p>M\u00e0n h\u00ecnh m\u00e1y n\u00e9n kh\u00ed<\/p>\n<p>\u0110\u1ea7u n\u00e9n m\u00e1y n\u00e9n kh\u00ed<\/p>\n<p>L\u1ecdc \u0111\u01b0\u1eddng \u1ed1ng<\/p>\n<p>Intake valve<\/p>\n","protected":false},"featured_media":2489,"comment_status":"closed","ping_status":"closed","template":"","meta":[],"product_cat":[137],"product_tag":[143,141,138,303,139,304,511,142,515,295,512,147,302,513,300,301,297,144,65,140,514],"yoast_head":"<!-- This site is optimized with the Yoast SEO plugin v16.5 - https:\/\/yoast.com\/wordpress\/plugins\/seo\/ -->\n<title>Ph\u1ee5 t\u00f9ng m\u00e1y n\u00e9n kh\u00ed tr\u1ee5c v\u00edt - M\u00e1y n\u00e9n kh\u00ed Thu\u1eadn Ph\u00e1t<\/title>\n<meta name=\"description\" content=\"Ph\u1ee5 t\u00f9ng m\u00e1y n\u00e9n kh\u00ed l\u1ecdc d\u1ea7u, l\u1ecdc gi\u00f3, t\u00e1ch d\u1ea7u th\u01b0\u01a1ng hi\u1ec7u MANN \u0110\u1ee9c, d\u1ea7u m\u00e1y n\u00e9n kh\u00ed, c\u1ea3m bi\u1ebfn \u00e1p su\u1ea5t,...\" \/>\n<meta name=\"robots\" content=\"index, follow, max-snippet:-1, max-image-preview:large, max-video-preview:-1\" \/>\n<link rel=\"canonical\" href=\"https:\/\/maynenkhithuanphat.com.vn\/?product=phu-tung-may-nen-khi\" \/>\n<meta property=\"og:locale\" content=\"vi_VN\" \/>\n<meta property=\"og:type\" content=\"article\" \/>\n<meta property=\"og:title\" content=\"Ph\u1ee5 t\u00f9ng m\u00e1y n\u00e9n kh\u00ed tr\u1ee5c v\u00edt - M\u00e1y n\u00e9n kh\u00ed Thu\u1eadn Ph\u00e1t\" \/>\n<meta property=\"og:description\" content=\"Ph\u1ee5 t\u00f9ng m\u00e1y n\u00e9n kh\u00ed l\u1ecdc d\u1ea7u, l\u1ecdc gi\u00f3, t\u00e1ch d\u1ea7u th\u01b0\u01a1ng hi\u1ec7u MANN \u0110\u1ee9c, d\u1ea7u m\u00e1y n\u00e9n kh\u00ed, c\u1ea3m bi\u1ebfn \u00e1p su\u1ea5t,...\" \/>\n<meta property=\"og:url\" content=\"https:\/\/maynenkhithuanphat.com.vn\/?product=phu-tung-may-nen-khi\" \/>\n<meta property=\"og:site_name\" content=\"M\u00e1y N\u00e9n Kh\u00ed Thu\u1eadn Ph\u00e1t\" \/>\n<meta property=\"article:publisher\" content=\"https:\/\/www.facebook.com\/phat.thuan.370177\/\" \/>\n<meta property=\"article:modified_time\" content=\"2022-08-18T10:23:23+00:00\" \/>\n<meta property=\"og:image\" content=\"https:\/\/maynenkhithuanphat.com.vn\/wp-content\/uploads\/2018\/04\/phutungmaynenkhi.jpg\" \/>\n\t<meta property=\"og:image:width\" content=\"722\" \/>\n\t<meta property=\"og:image:height\" content=\"600\" \/>\n<meta name=\"twitter:card\" content=\"summary_large_image\" \/>\n<meta name=\"twitter:label1\" content=\"\u01af\u1edbc t\u00ednh th\u1eddi gian \u0111\u1ecdc\" \/>\n\t<meta name=\"twitter:data1\" content=\"3 ph\u00fat\" \/>\n<script type=\"application\/ld+json\" class=\"yoast-schema-graph\">{\"@context\":\"https:\/\/schema.org\",\"@graph\":[{\"@type\":\"Organization\",\"@id\":\"https:\/\/maynenkhithuanphat.com.vn\/#organization\",\"name\":\"C\\u00f4ng ty TNHH PT XNK Thu\\u1eadn Ph\\u00e1t\",\"url\":\"https:\/\/maynenkhithuanphat.com.vn\/\",\"sameAs\":[\"https:\/\/www.facebook.com\/phat.thuan.370177\/\",\"https:\/\/www.instagram.com\/phat.thuan.370177\/\",\"https:\/\/www.youtube.com\/channel\/UCWRaaKUOooP_xTqnN5ds1eg\/featured\",\"https:\/\/www.pinterest.com\/maynenkhithuanphat\/_created\/\"],\"logo\":{\"@type\":\"ImageObject\",\"@id\":\"https:\/\/maynenkhithuanphat.com.vn\/#logo\",\"inLanguage\":\"vi\",\"url\":\"https:\/\/maynenkhithuanphat.com.vn\/wp-content\/uploads\/2018\/05\/logo-1.png\",\"contentUrl\":\"https:\/\/maynenkhithuanphat.com.vn\/wp-content\/uploads\/2018\/05\/logo-1.png\",\"width\":500,\"height\":104,\"caption\":\"C\\u00f4ng ty TNHH PT XNK Thu\\u1eadn Ph\\u00e1t\"},\"image\":{\"@id\":\"https:\/\/maynenkhithuanphat.com.vn\/#logo\"}},{\"@type\":\"WebSite\",\"@id\":\"https:\/\/maynenkhithuanphat.com.vn\/#website\",\"url\":\"https:\/\/maynenkhithuanphat.com.vn\/\",\"name\":\"M\\u00e1y N\\u00e9n Kh\\u00ed Thu\\u1eadn Ph\\u00e1t\",\"description\":\"\",\"publisher\":{\"@id\":\"https:\/\/maynenkhithuanphat.com.vn\/#organization\"},\"potentialAction\":[{\"@type\":\"SearchAction\",\"target\":\"https:\/\/maynenkhithuanphat.com.vn\/?s={search_term_string}\",\"query-input\":\"required name=search_term_string\"}],\"inLanguage\":\"vi\"},{\"@type\":\"ImageObject\",\"@id\":\"https:\/\/maynenkhithuanphat.com.vn\/?product=phu-tung-may-nen-khi#primaryimage\",\"inLanguage\":\"vi\",\"url\":\"https:\/\/maynenkhithuanphat.com.vn\/wp-content\/uploads\/2018\/04\/phutungmaynenkhi.jpg\",\"contentUrl\":\"https:\/\/maynenkhithuanphat.com.vn\/wp-content\/uploads\/2018\/04\/phutungmaynenkhi.jpg\",\"width\":722,\"height\":600,\"caption\":\"phu tung may nen khi truc vit\"},{\"@type\":\"WebPage\",\"@id\":\"https:\/\/maynenkhithuanphat.com.vn\/?product=phu-tung-may-nen-khi#webpage\",\"url\":\"https:\/\/maynenkhithuanphat.com.vn\/?product=phu-tung-may-nen-khi\",\"name\":\"Ph\\u1ee5 t\\u00f9ng m\\u00e1y n\\u00e9n kh\\u00ed tr\\u1ee5c v\\u00edt - M\\u00e1y n\\u00e9n kh\\u00ed Thu\\u1eadn Ph\\u00e1t\",\"isPartOf\":{\"@id\":\"https:\/\/maynenkhithuanphat.com.vn\/#website\"},\"primaryImageOfPage\":{\"@id\":\"https:\/\/maynenkhithuanphat.com.vn\/?product=phu-tung-may-nen-khi#primaryimage\"},\"datePublished\":\"2018-04-27T09:24:55+00:00\",\"dateModified\":\"2022-08-18T10:23:23+00:00\",\"description\":\"Ph\\u1ee5 t\\u00f9ng m\\u00e1y n\\u00e9n kh\\u00ed l\\u1ecdc d\\u1ea7u, l\\u1ecdc gi\\u00f3, t\\u00e1ch d\\u1ea7u th\\u01b0\\u01a1ng hi\\u1ec7u MANN \\u0110\\u1ee9c, d\\u1ea7u m\\u00e1y n\\u00e9n kh\\u00ed, c\\u1ea3m bi\\u1ebfn \\u00e1p su\\u1ea5t,...\",\"breadcrumb\":{\"@id\":\"https:\/\/maynenkhithuanphat.com.vn\/?product=phu-tung-may-nen-khi#breadcrumb\"},\"inLanguage\":\"vi\",\"potentialAction\":[{\"@type\":\"ReadAction\",\"target\":[\"https:\/\/maynenkhithuanphat.com.vn\/?product=phu-tung-may-nen-khi\"]}]},{\"@type\":\"BreadcrumbList\",\"@id\":\"https:\/\/maynenkhithuanphat.com.vn\/?product=phu-tung-may-nen-khi#breadcrumb\",\"itemListElement\":[{\"@type\":\"ListItem\",\"position\":1,\"name\":\"Trang ch\\u1ee7\",\"item\":\"https:\/\/maynenkhithuanphat.com.vn\/\"},{\"@type\":\"ListItem\",\"position\":2,\"name\":\"\"},{\"@type\":\"ListItem\",\"position\":3,\"name\":\"PH\\u1ee4 T\\u00d9NG M\\u00c1Y N\\u00c9N KH\\u00cd\",\"item\":\"https:\/\/maynenkhithuanphat.com.vn\/danh-muc-san-pham\/phu-tung-may-nen-khi\/\"},{\"@type\":\"ListItem\",\"position\":4,\"name\":\"Ph\\u1ee5 t\\u00f9ng m\\u00e1y n\\u00e9n kh\\u00ed\"}]}]}<\/script>\n<!-- \/ Yoast SEO plugin. -->","_links":{"self":[{"href":"https:\/\/maynenkhithuanphat.com.vn\/index.php?rest_route=\/wp\/v2\/product\/1593"}],"collection":[{"href":"https:\/\/maynenkhithuanphat.com.vn\/index.php?rest_route=\/wp\/v2\/product"}],"about":[{"href":"https:\/\/maynenkhithuanphat.com.vn\/index.php?rest_route=\/wp\/v2\/types\/product"}],"replies":[{"embeddable":true,"href":"https:\/\/maynenkhithuanphat.com.vn\/index.php?rest_route=%2Fwp%2Fv2%2Fcomments&post=1593"}],"wp:featuredmedia":[{"embeddable":true,"href":"https:\/\/maynenkhithuanphat.com.vn\/index.php?rest_route=\/wp\/v2\/media\/2489"}],"wp:attachment":[{"href":"https:\/\/maynenkhithuanphat.com.vn\/index.php?rest_route=%2Fwp%2Fv2%2Fmedia&parent=1593"}],"wp:term":[{"taxonomy":"product_cat","embeddable":true,"href":"https:\/\/maynenkhithuanphat.com.vn\/index.php?rest_route=%2Fwp%2Fv2%2Fproduct_cat&post=1593"},{"taxonomy":"product_tag","embeddable":true,"href":"https:\/\/maynenkhithuanphat.com.vn\/index.php?rest_route=%2Fwp%2Fv2%2Fproduct_tag&post=1593"}],"curies":[{"name":"wp","href":"https:\/\/api.w.org\/{rel}","templated":true}]}}