{"id":1563,"date":"2018-04-24T09:48:25","date_gmt":"2018-04-24T09:48:25","guid":{"rendered":"http:\/\/maynenkhithuanphat.com.vn\/?post_type=product&#038;p=1563"},"modified":"2022-08-18T10:24:06","modified_gmt":"2022-08-18T10:24:06","slug":"loc-duong-ong-may-nen-khi","status":"publish","type":"product","link":"https:\/\/maynenkhithuanphat.com.vn\/?product=loc-duong-ong-may-nen-khi","title":{"rendered":"L\u1ecdc \u0111\u01b0\u1eddng \u1ed1ng m\u00e1y n\u00e9n kh\u00ed"},"content":{"rendered":"<p>&nbsp;<\/p>\n<p>&nbsp;<\/p>\n<p><a href=\"http:\/\/maynenkhithuanphat.com.vn\/may-nen-khi-truc-vit\/loc-duong-ong-may-nen-khi-air-filter\/\"><strong>L\u1eccC \u0110\u01af\u1edcNG \u1ed0NG<\/strong><\/a><\/p>\n<p>B\u1ed9 l\u1ecdc \u0111\u01b0\u1eddng \u1ed1ng hay c\u00f2n \u0111\u01b0\u1ee3c g\u1ecdi l\u00e0 <a href=\"https:\/\/maynenkhithuanphat.com.vn\/may-nen-khi\/loc-duong-ong-may-nen-khi-air-filter\/\"><strong>l\u1ecdc th\u00f4<\/strong><\/a>, <strong><a href=\"https:\/\/maynenkhithuanphat.com.vn\/may-nen-khi\/loc-duong-ong-may-nen-khi-air-filter\/\">l\u1ecdc tinh<\/a><\/strong>, <strong><a href=\"https:\/\/maynenkhithuanphat.com.vn\/may-nen-khi\/loc-duong-ong-may-nen-khi-air-filter\/\">l\u1ecdc b\u00e1n tinh<\/a><\/strong> d\u00f9ng \u0111\u1ec3 l\u1ecdc s\u1ea1ch d\u1ea7u v\u00e0 b\u1ee5i b\u1ea9n, s\u1eed d\u1ee5ng cho h\u1ec7 th\u1ed1ng m\u00e1y n\u00e9n kh\u00ed tr\u1ee5c v\u00edt. T\u00f9y thu\u1ed9c v\u00e0o lo\u1ea1i b\u1ed9 l\u1ecdc kh\u00ed n\u00e9n m\u00e0 ch\u00fang ta c\u00f3 th\u1ec3 lo\u1ea1i b\u1ecf hi\u1ec7u qu\u1ea3 \u0111\u1ebfn 99,9% c\u00e1c t\u1ea1p ch\u1ea5t \u0111\u1ea3m b\u1ea3o kh\u00ed ra s\u1ea1ch.<\/p>\n<p>Ba c\u1ea5p \u0111\u1ed9 l\u1ecdc:<\/p>\n<p>1. M\u1ed9t b\u1ed9 l\u1ecdc s\u01a1 c\u1ea5p 3 micron (L\u1ecdc th\u00f4)<br \/>\n2, B\u1ed9 l\u1ecdc t\u00e1ch 1-micron c\u1ea5p 2 (L\u1ecdc b\u00e1n tinh)<br \/>\n3. B\u1ed9 l\u1ecdc t\u00e1ch 0,01 micron c\u1ea5p 3 (L\u1ecdc tinh)<\/p>\n<p>&nbsp;<\/p>\n<p>&nbsp;<\/p>\n<p>&nbsp;<\/p>\n<p>&nbsp;<\/p>\n<p>&nbsp;<\/p>\n<p>&nbsp;<\/p>\n<p>&nbsp;<\/p>\n<p>&nbsp;<\/p>\n","protected":false},"excerpt":{"rendered":"<p><a href=\"http:\/\/maynenkhithuanphat.com.vn\/may-nen-khi-truc-vit\/loc-duong-ong-may-nen-khi-air-filter\/\"><strong><b>L\u1ecdc <\/b><\/strong><strong><b>t<\/b><\/strong><strong><b>h\u00f4 <\/b><\/strong><\/a><\/p>\n<p>\u0110\u1ed9 tinh l\u1ecdc: 1 micron<\/p>\n<p>H\u00e0m l\u01b0\u1ee3ng d\u1ea7u c\u00f2n l\u1ea1i: 0.1 PPM<\/p>\n<p><a href=\"http:\/\/maynenkhithuanphat.com.vn\/may-nen-khi-truc-vit\/loc-duong-ong-may-nen-khi-air-filter\/\"><strong><b>L\u1ecdc <\/b><\/strong><strong><b>t<\/b><\/strong><strong><b>inh <\/b><\/strong><\/a><\/p>\n<p>\u0110\u1ed9 tinh l\u1ecdc: 0.01 micron<\/p>\n<p>H\u00e0m l\u01b0\u1ee3ng d\u1ea7u c\u00f2n l\u1ea1i: 0.001 PPM<\/p>\n<p><a href=\"http:\/\/maynenkhithuanphat.com.vn\/may-nen-khi-truc-vit\/loc-duong-ong-may-nen-khi-air-filter\/\"><strong>L\u1ecdc b\u00e1n tinh<\/strong><\/a><\/p>\n<p>\u0110\u1ed9 tinh l\u1ecdc : 3 \u00a0micron<\/p>\n<p>H\u00e0m l\u01b0\u1ee3ng d\u1ea7u c\u00f2n l\u1ea1i: 0.5 PPM<\/p>\n<p>&nbsp;<\/p>\n","protected":false},"featured_media":2566,"comment_status":"closed","ping_status":"closed","template":"","meta":[],"product_cat":[137],"product_tag":[71,156,517,518,290,291,152,155,154,520,151,150,153,288],"_links":{"self":[{"href":"https:\/\/maynenkhithuanphat.com.vn\/index.php?rest_route=\/wp\/v2\/product\/1563"}],"collection":[{"href":"https:\/\/maynenkhithuanphat.com.vn\/index.php?rest_route=\/wp\/v2\/product"}],"about":[{"href":"https:\/\/maynenkhithuanphat.com.vn\/index.php?rest_route=\/wp\/v2\/types\/product"}],"replies":[{"embeddable":true,"href":"https:\/\/maynenkhithuanphat.com.vn\/index.php?rest_route=%2Fwp%2Fv2%2Fcomments&post=1563"}],"wp:featuredmedia":[{"embeddable":true,"href":"https:\/\/maynenkhithuanphat.com.vn\/index.php?rest_route=\/wp\/v2\/media\/2566"}],"wp:attachment":[{"href":"https:\/\/maynenkhithuanphat.com.vn\/index.php?rest_route=%2Fwp%2Fv2%2Fmedia&parent=1563"}],"wp:term":[{"taxonomy":"product_cat","embeddable":true,"href":"https:\/\/maynenkhithuanphat.com.vn\/index.php?rest_route=%2Fwp%2Fv2%2Fproduct_cat&post=1563"},{"taxonomy":"product_tag","embeddable":true,"href":"https:\/\/maynenkhithuanphat.com.vn\/index.php?rest_route=%2Fwp%2Fv2%2Fproduct_tag&post=1563"}],"curies":[{"name":"wp","href":"https:\/\/api.w.org\/{rel}","templated":true}]}}