{"id":2767,"date":"2022-12-17T09:14:58","date_gmt":"2022-12-17T09:14:58","guid":{"rendered":"https:\/\/maynenkhithuanphat.com.vn\/?page_id=2767"},"modified":"2023-03-08T10:40:48","modified_gmt":"2023-03-08T10:40:48","slug":"catalogue-tieng-viet","status":"publish","type":"page","link":"https:\/\/maynenkhithuanphat.com.vn\/?page_id=2767","title":{"rendered":"CATALOGUE"},"content":{"rendered":"\n<h2><strong>CATALOGUE TI\u1ebeNG VI\u1ec6T<\/strong>  <\/h2>\n\n\n\n<div class=\"is-layout-flow wp-block-group\">\n<p><em><strong>[Vu\u1ed1t qua \u0111\u1ec3 xem]<\/strong><\/em><\/p>\n<\/div>\n\n\n\n<p><\/p>\n\n\n\r\n<!--change the width and height value as you want.--> \r\n<!-- Do change \"index.htm\" to your real html name of the flippingbook--> \r\n<iframe  style=\"width:100%;height:450px\"  src=\"https:\/\/maynenkhithuanphat.com.vn\/wp-content\/uploads\/flipbook\/3\/book.html\"  seamless=\"seamless\" scrolling=\"no\" frameborder=\"0\" allowtransparency=\"true\" allowfullscreen mozallowfullscreen  webkitallowfullscreen ><\/iframe>\r\n\n\n\n<p><\/p>\n\n\n\n<h2><strong>CATALOGUE TI\u1ebeNG TRUNG<\/strong>  <\/h2>\n\n\n\n<div class=\"is-layout-flow wp-block-group\">\n<p><em><strong>[Vu\u1ed1t qua \u0111\u1ec3 xem]<\/strong><\/em><\/p>\n<\/div>\n\n\n\n<p><\/p>\n\n\n\r\n<!--change the width and height value as you want.--> \r\n<!-- Do change \"index.htm\" to your real html name of the flippingbook--> \r\n<iframe  style=\"width:100%;height:450px\"  src=\"https:\/\/maynenkhithuanphat.com.vn\/wp-content\/uploads\/flipbook\/4\/book.html\"  seamless=\"seamless\" scrolling=\"no\" frameborder=\"0\" allowtransparency=\"true\" allowfullscreen mozallowfullscreen  webkitallowfullscreen ><\/iframe>\r\n","protected":false},"excerpt":{"rendered":"<p>CATALOGUE TI\u1ebeNG VI\u1ec6T [Vu\u1ed1t qua \u0111\u1ec3 xem] CATALOGUE TI\u1ebeNG TRUNG [Vu\u1ed1t qua \u0111\u1ec3 xem]\n","protected":false},"author":1,"featured_media":2706,"parent":0,"menu_order":0,"comment_status":"closed","ping_status":"closed","template":"","meta":[],"yoast_head":"<!-- This site is optimized with the Yoast SEO plugin v16.5 - https:\/\/yoast.com\/wordpress\/plugins\/seo\/ -->\n<title>CATALOGUE m\u00e1y n\u00e9n kh\u00ed Airhorse - D\u00f2ng cao c\u1ea5p<\/title>\n<meta name=\"description\" content=\"CATALOGUE m\u00e1y n\u00e9n kh\u00ed tr\u1ee5c v\u00edt Thu\u1eadn Ph\u00e1t, m\u00e1y n\u00e9n kh\u00ed hai c\u1ea5p, m\u00e1y n\u00e9n kh\u00ed bi\u1ebfn t\u1ea7n v\u0129nh t\u1eeb, m\u00e1y s\u1ea5y kh\u00ed, m\u00e1y n\u00e9n kh\u00ed combo\" \/>\n<meta name=\"robots\" content=\"index, follow, max-snippet:-1, max-image-preview:large, max-video-preview:-1\" \/>\n<link rel=\"canonical\" href=\"https:\/\/maynenkhithuanphat.com.vn\/?page_id=2767\" \/>\n<meta property=\"og:locale\" content=\"vi_VN\" \/>\n<meta property=\"og:type\" content=\"article\" \/>\n<meta property=\"og:title\" content=\"CATALOGUE m\u00e1y n\u00e9n kh\u00ed Airhorse - D\u00f2ng cao c\u1ea5p\" \/>\n<meta property=\"og:description\" content=\"CATALOGUE m\u00e1y n\u00e9n kh\u00ed tr\u1ee5c v\u00edt Thu\u1eadn Ph\u00e1t, m\u00e1y n\u00e9n kh\u00ed hai c\u1ea5p, m\u00e1y n\u00e9n kh\u00ed bi\u1ebfn t\u1ea7n v\u0129nh t\u1eeb, m\u00e1y s\u1ea5y kh\u00ed, m\u00e1y n\u00e9n kh\u00ed combo\" \/>\n<meta property=\"og:url\" content=\"https:\/\/maynenkhithuanphat.com.vn\/?page_id=2767\" \/>\n<meta property=\"og:site_name\" content=\"M\u00e1y N\u00e9n Kh\u00ed Thu\u1eadn Ph\u00e1t\" \/>\n<meta property=\"article:publisher\" content=\"https:\/\/www.facebook.com\/phat.thuan.370177\/\" \/>\n<meta property=\"article:modified_time\" content=\"2023-03-08T10:40:48+00:00\" \/>\n<meta property=\"og:image\" content=\"https:\/\/maynenkhithuanphat.com.vn\/wp-content\/uploads\/2022\/12\/H5911c11649d148f5880a90f59cccce40t.png\" \/>\n\t<meta property=\"og:image:width\" content=\"800\" \/>\n\t<meta property=\"og:image:height\" content=\"800\" \/>\n<meta name=\"twitter:card\" content=\"summary_large_image\" \/>\n<meta name=\"twitter:label1\" content=\"\u01af\u1edbc t\u00ednh th\u1eddi gian \u0111\u1ecdc\" \/>\n\t<meta name=\"twitter:data1\" content=\"1 ph\u00fat\" \/>\n<script type=\"application\/ld+json\" class=\"yoast-schema-graph\">{\"@context\":\"https:\/\/schema.org\",\"@graph\":[{\"@type\":\"Organization\",\"@id\":\"https:\/\/maynenkhithuanphat.com.vn\/#organization\",\"name\":\"C\\u00f4ng ty TNHH PT XNK Thu\\u1eadn Ph\\u00e1t\",\"url\":\"https:\/\/maynenkhithuanphat.com.vn\/\",\"sameAs\":[\"https:\/\/www.facebook.com\/phat.thuan.370177\/\",\"https:\/\/www.instagram.com\/phat.thuan.370177\/\",\"https:\/\/www.youtube.com\/channel\/UCWRaaKUOooP_xTqnN5ds1eg\/featured\",\"https:\/\/www.pinterest.com\/maynenkhithuanphat\/_created\/\"],\"logo\":{\"@type\":\"ImageObject\",\"@id\":\"https:\/\/maynenkhithuanphat.com.vn\/#logo\",\"inLanguage\":\"vi\",\"url\":\"https:\/\/maynenkhithuanphat.com.vn\/wp-content\/uploads\/2018\/05\/logo-1.png\",\"contentUrl\":\"https:\/\/maynenkhithuanphat.com.vn\/wp-content\/uploads\/2018\/05\/logo-1.png\",\"width\":500,\"height\":104,\"caption\":\"C\\u00f4ng ty TNHH PT XNK Thu\\u1eadn Ph\\u00e1t\"},\"image\":{\"@id\":\"https:\/\/maynenkhithuanphat.com.vn\/#logo\"}},{\"@type\":\"WebSite\",\"@id\":\"https:\/\/maynenkhithuanphat.com.vn\/#website\",\"url\":\"https:\/\/maynenkhithuanphat.com.vn\/\",\"name\":\"M\\u00e1y N\\u00e9n Kh\\u00ed Thu\\u1eadn Ph\\u00e1t\",\"description\":\"\",\"publisher\":{\"@id\":\"https:\/\/maynenkhithuanphat.com.vn\/#organization\"},\"potentialAction\":[{\"@type\":\"SearchAction\",\"target\":\"https:\/\/maynenkhithuanphat.com.vn\/?s={search_term_string}\",\"query-input\":\"required name=search_term_string\"}],\"inLanguage\":\"vi\"},{\"@type\":\"ImageObject\",\"@id\":\"https:\/\/maynenkhithuanphat.com.vn\/?page_id=2767#primaryimage\",\"inLanguage\":\"vi\",\"url\":\"https:\/\/maynenkhithuanphat.com.vn\/wp-content\/uploads\/2022\/12\/H5911c11649d148f5880a90f59cccce40t.png\",\"contentUrl\":\"https:\/\/maynenkhithuanphat.com.vn\/wp-content\/uploads\/2022\/12\/H5911c11649d148f5880a90f59cccce40t.png\",\"width\":800,\"height\":800},{\"@type\":\"WebPage\",\"@id\":\"https:\/\/maynenkhithuanphat.com.vn\/?page_id=2767#webpage\",\"url\":\"https:\/\/maynenkhithuanphat.com.vn\/?page_id=2767\",\"name\":\"CATALOGUE m\\u00e1y n\\u00e9n kh\\u00ed Airhorse - D\\u00f2ng cao c\\u1ea5p\",\"isPartOf\":{\"@id\":\"https:\/\/maynenkhithuanphat.com.vn\/#website\"},\"primaryImageOfPage\":{\"@id\":\"https:\/\/maynenkhithuanphat.com.vn\/?page_id=2767#primaryimage\"},\"datePublished\":\"2022-12-17T09:14:58+00:00\",\"dateModified\":\"2023-03-08T10:40:48+00:00\",\"description\":\"CATALOGUE m\\u00e1y n\\u00e9n kh\\u00ed tr\\u1ee5c v\\u00edt Thu\\u1eadn Ph\\u00e1t, m\\u00e1y n\\u00e9n kh\\u00ed hai c\\u1ea5p, m\\u00e1y n\\u00e9n kh\\u00ed bi\\u1ebfn t\\u1ea7n v\\u0129nh t\\u1eeb, m\\u00e1y s\\u1ea5y kh\\u00ed, m\\u00e1y n\\u00e9n kh\\u00ed combo\",\"breadcrumb\":{\"@id\":\"https:\/\/maynenkhithuanphat.com.vn\/?page_id=2767#breadcrumb\"},\"inLanguage\":\"vi\",\"potentialAction\":[{\"@type\":\"ReadAction\",\"target\":[\"https:\/\/maynenkhithuanphat.com.vn\/?page_id=2767\"]}]},{\"@type\":\"BreadcrumbList\",\"@id\":\"https:\/\/maynenkhithuanphat.com.vn\/?page_id=2767#breadcrumb\",\"itemListElement\":[{\"@type\":\"ListItem\",\"position\":1,\"name\":\"Trang ch\\u1ee7\",\"item\":\"https:\/\/maynenkhithuanphat.com.vn\/\"},{\"@type\":\"ListItem\",\"position\":2,\"name\":\"CATALOGUE\"}]}]}<\/script>\n<!-- \/ Yoast SEO plugin. -->","_links":{"self":[{"href":"https:\/\/maynenkhithuanphat.com.vn\/index.php?rest_route=\/wp\/v2\/pages\/2767"}],"collection":[{"href":"https:\/\/maynenkhithuanphat.com.vn\/index.php?rest_route=\/wp\/v2\/pages"}],"about":[{"href":"https:\/\/maynenkhithuanphat.com.vn\/index.php?rest_route=\/wp\/v2\/types\/page"}],"author":[{"embeddable":true,"href":"https:\/\/maynenkhithuanphat.com.vn\/index.php?rest_route=\/wp\/v2\/users\/1"}],"replies":[{"embeddable":true,"href":"https:\/\/maynenkhithuanphat.com.vn\/index.php?rest_route=%2Fwp%2Fv2%2Fcomments&post=2767"}],"version-history":[{"count":21,"href":"https:\/\/maynenkhithuanphat.com.vn\/index.php?rest_route=\/wp\/v2\/pages\/2767\/revisions"}],"predecessor-version":[{"id":2815,"href":"https:\/\/maynenkhithuanphat.com.vn\/index.php?rest_route=\/wp\/v2\/pages\/2767\/revisions\/2815"}],"wp:featuredmedia":[{"embeddable":true,"href":"https:\/\/maynenkhithuanphat.com.vn\/index.php?rest_route=\/wp\/v2\/media\/2706"}],"wp:attachment":[{"href":"https:\/\/maynenkhithuanphat.com.vn\/index.php?rest_route=%2Fwp%2Fv2%2Fmedia&parent=2767"}],"curies":[{"name":"wp","href":"https:\/\/api.w.org\/{rel}","templated":true}]}}