{"id":1366,"date":"2018-04-11T03:40:04","date_gmt":"2018-04-11T03:40:04","guid":{"rendered":"http:\/\/maynenkhithuanphat.com.vn\/?page_id=1366"},"modified":"2022-12-17T10:10:33","modified_gmt":"2022-12-17T10:10:33","slug":"dich-vu-cho-thue-may-nen-khi","status":"publish","type":"page","link":"https:\/\/maynenkhithuanphat.com.vn\/?page_id=1366","title":{"rendered":"D\u1ecaCH V\u1ee4"},"content":{"rendered":"[vc_row el_id=&#8221;1523418043181-588166bd-72b4&#8243;][vc_column][vc_custom_heading text=&#8221;D\u1ecaCH V\u1ee4&#8221; font_container=&#8221;tag:h2|text_align:center&#8221; css_animation=&#8221;bounceIn&#8221;][\/vc_column][\/vc_row][vc_row el_id=&#8221;1523418082660-c5f55994-63dc&#8221;][vc_column][vc_column_text]<b>C\u00f4ng ty TNHH Ph\u00e1t Tri\u1ec3n XNK Thu\u1eadn Ph\u00e1t<\/b> chuy\u00ean cung c\u1ea5p, cho thu\u00ea v\u00e0 b\u1ea3o tr\u00ec h\u1ec7 th\u1ed1ng<a href=\"http:\/\/maynenkhithuanphat.com.vn\/san-pham\/\">&nbsp;m\u00e1y&nbsp;n\u00e9n&nbsp;kh\u00ed c\u00f4ng nghi\u1ec7p<\/a>&nbsp;ti\u1ebft ki\u1ec7m \u0111i\u1ec7n n\u0103ng, cung c\u1ea5p c\u00e1c gi\u1ea3i ph\u00e1p ti\u1ebft ki\u1ec7m \u0111i\u1ec7n n\u0103ng chuy\u00ean nghi\u1ec7p to\u00e0n qu\u1ed1c.<\/p>\n<p><a href=\"http:\/\/maynenkhithuanphat.com.vn\/san-pham\/\">M\u00e1y&nbsp;n\u00e9n&nbsp;kh\u00ed tr\u1ee5c v\u00edt&nbsp;<\/a>AirHorse \u0111\u01b0\u1ee3c s\u1ea3n xu\u1ea5t v\u00e0 l\u1eafp r\u00e1p theo ti\u00eau chu\u1ea9n c\u00f4ng ngh\u1ec7 li\u00ean bang \u0110\u1ee9c, b\u1ed9 ph\u1eadn ch\u00ednh c\u1ee7a&nbsp;m\u00e1y \u0111\u01b0\u1ee3c nh\u1eadp kh\u1ea9u t\u1eeb ch\u00e2u \u00c2u, k\u1ebft c\u1ea5u m\u00e1y ch\u1eafc ch\u1eafn, ch\u1ea1y \u00eam v\u00e0 \u1ed5n \u0111\u1ecbnh. V\u00ec v\u1eady, t\u00ednh n\u0103ng c\u1ee7a&nbsp;m\u00e1y&nbsp;c\u00f3 ch\u1ec9 ti\u00eau \u0111\u1ed3ng b\u1ed9 v\u1edbi ti\u00eau chu\u1ea9n&nbsp;m\u00e1y&nbsp;ch\u00e2u \u00c2u, \u0111\u1ed3ng th\u1eddi thi\u1ebft k\u1ebf&nbsp;m\u00e1y&nbsp;ph\u00f9 h\u1ee3p v\u1edbi th\u1eddi ti\u1ebft c\u1ee7a Vi\u1ec7t Nam, \u0111\u1ea3m b\u1ea3o&nbsp;m\u00e1y&nbsp;ho\u1ea1t \u0111\u1ed9ng \u1ed5n \u0111\u1ecbnh, duy tr\u00ec nhi\u1ec7t \u0111\u1ed9&nbsp;m\u00e1y&nbsp;t\u1eeb 75-88oC ngay c\u1ea3 \u1edf m\u00f4i tr\u01b0\u1eddng kh\u1eafc nghi\u1ec7t b\u1ee5i b\u1ea9n, nhi\u1ec7t \u0111\u1ed9 cao.<\/p>\n<p>&nbsp;[\/vc_column_text][vc_hoverbox image=&#8221;2522&#8243; primary_title=&#8221;&#8221; hover_title=&#8221;&#8221; shape=&#8221;square&#8221; css_animation=&#8221;none&#8221; use_custom_fonts_primary_title=&#8221;true&#8221;]<img decoding=\"async\" loading=\"lazy\" class=\"alignnone size-medium wp-image-2680\" src=\"https:\/\/maynenkhithuanphat.com.vn\/wp-content\/uploads\/2022\/08\/e9ee1aad453ba165f82a-300x225.jpg\" alt=\"\" width=\"300\" height=\"225\" srcset=\"https:\/\/maynenkhithuanphat.com.vn\/wp-content\/uploads\/2022\/08\/e9ee1aad453ba165f82a-300x225.jpg 300w, https:\/\/maynenkhithuanphat.com.vn\/wp-content\/uploads\/2022\/08\/e9ee1aad453ba165f82a-510x383.jpg 510w, https:\/\/maynenkhithuanphat.com.vn\/wp-content\/uploads\/2022\/08\/e9ee1aad453ba165f82a-1024x768.jpg 1024w, https:\/\/maynenkhithuanphat.com.vn\/wp-content\/uploads\/2022\/08\/e9ee1aad453ba165f82a-768x576.jpg 768w, https:\/\/maynenkhithuanphat.com.vn\/wp-content\/uploads\/2022\/08\/e9ee1aad453ba165f82a-50x38.jpg 50w, https:\/\/maynenkhithuanphat.com.vn\/wp-content\/uploads\/2022\/08\/e9ee1aad453ba165f82a.jpg 1280w\" sizes=\"(max-width: 300px) 100vw, 300px\" \/>[\/vc_hoverbox][\/vc_column][\/vc_row][vc_row el_id=&#8221;1660825971878-0b5721f3-b78c&#8221;][vc_column][vc_cta h2=&#8221;CHO THU\u00ca M\u00c1Y N\u00c9N KH\u00cd&#8221;]\n<ul>\n<li><em><strong>C\u00f4ng su\u1ea5t: 30hp-100hp<\/strong><\/em><\/li>\n<li><em><strong>M\u00e1y m\u1edbi 100%<\/strong><\/em><\/li>\n<li><em><strong>Th\u1eddi gian cho thu\u00ea: t\u1eeb 12 th\u00e1ng<\/strong><\/em><\/li>\n<\/ul>\n<p>&nbsp;[\/vc_cta][\/vc_column][\/vc_row][vc_row el_id=&#8221;1660826439574-652b9b2a-a009&#8243;][vc_column][vc_hoverbox image=&#8221;2672&#8243; primary_title=&#8221;&#8221; hover_title=&#8221;&#8221; css_animation=&#8221;fadeIn&#8221;]<img decoding=\"async\" loading=\"lazy\" class=\"alignnone size-medium wp-image-2683\" src=\"https:\/\/maynenkhithuanphat.com.vn\/wp-content\/uploads\/2022\/08\/f8935de12aebd7b58efa-300x225.jpg\" alt=\"\" width=\"300\" height=\"225\" srcset=\"https:\/\/maynenkhithuanphat.com.vn\/wp-content\/uploads\/2022\/08\/f8935de12aebd7b58efa-300x225.jpg 300w, https:\/\/maynenkhithuanphat.com.vn\/wp-content\/uploads\/2022\/08\/f8935de12aebd7b58efa-510x383.jpg 510w, https:\/\/maynenkhithuanphat.com.vn\/wp-content\/uploads\/2022\/08\/f8935de12aebd7b58efa-1024x768.jpg 1024w, https:\/\/maynenkhithuanphat.com.vn\/wp-content\/uploads\/2022\/08\/f8935de12aebd7b58efa-768x576.jpg 768w, https:\/\/maynenkhithuanphat.com.vn\/wp-content\/uploads\/2022\/08\/f8935de12aebd7b58efa-1536x1152.jpg 1536w, https:\/\/maynenkhithuanphat.com.vn\/wp-content\/uploads\/2022\/08\/f8935de12aebd7b58efa-50x38.jpg 50w, https:\/\/maynenkhithuanphat.com.vn\/wp-content\/uploads\/2022\/08\/f8935de12aebd7b58efa.jpg 2048w\" sizes=\"(max-width: 300px) 100vw, 300px\" \/>[\/vc_hoverbox][\/vc_column][\/vc_row][vc_row el_id=&#8221;1660826733662-33a3b272-d9ff&#8221;][vc_column][vc_cta h2=&#8221;D\u1ecaCH V\u1ee4 B\u1ea2O TR\u00cc&#8221;]<strong>\u0110\u1ed9i ng\u0169 k\u1ef9 thu\u1eadt gi\u00e0u kinh nghi\u1ec7m v\u00e0 t\u1eadn t\u00e2m, gi\u00fap kh\u00e1ch h\u00e0ng y\u00ean t\u00e2m trong su\u1ed1t qu\u00e1 tr\u00ecnh s\u1eed d\u1ee5ng m\u00e1y.<\/strong>[\/vc_cta][\/vc_column][\/vc_row][vc_row el_id=&#8221;1660827103582-4a7b229b-1eb3&#8243;][vc_column][vc_hoverbox image=&#8221;2676&#8243; primary_title=&#8221;&#8221; hover_title=&#8221;&#8221;]<img decoding=\"async\" loading=\"lazy\" class=\"alignnone size-medium wp-image-2684\" src=\"https:\/\/maynenkhithuanphat.com.vn\/wp-content\/uploads\/2022\/08\/8cebadb5de6624387d77-225x300.jpg\" alt=\"\" width=\"225\" height=\"300\" srcset=\"https:\/\/maynenkhithuanphat.com.vn\/wp-content\/uploads\/2022\/08\/8cebadb5de6624387d77-225x300.jpg 225w, https:\/\/maynenkhithuanphat.com.vn\/wp-content\/uploads\/2022\/08\/8cebadb5de6624387d77-510x680.jpg 510w, https:\/\/maynenkhithuanphat.com.vn\/wp-content\/uploads\/2022\/08\/8cebadb5de6624387d77-768x1024.jpg 768w, https:\/\/maynenkhithuanphat.com.vn\/wp-content\/uploads\/2022\/08\/8cebadb5de6624387d77-38x50.jpg 38w, https:\/\/maynenkhithuanphat.com.vn\/wp-content\/uploads\/2022\/08\/8cebadb5de6624387d77.jpg 960w\" sizes=\"(max-width: 225px) 100vw, 225px\" \/>[\/vc_hoverbox][\/vc_column][\/vc_row][vc_row el_id=&#8221;1660827307838-e62aacbf-a764&#8243;][vc_column][vc_cta h2=&#8221;THI\u1ebeT K\u1ebe, THI C\u00d4NG \u0110\u01af\u1edcNG \u1ed0NG KH\u00cd&#8221;]<strong>T\u01b0 v\u1ea5n, thi\u1ebft k\u1ebf t\u1ed1i \u01b0u cho h\u1ec7 th\u1ed1ng \u1ed1ng d\u1eabn kh\u00ed trong nh\u00e0 m\u00e1y<\/strong><\/p>\n<p><\/p>\n\n\n<p><\/p>\n\n\n\n<div class=\"is-layout-constrained wp-block-group\"><\/div>\n","protected":false},"excerpt":{"rendered":"[vc_row el_id=&#8221;1523418043181-588166bd-72b4&#8243;][vc_column][vc_custom_heading text=&#8221;D\u1ecaCH V\u1ee4&#8221; font_container=&#8221;tag:h2|text_align:center&#8221; css_animation=&#8221;bounceIn&#8221;][\/vc_column][\/vc_row][vc_row el_id=&#8221;1523418082660-c5f55994-63dc&#8221;][vc_column][vc_column_text]C\u00f4ng ty TNHH Ph\u00e1t Tri\u1ec3n XNK Thu\u1eadn Ph\u00e1t chuy\u00ean cung c\u1ea5p, cho thu\u00ea v\u00e0 b\u1ea3o tr\u00ec h\u1ec7 th\u1ed1ng&nbsp;m\u00e1y&nbsp;n\u00e9n&nbsp;kh\u00ed c\u00f4ng nghi\u1ec7p&nbsp;ti\u1ebft ki\u1ec7m \u0111i\u1ec7n n\u0103ng, cung c\u1ea5p c\u00e1c gi\u1ea3i ph\u00e1p ti\u1ebft ki\u1ec7m \u0111i\u1ec7n n\u0103ng chuy\u00ean nghi\u1ec7p to\u00e0n qu\u1ed1c. M\u00e1y&nbsp;n\u00e9n&nbsp;kh\u00ed tr\u1ee5c v\u00edt&nbsp;AirHorse \u0111\u01b0\u1ee3c s\u1ea3n xu\u1ea5t v\u00e0 l\u1eafp r\u00e1p theo ti\u00eau chu\u1ea9n c\u00f4ng [&#8230;]\n","protected":false},"author":1,"featured_media":2516,"parent":0,"menu_order":0,"comment_status":"closed","ping_status":"closed","template":"","meta":[],"yoast_head":"<!-- This site is optimized with the Yoast SEO plugin v16.5 - https:\/\/yoast.com\/wordpress\/plugins\/seo\/ -->\n<title>D\u1ecaCH V\u1ee4 cho thu\u00ea m\u00e1y n\u00e9n kh\u00ed tr\u1ee5c v\u00edt t\u1eeb 8 tri\u1ec7u\/th\u00e1ng<\/title>\n<meta name=\"description\" content=\"D\u1ecaCH V\u1ee4 Thu\u1eadn Ph\u00e1t cung c\u1ea5p d\u1ecbch v\u1ee5 b\u1ea3o tr\u00ec b\u1ea3o d\u01b0\u1ee1ng m\u00e1y n\u00e9n kh\u00ed, thi\u1ebft k\u1ebf h\u1ec7 th\u1ed1ng \u0111\u01b0\u1eddng \u1ed1ng d\u1eabn kh\u00ed, v\u00e0 d\u1ecbch v\u1ee5 cho thu\u00ea m\u00e1y n\u00e9n kh\u00ed m\u1edbi.\" \/>\n<meta name=\"robots\" content=\"index, follow, max-snippet:-1, max-image-preview:large, max-video-preview:-1\" \/>\n<link rel=\"canonical\" href=\"https:\/\/maynenkhithuanphat.com.vn\/?page_id=1366\" \/>\n<meta property=\"og:locale\" content=\"vi_VN\" \/>\n<meta property=\"og:type\" content=\"article\" \/>\n<meta property=\"og:title\" content=\"D\u1ecaCH V\u1ee4 cho thu\u00ea m\u00e1y n\u00e9n kh\u00ed tr\u1ee5c v\u00edt t\u1eeb 8 tri\u1ec7u\/th\u00e1ng\" \/>\n<meta property=\"og:description\" content=\"D\u1ecaCH V\u1ee4 Thu\u1eadn Ph\u00e1t cung c\u1ea5p d\u1ecbch v\u1ee5 b\u1ea3o tr\u00ec b\u1ea3o d\u01b0\u1ee1ng m\u00e1y n\u00e9n kh\u00ed, thi\u1ebft k\u1ebf h\u1ec7 th\u1ed1ng \u0111\u01b0\u1eddng \u1ed1ng d\u1eabn kh\u00ed, v\u00e0 d\u1ecbch v\u1ee5 cho thu\u00ea m\u00e1y n\u00e9n kh\u00ed m\u1edbi.\" \/>\n<meta property=\"og:url\" content=\"https:\/\/maynenkhithuanphat.com.vn\/?page_id=1366\" \/>\n<meta property=\"og:site_name\" content=\"M\u00e1y N\u00e9n Kh\u00ed Thu\u1eadn Ph\u00e1t\" \/>\n<meta property=\"article:publisher\" content=\"https:\/\/www.facebook.com\/phat.thuan.370177\/\" \/>\n<meta property=\"article:modified_time\" content=\"2022-12-17T10:10:33+00:00\" \/>\n<meta property=\"og:image\" content=\"https:\/\/maynenkhithuanphat.com.vn\/wp-content\/uploads\/2019\/07\/maynenkhi75hp-1.jpg\" \/>\n\t<meta property=\"og:image:width\" content=\"2560\" \/>\n\t<meta property=\"og:image:height\" content=\"1920\" \/>\n<meta name=\"twitter:card\" content=\"summary_large_image\" \/>\n<meta name=\"twitter:label1\" content=\"\u01af\u1edbc t\u00ednh th\u1eddi gian \u0111\u1ecdc\" \/>\n\t<meta name=\"twitter:data1\" content=\"2 ph\u00fat\" \/>\n<script type=\"application\/ld+json\" class=\"yoast-schema-graph\">{\"@context\":\"https:\/\/schema.org\",\"@graph\":[{\"@type\":\"Organization\",\"@id\":\"https:\/\/maynenkhithuanphat.com.vn\/#organization\",\"name\":\"C\\u00f4ng ty TNHH PT XNK Thu\\u1eadn Ph\\u00e1t\",\"url\":\"https:\/\/maynenkhithuanphat.com.vn\/\",\"sameAs\":[\"https:\/\/www.facebook.com\/phat.thuan.370177\/\",\"https:\/\/www.instagram.com\/phat.thuan.370177\/\",\"https:\/\/www.youtube.com\/channel\/UCWRaaKUOooP_xTqnN5ds1eg\/featured\",\"https:\/\/www.pinterest.com\/maynenkhithuanphat\/_created\/\"],\"logo\":{\"@type\":\"ImageObject\",\"@id\":\"https:\/\/maynenkhithuanphat.com.vn\/#logo\",\"inLanguage\":\"vi\",\"url\":\"https:\/\/maynenkhithuanphat.com.vn\/wp-content\/uploads\/2018\/05\/logo-1.png\",\"contentUrl\":\"https:\/\/maynenkhithuanphat.com.vn\/wp-content\/uploads\/2018\/05\/logo-1.png\",\"width\":500,\"height\":104,\"caption\":\"C\\u00f4ng ty TNHH PT XNK Thu\\u1eadn Ph\\u00e1t\"},\"image\":{\"@id\":\"https:\/\/maynenkhithuanphat.com.vn\/#logo\"}},{\"@type\":\"WebSite\",\"@id\":\"https:\/\/maynenkhithuanphat.com.vn\/#website\",\"url\":\"https:\/\/maynenkhithuanphat.com.vn\/\",\"name\":\"M\\u00e1y N\\u00e9n Kh\\u00ed Thu\\u1eadn Ph\\u00e1t\",\"description\":\"\",\"publisher\":{\"@id\":\"https:\/\/maynenkhithuanphat.com.vn\/#organization\"},\"potentialAction\":[{\"@type\":\"SearchAction\",\"target\":\"https:\/\/maynenkhithuanphat.com.vn\/?s={search_term_string}\",\"query-input\":\"required name=search_term_string\"}],\"inLanguage\":\"vi\"},{\"@type\":\"ImageObject\",\"@id\":\"https:\/\/maynenkhithuanphat.com.vn\/?page_id=1366#primaryimage\",\"inLanguage\":\"vi\",\"url\":\"https:\/\/maynenkhithuanphat.com.vn\/wp-content\/uploads\/2019\/07\/maynenkhi75hp-1.jpg\",\"contentUrl\":\"https:\/\/maynenkhithuanphat.com.vn\/wp-content\/uploads\/2019\/07\/maynenkhi75hp-1.jpg\",\"width\":2560,\"height\":1920,\"caption\":\"may nen khi truc vit 75hp\"},{\"@type\":\"WebPage\",\"@id\":\"https:\/\/maynenkhithuanphat.com.vn\/?page_id=1366#webpage\",\"url\":\"https:\/\/maynenkhithuanphat.com.vn\/?page_id=1366\",\"name\":\"D\\u1ecaCH V\\u1ee4 cho thu\\u00ea m\\u00e1y n\\u00e9n kh\\u00ed tr\\u1ee5c v\\u00edt t\\u1eeb 8 tri\\u1ec7u\/th\\u00e1ng\",\"isPartOf\":{\"@id\":\"https:\/\/maynenkhithuanphat.com.vn\/#website\"},\"primaryImageOfPage\":{\"@id\":\"https:\/\/maynenkhithuanphat.com.vn\/?page_id=1366#primaryimage\"},\"datePublished\":\"2018-04-11T03:40:04+00:00\",\"dateModified\":\"2022-12-17T10:10:33+00:00\",\"description\":\"D\\u1ecaCH V\\u1ee4 Thu\\u1eadn Ph\\u00e1t cung c\\u1ea5p d\\u1ecbch v\\u1ee5 b\\u1ea3o tr\\u00ec b\\u1ea3o d\\u01b0\\u1ee1ng m\\u00e1y n\\u00e9n kh\\u00ed, thi\\u1ebft k\\u1ebf h\\u1ec7 th\\u1ed1ng \\u0111\\u01b0\\u1eddng \\u1ed1ng d\\u1eabn kh\\u00ed, v\\u00e0 d\\u1ecbch v\\u1ee5 cho thu\\u00ea m\\u00e1y n\\u00e9n kh\\u00ed m\\u1edbi.\",\"breadcrumb\":{\"@id\":\"https:\/\/maynenkhithuanphat.com.vn\/?page_id=1366#breadcrumb\"},\"inLanguage\":\"vi\",\"potentialAction\":[{\"@type\":\"ReadAction\",\"target\":[\"https:\/\/maynenkhithuanphat.com.vn\/?page_id=1366\"]}]},{\"@type\":\"BreadcrumbList\",\"@id\":\"https:\/\/maynenkhithuanphat.com.vn\/?page_id=1366#breadcrumb\",\"itemListElement\":[{\"@type\":\"ListItem\",\"position\":1,\"name\":\"Trang ch\\u1ee7\",\"item\":\"https:\/\/maynenkhithuanphat.com.vn\/\"},{\"@type\":\"ListItem\",\"position\":2,\"name\":\"D\\u1ecaCH V\\u1ee4\"}]}]}<\/script>\n<!-- \/ Yoast SEO plugin. -->","_links":{"self":[{"href":"https:\/\/maynenkhithuanphat.com.vn\/index.php?rest_route=\/wp\/v2\/pages\/1366"}],"collection":[{"href":"https:\/\/maynenkhithuanphat.com.vn\/index.php?rest_route=\/wp\/v2\/pages"}],"about":[{"href":"https:\/\/maynenkhithuanphat.com.vn\/index.php?rest_route=\/wp\/v2\/types\/page"}],"author":[{"embeddable":true,"href":"https:\/\/maynenkhithuanphat.com.vn\/index.php?rest_route=\/wp\/v2\/users\/1"}],"replies":[{"embeddable":true,"href":"https:\/\/maynenkhithuanphat.com.vn\/index.php?rest_route=%2Fwp%2Fv2%2Fcomments&post=1366"}],"version-history":[{"count":24,"href":"https:\/\/maynenkhithuanphat.com.vn\/index.php?rest_route=\/wp\/v2\/pages\/1366\/revisions"}],"predecessor-version":[{"id":2784,"href":"https:\/\/maynenkhithuanphat.com.vn\/index.php?rest_route=\/wp\/v2\/pages\/1366\/revisions\/2784"}],"wp:featuredmedia":[{"embeddable":true,"href":"https:\/\/maynenkhithuanphat.com.vn\/index.php?rest_route=\/wp\/v2\/media\/2516"}],"wp:attachment":[{"href":"https:\/\/maynenkhithuanphat.com.vn\/index.php?rest_route=%2Fwp%2Fv2%2Fmedia&parent=1366"}],"curies":[{"name":"wp","href":"https:\/\/api.w.org\/{rel}","templated":true}]}}